{"id":885,"date":"2022-10-27T17:50:53","date_gmt":"2022-10-27T17:50:53","guid":{"rendered":"https:\/\/portaldiadia.com\/?page_id=885"},"modified":"2022-10-27T17:50:53","modified_gmt":"2022-10-27T17:50:53","slug":"tu-choi-trach-nhiem","status":"publish","type":"page","link":"https:\/\/portaldiadia.com\/vi\/tu-choi-trach-nhiem\/","title":{"rendered":"Tuy\u00ean b\u1ed1 mi\u1ec5n tr\u1eeb tr\u00e1ch nhi\u1ec7m"},"content":{"rendered":"<p><strong>Ch\u00fa \u00fd:<\/strong> Portal Dia Dia kh\u00f4ng y\u00eau c\u1ea7u ti\u1ec1n t\u1eeb ng\u01b0\u1eddi d\u00f9ng. V\u00ec v\u1eady, n\u1ebfu b\u1ea1n \u0111ang duy\u1ec7t trang web v\u00e0 m\u1ed9t c\u1eeda s\u1ed5 xu\u1ea5t hi\u1ec7n y\u00eau c\u1ea7u b\u1ea1n l\u00e0m nh\u01b0 v\u1eady, vui l\u00f2ng cho ch\u00fang t\u00f4i bi\u1ebft v\u00e0 \u0111\u00f3ng trang web ngay l\u1eadp t\u1ee9c.<\/p>\n<p><strong>B\u00ecnh lu\u1eadn:<\/strong> Portal Dia Dia l\u00e0 m\u1ed9t trang web cung c\u1ea5p th\u00f4ng tin lu\u00f4n mong mu\u1ed1n cung c\u1ea5p n\u1ed9i dung ch\u1ea5t l\u01b0\u1ee3ng cho ng\u01b0\u1eddi d\u00f9ng. Tuy nhi\u00ean, v\u1edbi t\u1ed1c \u0111\u1ed9 thay \u0111\u1ed5i th\u00f4ng tin, m\u1ed9t s\u1ed1 b\u00e0i vi\u1ebft c\u00f3 th\u1ec3 b\u1ecb l\u1ed7i th\u1eddi.<\/p>\n<p>M\u1eb7c d\u00f9 ch\u00fang t\u00f4i c\u1ed1 g\u1eafng c\u1eadp nh\u1eadt trang web c\u1ee7a m\u00ecnh nh\u01b0ng ch\u00fang t\u00f4i kh\u00f4ng ch\u1ecbu tr\u00e1ch nhi\u1ec7m n\u1ebfu c\u00f3 \u0111i\u1ec1u g\u00ec \u0111\u00f3 kh\u00e1c bi\u1ec7t so v\u1edbi c\u00e1c trang web kh\u00e1c.<\/p>\n<p><strong>\u0110\u1ed1i t\u00e1c:<\/strong> Ngu\u1ed3n thu nh\u1eadp ch\u00ednh c\u1ee7a Portal Dia Dia l\u00e0 th\u00f4ng qua qu\u1ea3ng c\u00e1o. Th\u00f4ng qua c\u00e1c \u0111\u1ed1i t\u00e1c qu\u1ea3ng c\u00e1o, trang web ki\u1ebfm \u0111\u01b0\u1ee3c m\u1ed9t ph\u1ea7n l\u1ee3i nhu\u1eadn. Tuy nhi\u00ean, ph\u1ea3i l\u00e0m r\u00f5 r\u1eb1ng ch\u00fang t\u00f4i kh\u00f4ng ch\u1ecbu tr\u00e1ch nhi\u1ec7m v\u1ec1 c\u00e1c qu\u1ea3ng c\u00e1o xu\u1ea5t hi\u1ec7n tr\u00ean trang web n\u00e0y.<\/p>\n<p><strong>C\u00e2n nh\u1eafc:<\/strong> N\u1ebfu b\u1ea1n c\u1ea7n th\u00f4ng tin ch\u1ea5t l\u01b0\u1ee3ng, h\u00e3y nh\u1edb t\u00ecm Dia Dia Portal \u0111\u1ec3 bi\u1ebft th\u00f4ng tin \u0111\u00f3. Tuy nhi\u00ean, h\u00e3y nh\u1edb r\u1eb1ng c\u00e1c b\u00e0i vi\u1ebft kh\u00f4ng ph\u1ea3i l\u00fac n\u00e0o c\u0169ng \u0111\u01b0\u1ee3c c\u1eadp nh\u1eadt. Do \u0111\u00f3, n\u1ebfu b\u1ea1n c\u1ea7n n\u1ed9i dung c\u1eadp nh\u1eadt, h\u00e3y t\u00ecm trang web ch\u00ednh th\u1ee9c.<\/p>","protected":false},"excerpt":{"rendered":"<p>L\u01b0u \u00fd: Portal Dia Dia kh\u00f4ng y\u00eau c\u1ea7u ng\u01b0\u1eddi d\u00f9ng tr\u1ea3 ti\u1ec1n. Do \u0111\u00f3, n\u1ebfu b\u1ea1n \u0111ang duy\u1ec7t trang web v\u00e0 m\u1ed9t c\u1eeda s\u1ed5 xu\u1ea5t hi\u1ec7n y\u00eau c\u1ea7u b\u1ea1n l\u00e0m nh\u01b0 v\u1eady, h\u00e3y cho ch\u00fang t\u00f4i bi\u1ebft v\u00e0 \u0111\u00f3ng trang web ngay l\u1eadp t\u1ee9c. L\u01b0u \u00fd: Portal Dia Dia l\u00e0 m\u1ed9t trang web th\u00f4ng tin lu\u00f4n mu\u1ed1n cung c\u1ea5p n\u1ed9i dung ch\u1ea5t l\u01b0\u1ee3ng cho ng\u01b0\u1eddi d\u00f9ng. Tuy nhi\u00ean, v\u1edbi [\u2026]<\/p>","protected":false},"author":1,"featured_media":0,"parent":0,"menu_order":0,"comment_status":"closed","ping_status":"closed","template":"","meta":{"footnotes":""},"class_list":["post-885","page","type-page","status-publish"],"_links":{"self":[{"href":"https:\/\/portaldiadia.com\/vi\/wp-json\/wp\/v2\/pages\/885","targetHints":{"allow":["GET"]}}],"collection":[{"href":"https:\/\/portaldiadia.com\/vi\/wp-json\/wp\/v2\/pages"}],"about":[{"href":"https:\/\/portaldiadia.com\/vi\/wp-json\/wp\/v2\/types\/page"}],"author":[{"embeddable":true,"href":"https:\/\/portaldiadia.com\/vi\/wp-json\/wp\/v2\/users\/1"}],"replies":[{"embeddable":true,"href":"https:\/\/portaldiadia.com\/vi\/wp-json\/wp\/v2\/comments?post=885"}],"version-history":[{"count":0,"href":"https:\/\/portaldiadia.com\/vi\/wp-json\/wp\/v2\/pages\/885\/revisions"}],"wp:attachment":[{"href":"https:\/\/portaldiadia.com\/vi\/wp-json\/wp\/v2\/media?parent=885"}],"curies":[{"name":"wp","href":"https:\/\/api.w.org\/{rel}","templated":true}]}}