{"id":687,"date":"2022-07-26T19:04:11","date_gmt":"2022-07-26T19:04:11","guid":{"rendered":"https:\/\/portaldiadia.com\/?page_id=687"},"modified":"2022-10-27T15:24:45","modified_gmt":"2022-10-27T15:24:45","slug":"chung-toi-la-ai","status":"publish","type":"page","link":"https:\/\/portaldiadia.com\/vi\/chung-toi-la-ai\/","title":{"rendered":"Ch\u00fang ta l\u00e0 ai"},"content":{"rendered":"<p>Ch\u00fang t\u00f4i l\u00e0 Portal Dia Dia v\u00e0 ch\u00fang t\u00f4i t\u1eadp trung v\u00e0o vi\u1ec7c mang \u0111\u1ebfn cho b\u1ea1n n\u1ed9i dung ch\u1ea5t l\u01b0\u1ee3ng! S\u1ee9 m\u1ec7nh c\u1ee7a ch\u00fang t\u00f4i l\u00e0 mang ki\u1ebfn th\u1ee9c \u0111\u1ebfn m\u1ecdi n\u01a1i tr\u00ean th\u1ebf gi\u1edbi b\u1eb1ng c\u00e1ch t\u1eadn d\u1ee5ng c\u00f4ng ngh\u1ec7.<\/p>\n<p>Nh\u00f3m c\u1ee7a ch\u00fang t\u00f4i bao g\u1ed3m c\u00e1c c\u00e2y b\u00fat c\u00f3 ki\u1ebfn th\u1ee9c chuy\u00ean s\u00e2u v\u1ec1 c\u00e1c ch\u1ee7 \u0111\u1ec1 v\u00e0 danh m\u1ee5c m\u00e0 ch\u00fang t\u00f4i gi\u1edbi thi\u1ec7u tr\u00ean trang web.<\/p>\n<p>Do \u0111\u00f3, b\u1eb1ng c\u00e1ch theo d\u00f5i trang web c\u1ee7a ch\u00fang t\u00f4i, b\u1ea1n s\u1ebd c\u00f3 th\u1ec3 thu th\u1eadp \u0111\u01b0\u1ee3c ki\u1ebfn th\u1ee9c li\u00ean quan \u0111\u1ebfn nhi\u1ec1u kh\u00eda c\u1ea1nh kh\u00e1c nhau, c\u1ea3 trong n\u01b0\u1edbc v\u00e0 to\u00e0n c\u1ea7u.<\/p>","protected":false},"excerpt":{"rendered":"<p>Ch\u00fang t\u00f4i l\u00e0 Portal Dia Dia v\u00e0 ch\u00fang t\u00f4i t\u1eadp trung v\u00e0o vi\u1ec7c mang \u0111\u1ebfn cho b\u1ea1n n\u1ed9i dung ch\u1ea5t l\u01b0\u1ee3ng! S\u1ee9 m\u1ec7nh c\u1ee7a ch\u00fang t\u00f4i l\u00e0 mang ki\u1ebfn th\u1ee9c \u0111\u1ebfn m\u1ecdi n\u01a1i tr\u00ean th\u1ebf gi\u1edbi b\u1eb1ng c\u00e1ch t\u1eadn d\u1ee5ng c\u00f4ng ngh\u1ec7. Nh\u00f3m c\u1ee7a ch\u00fang t\u00f4i bao g\u1ed3m c\u00e1c nh\u00e0 v\u0103n c\u00f3 ki\u1ebfn th\u1ee9c s\u00e2u r\u1ed9ng v\u1ec1 c\u00e1c ch\u1ee7 \u0111\u1ec1 v\u00e0 danh m\u1ee5c m\u00e0 ch\u00fang t\u00f4i \u0111\u01b0a l\u00ean trang web c\u1ee7a m\u00ecnh. Do \u0111\u00f3, khi theo d\u00f5i [\u2026]<\/p>","protected":false},"author":1,"featured_media":0,"parent":0,"menu_order":0,"comment_status":"closed","ping_status":"closed","template":"","meta":{"footnotes":""},"class_list":["post-687","page","type-page","status-publish"],"_links":{"self":[{"href":"https:\/\/portaldiadia.com\/vi\/wp-json\/wp\/v2\/pages\/687","targetHints":{"allow":["GET"]}}],"collection":[{"href":"https:\/\/portaldiadia.com\/vi\/wp-json\/wp\/v2\/pages"}],"about":[{"href":"https:\/\/portaldiadia.com\/vi\/wp-json\/wp\/v2\/types\/page"}],"author":[{"embeddable":true,"href":"https:\/\/portaldiadia.com\/vi\/wp-json\/wp\/v2\/users\/1"}],"replies":[{"embeddable":true,"href":"https:\/\/portaldiadia.com\/vi\/wp-json\/wp\/v2\/comments?post=687"}],"version-history":[{"count":0,"href":"https:\/\/portaldiadia.com\/vi\/wp-json\/wp\/v2\/pages\/687\/revisions"}],"wp:attachment":[{"href":"https:\/\/portaldiadia.com\/vi\/wp-json\/wp\/v2\/media?parent=687"}],"curies":[{"name":"wp","href":"https:\/\/api.w.org\/{rel}","templated":true}]}}