{"id":684,"date":"2022-07-26T18:59:40","date_gmt":"2022-07-26T18:59:40","guid":{"rendered":"https:\/\/portaldiadia.com\/?page_id=684"},"modified":"2022-10-27T15:25:02","modified_gmt":"2022-10-27T15:25:02","slug":"dieu-khoan-su-dung","status":"publish","type":"page","link":"https:\/\/portaldiadia.com\/vi\/dieu-khoan-su-dung\/","title":{"rendered":"\u0110i\u1ec1u kho\u1ea3n s\u1eed d\u1ee5ng"},"content":{"rendered":"<p>\u0110\u1ec3 b\u1ea1n ti\u1ebfp t\u1ee5c th\u01b0\u1edfng th\u1ee9c trang web c\u1ee7a ch\u00fang t\u00f4i, \u0111i\u1ec1u c\u1ea7n thi\u1ebft l\u00e0 b\u1ea1n ph\u1ea3i \u0111\u1ecdc v\u00e0 \u0111\u1ed3ng \u00fd v\u1edbi c\u00e1c \u0111i\u1ec1u kho\u1ea3n s\u1eed d\u1ee5ng c\u00f3 tr\u00ean trang n\u00e0y. B\u1eb1ng c\u00e1ch n\u00e0y, m\u1ed1i quan h\u1ec7 c\u1ee7a Portal Dia Dia v\u1edbi b\u1ea1n s\u1ebd \u0111\u01b0\u1ee3c \u0111i\u1ec1u ch\u1ec9nh b\u1edfi c\u00e1c quy t\u1eafc r\u00f5 r\u00e0ng.<\/p>\n<p>N\u1ebfu b\u1ea1n kh\u00f4ng \u0111\u1ed3ng \u00fd v\u1edbi b\u1ea5t k\u1ef3 ph\u1ea7n n\u00e0o trong c\u00e1c \u0111i\u1ec1u kho\u1ea3n v\u00e0 \u0111i\u1ec1u ki\u1ec7n n\u00e0y, vui l\u00f2ng kh\u00f4ng s\u1eed d\u1ee5ng trang web c\u1ee7a ch\u00fang t\u00f4i.<\/p>\n<p>D\u01b0\u1edbi \u0111\u00e2y b\u1ea1n s\u1ebd t\u00ecm th\u1ea5y c\u00e1c \u0111i\u1ec1u kho\u1ea3n s\u1eed d\u1ee5ng c\u1ee7a Dia Dia Portal:<\/p>\n<ul>\n<li>N\u1ed9i dung tr\u00ean trang web c\u1ee7a ch\u00fang t\u00f4i c\u00f3 th\u1ec3 \u0111\u01b0\u1ee3c thay \u0111\u1ed5i b\u1ea5t k\u1ef3 ng\u00e0y n\u00e0o. H\u01a1n n\u1eefa, ch\u00fang ch\u1ec9 ph\u1ee5c v\u1ee5 nh\u01b0 th\u00f4ng tin chung.<\/li>\n<li>Ch\u00fang t\u00f4i kh\u00f4ng \u0111\u1ea3m b\u1ea3o v\u1ec1 t\u00e0i li\u1ec7u tr\u00ean trang web n\u00e0y. N\u00f3 c\u00f3 th\u1ec3 d\u1ec5 b\u1ecb l\u1ed7i v\u00e0 sai s\u00f3t. V\u00ec v\u1eady, vi\u1ec7c \u0111i\u1ec1u ch\u1ec9nh th\u00f4ng tin c\u00f3 th\u1ec3 \u0111\u01b0\u1ee3c th\u1ef1c hi\u1ec7n b\u1ea5t c\u1ee9 l\u00fac n\u00e0o.<\/li>\n<li>Vi\u1ec7c b\u1ea1n s\u1eed d\u1ee5ng b\u1ea5t k\u1ef3 th\u00f4ng tin ho\u1eb7c t\u00e0i li\u1ec7u n\u00e0o tr\u00ean trang web n\u00e0y ho\u00e0n to\u00e0n do b\u1ea1n t\u1ef1 ch\u1ecbu r\u1ee7i ro v\u00e0 ch\u00fang t\u00f4i s\u1ebd kh\u00f4ng ch\u1ecbu tr\u00e1ch nhi\u1ec7m ph\u00e1p l\u00fd.<\/li>\n<li>\u0110i\u1ec1u quan tr\u1ecdng l\u00e0 b\u1ea1n bi\u1ebft r\u1eb1ng c\u00e1c li\u00ean k\u1ebft \u0111\u1ebfn c\u00e1c trang web kh\u00e1c kh\u00f4ng ph\u1ea3i l\u00e0 tr\u00e1ch nhi\u1ec7m c\u1ee7a ch\u00fang t\u00f4i. Ch\u00fang \u0111\u01b0\u1ee3c t\u1ea1o ra ch\u1ec9 \u0111\u1ec3 b\u1ea1n c\u00f3 th\u00eam n\u1ed9i dung \u0111\u1ec3 duy\u1ec7t v\u00e0 do \u0111\u00f3 c\u00f3 \u0111\u01b0\u1ee3c nhi\u1ec1u th\u00f4ng tin h\u01a1n. Ch\u00fang t\u00f4i kh\u00f4ng ch\u1ecbu tr\u00e1ch nhi\u1ec7m v\u1ec1 n\u1ed9i dung c\u1ee7a (c\u00e1c) trang web \u0111\u01b0\u1ee3c li\u00ean k\u1ebft.<\/li>\n<\/ul>","protected":false},"excerpt":{"rendered":"<p>\u0110\u1ec3 b\u1ea1n c\u00f3 th\u1ec3 ti\u1ebfp t\u1ee5c t\u1eadn h\u01b0\u1edfng trang web c\u1ee7a ch\u00fang t\u00f4i, \u0111i\u1ec1u quan tr\u1ecdng l\u00e0 b\u1ea1n ph\u1ea3i \u0111\u1ecdc v\u00e0 \u0111\u1ed3ng \u00fd v\u1edbi c\u00e1c \u0111i\u1ec1u kho\u1ea3n s\u1eed d\u1ee5ng tr\u00ean trang n\u00e0y. Theo c\u00e1ch n\u00e0y, m\u1ed1i quan h\u1ec7 gi\u1eefa Portal Dia Dia v\u00e0 b\u1ea1n s\u1ebd \u0111\u01b0\u1ee3c \u0111i\u1ec1u ch\u1ec9nh b\u1edfi c\u00e1c quy t\u1eafc r\u00f5 r\u00e0ng. N\u1ebfu b\u1ea1n kh\u00f4ng \u0111\u1ed3ng \u00fd v\u1edbi b\u1ea5t k\u1ef3 ph\u1ea7n n\u00e0o trong c\u00e1c \u0111i\u1ec1u kho\u1ea3n v\u00e0 \u0111i\u1ec1u ki\u1ec7n n\u00e0y, vui l\u00f2ng kh\u00f4ng s\u1eed d\u1ee5ng trang web c\u1ee7a ch\u00fang t\u00f4i. D\u01b0\u1edbi \u0111\u00e2y [\u2026]<\/p>","protected":false},"author":1,"featured_media":0,"parent":0,"menu_order":0,"comment_status":"closed","ping_status":"closed","template":"","meta":{"footnotes":""},"class_list":["post-684","page","type-page","status-publish"],"_links":{"self":[{"href":"https:\/\/portaldiadia.com\/vi\/wp-json\/wp\/v2\/pages\/684","targetHints":{"allow":["GET"]}}],"collection":[{"href":"https:\/\/portaldiadia.com\/vi\/wp-json\/wp\/v2\/pages"}],"about":[{"href":"https:\/\/portaldiadia.com\/vi\/wp-json\/wp\/v2\/types\/page"}],"author":[{"embeddable":true,"href":"https:\/\/portaldiadia.com\/vi\/wp-json\/wp\/v2\/users\/1"}],"replies":[{"embeddable":true,"href":"https:\/\/portaldiadia.com\/vi\/wp-json\/wp\/v2\/comments?post=684"}],"version-history":[{"count":0,"href":"https:\/\/portaldiadia.com\/vi\/wp-json\/wp\/v2\/pages\/684\/revisions"}],"wp:attachment":[{"href":"https:\/\/portaldiadia.com\/vi\/wp-json\/wp\/v2\/media?parent=684"}],"curies":[{"name":"wp","href":"https:\/\/api.w.org\/{rel}","templated":true}]}}