{"id":676,"date":"2022-07-26T18:41:20","date_gmt":"2022-07-26T18:41:20","guid":{"rendered":"https:\/\/portaldiadia.com\/?page_id=676"},"modified":"2023-06-28T02:35:58","modified_gmt":"2023-06-28T02:35:58","slug":"chinh-sach-bao-mat","status":"publish","type":"page","link":"https:\/\/portaldiadia.com\/vi\/chinh-sach-bao-mat\/","title":{"rendered":"Ch\u00ednh s\u00e1ch b\u1ea3o m\u1eadt"},"content":{"rendered":"<p>Ch\u00ednh s\u00e1ch quy\u1ec1n ri\u00eang t\u01b0 n\u00e0y thi\u1ebft l\u1eadp c\u00e1c \u0111i\u1ec1u kho\u1ea3n m\u00e0 Portal Dia Dia s\u1eed d\u1ee5ng v\u00e0 b\u1ea3o v\u1ec7 th\u00f4ng tin do ng\u01b0\u1eddi d\u00f9ng cung c\u1ea5p khi s\u1eed d\u1ee5ng trang web c\u1ee7a m\u00ecnh.<\/p>\n<p>C\u00f4ng ty n\u00e0y cam k\u1ebft b\u1ea3o m\u1eadt d\u1eef li\u1ec7u c\u1ee7a ng\u01b0\u1eddi d\u00f9ng.<\/p>\n<p>Tuy nhi\u00ean, Ch\u00ednh s\u00e1ch quy\u1ec1n ri\u00eang t\u01b0 n\u00e0y c\u00f3 th\u1ec3 thay \u0111\u1ed5i theo th\u1eddi gian ho\u1eb7c \u0111\u01b0\u1ee3c c\u1eadp nh\u1eadt, v\u00ec v\u1eady ch\u00fang t\u00f4i khuy\u00ean b\u1ea1n n\u00ean v\u00e0 nh\u1ea5n m\u1ea1nh vi\u1ec7c li\u00ean t\u1ee5c xem x\u00e9t trang n\u00e0y \u0111\u1ec3 \u0111\u1ea3m b\u1ea3o b\u1ea1n \u0111\u1ed3ng \u00fd v\u1edbi b\u1ea5t k\u1ef3 thay \u0111\u1ed5i n\u00e0o nh\u01b0 v\u1eady.<\/p>\n<h3>Qu\u1ea3ng c\u00e1o \u0111\u01b0\u1ee3c c\u00e1 nh\u00e2n h\u00f3a<\/h3>\n<p>Ng\u01b0\u1eddi d\u00f9ng c\u00f3 th\u1ec3 t\u1eeb ch\u1ed1i qu\u1ea3ng c\u00e1o \u0111\u01b0\u1ee3c c\u00e1 nh\u00e2n h\u00f3a b\u1eb1ng c\u00e1ch truy c\u1eadp <a href=\"https:\/\/adssettings.google.com\/authenticated\">C\u00e0i \u0111\u1eb7t qu\u1ea3ng c\u00e1o<\/a>. Ngo\u00e0i ra, b\u1ea1n c\u00f3 th\u1ec3 h\u01b0\u1edbng ng\u01b0\u1eddi d\u00f9ng truy c\u1eadp trang web <a href=\"https:\/\/optout.aboutads.info\/?c=2&amp;lang=ES\">www.aboutads.info<\/a> \u0111\u1ec3 v\u00f4 hi\u1ec7u h\u00f3a vi\u1ec7c s\u1eed d\u1ee5ng cookie qu\u1ea3ng c\u00e1o \u0111\u01b0\u1ee3c c\u00e1 nh\u00e2n h\u00f3a c\u1ee7a b\u00ean th\u1ee9 ba.<\/p>\n<h3>Th\u00f4ng tin \u0111\u01b0\u1ee3c thu th\u1eadp<\/h3>\n<p>Trang web c\u1ee7a ch\u00fang t\u00f4i c\u00f3 th\u1ec3 thu th\u1eadp th\u00f4ng tin c\u00e1 nh\u00e2n, ch\u1eb3ng h\u1ea1n nh\u01b0: T\u00ean, th\u00f4ng tin li\u00ean h\u1ec7, \u0111\u1ecba ch\u1ec9 email v\u00e0 th\u00f4ng tin nh\u00e2n kh\u1ea9u h\u1ecdc.<\/p>\n<p>T\u01b0\u01a1ng t\u1ef1 nh\u01b0 v\u1eady, khi c\u1ea7n thi\u1ebft, th\u00f4ng tin c\u1ee5 th\u1ec3 c\u00f3 th\u1ec3 \u0111\u01b0\u1ee3c y\u00eau c\u1ea7u \u0111\u1ec3 x\u1eed l\u00fd \u0111\u01a1n \u0111\u1eb7t h\u00e0ng.<\/p>\n<h3>S\u1eed d\u1ee5ng th\u00f4ng tin \u0111\u01b0\u1ee3c thu th\u1eadp<\/h3>\n<p>Trang web c\u1ee7a ch\u00fang t\u00f4i s\u1eed d\u1ee5ng th\u00f4ng tin \u0111\u1ec3 cung c\u1ea5p d\u1ecbch v\u1ee5 t\u1ed1t nh\u1ea5t c\u00f3 th\u1ec3, \u0111\u1eb7c bi\u1ec7t l\u00e0 \u0111\u1ec3 theo d\u00f5i ng\u01b0\u1eddi d\u00f9ng v\u00e0 c\u1ea3i thi\u1ec7n s\u1ea3n ph\u1ea9m v\u00e0 d\u1ecbch v\u1ee5 c\u1ee7a ch\u00fang t\u00f4i.<\/p>\n<p>Portal Dia Dia cam k\u1ebft th\u1ef1c hi\u1ec7n cam k\u1ebft b\u1ea3o m\u1eadt th\u00f4ng tin c\u1ee7a b\u1ea1n. Ch\u00fang t\u00f4i s\u1eed d\u1ee5ng c\u00e1c h\u1ec7 th\u1ed1ng ti\u00ean ti\u1ebfn nh\u1ea5t v\u00e0 li\u00ean t\u1ee5c c\u1eadp nh\u1eadt ch\u00fang \u0111\u1ec3 \u0111\u1ea3m b\u1ea3o kh\u00f4ng c\u00f3 s\u1ef1 truy c\u1eadp tr\u00e1i ph\u00e9p.<\/p>\n<h3>Cookie<\/h3>\n<p>B\u00e1nh quy \u0111\u01b0\u1ee3c ph\u00e1t minh v\u00e0o gi\u1eefa nh\u1eefng n\u0103m 1990 b\u1edfi ng\u01b0\u1eddi M\u1ef9 John Giannandrea v\u00e0 Lou Montulli.<\/p>\n<p>Cookie c\u00f3 d\u1ea1ng t\u1ec7p v\u0103n b\u1ea3n, \u0111\u01b0\u1ee3c tr\u00ecnh duy\u1ec7t t\u1ef1 \u0111\u1ed9ng l\u01b0u v\u00e0o \u1ed5 c\u1ee9ng khi kh\u00e1ch truy c\u1eadp truy c\u1eadp trang web.<\/p>\n<p>Cookie \u0111\u01b0\u1ee3c thi\u1ebft k\u1ebf \u0111\u1ec3 c\u1ea3i thi\u1ec7n tr\u1ea3i nghi\u1ec7m ng\u01b0\u1eddi d\u00f9ng, cho ph\u00e9p c\u00e1c trang web ghi nh\u1edb l\u1ea7n truy c\u1eadp c\u1ee7a ng\u01b0\u1eddi \u0111\u00f3.<\/p>\n<p>Do \u0111\u00f3, cookie \u0111\u00e3 \u0111\u00f3ng m\u1ed9t vai tr\u00f2 quan tr\u1ecdng trong s\u1ef1 ph\u00e1t tri\u1ec3n c\u1ee7a Internet nh\u01b0 ch\u00fang ta bi\u1ebft ng\u00e0y nay.<\/p>\n<p>Cookie kh\u00f4ng ph\u1ea3i l\u00e0 ph\u1ea7n m\u1ec1m \u0111\u1ed9c h\u1ea1i ho\u1eb7c vi-r\u00fat. M\u1ed7i cookie c\u00f3 ng\u00e0y h\u1ebft h\u1ea1n, ng\u00e0y h\u1ebft h\u1ea1n kh\u00e1c nhau t\u00f9y thu\u1ed9c v\u00e0o trang web.<\/p>\n<p>B\u1ea1n c\u00f3 th\u1ec3 ch\u1ea5p nh\u1eadn ho\u1eb7c t\u1eeb ch\u1ed1i vi\u1ec7c s\u1eed d\u1ee5ng cookie, tuy nhi\u00ean h\u1ea7u h\u1ebft c\u00e1c tr\u00ecnh duy\u1ec7t \u0111\u1ec1u t\u1ef1 \u0111\u1ed9ng ch\u1ea5p nh\u1eadn cookie khi ch\u00fang ph\u1ee5c v\u1ee5 \u0111\u1ec3 cung c\u1ea5p d\u1ecbch v\u1ee5 web t\u1ed1t h\u01a1n.<\/p>\n<p>B\u1ea1n c\u0169ng c\u00f3 th\u1ec3 thay \u0111\u1ed5i c\u00e0i \u0111\u1eb7t m\u00e1y t\u00ednh c\u1ee7a m\u00ecnh \u0111\u1ec3 t\u1eeb ch\u1ed1i cookie. N\u1ebfu ch\u00fang b\u1ecb t\u1eeb ch\u1ed1i, b\u1ea1n c\u00f3 th\u1ec3 kh\u00f4ng s\u1eed d\u1ee5ng \u0111\u01b0\u1ee3c m\u1ed9t s\u1ed1 d\u1ecbch v\u1ee5 c\u1ee7a ch\u00fang t\u00f4i.<\/p>\n<h3>Li\u00ean k\u1ebft v\u1edbi b\u00ean th\u1ee9 ba<\/h3>\n<p>Trang web n\u00e0y c\u00f3 th\u1ec3 ch\u1ee9a c\u00e1c li\u00ean k\u1ebft \u0111\u1ebfn c\u00e1c trang web kh\u00e1c m\u00e0 b\u1ea1n c\u00f3 th\u1ec3 quan t\u00e2m. Khi b\u1ea1n nh\u1ea5p v\u00e0o c\u00e1c li\u00ean k\u1ebft n\u00e0y v\u00e0 r\u1eddi kh\u1ecfi trang c\u1ee7a ch\u00fang t\u00f4i, ch\u00fang t\u00f4i kh\u00f4ng c\u00f2n quy\u1ec1n ki\u1ec3m so\u00e1t trang web m\u00e0 b\u1ea1n \u0111\u01b0\u1ee3c chuy\u1ec3n h\u01b0\u1edbng \u0111\u1ebfn n\u1eefa v\u00e0 do \u0111\u00f3 kh\u00f4ng ch\u1ecbu tr\u00e1ch nhi\u1ec7m v\u1ec1 c\u00e1c \u0111i\u1ec1u kho\u1ea3n, quy\u1ec1n ri\u00eang t\u01b0 ho\u1eb7c vi\u1ec7c b\u1ea3o v\u1ec7 d\u1eef li\u1ec7u c\u1ee7a b\u1ea1n tr\u00ean c\u00e1c trang web b\u00ean th\u1ee9 ba kh\u00e1c n\u00e0y.<\/p>\n<p>C\u00e1c trang web n\u00e0y tu\u00e2n theo ch\u00ednh s\u00e1ch quy\u1ec1n ri\u00eang t\u01b0 c\u1ee7a ri\u00eang h\u1ecd, v\u00ec v\u1eady b\u1ea1n n\u00ean ki\u1ec3m tra ch\u00fang \u0111\u1ec3 x\u00e1c nh\u1eadn r\u1eb1ng b\u1ea1n \u0111\u1ed3ng \u00fd v\u1edbi ch\u00fang.<\/p>","protected":false},"excerpt":{"rendered":"<p>Ch\u00ednh s\u00e1ch B\u1ea3o m\u1eadt n\u00e0y thi\u1ebft l\u1eadp c\u00e1c \u0111i\u1ec1u kho\u1ea3n m\u00e0 Portal Dia Dia s\u1eed d\u1ee5ng v\u00e0 b\u1ea3o v\u1ec7 th\u00f4ng tin do ng\u01b0\u1eddi d\u00f9ng cung c\u1ea5p khi s\u1eed d\u1ee5ng trang web c\u1ee7a m\u00ecnh. C\u00f4ng ty cam k\u1ebft b\u1ea3o m\u1eadt d\u1eef li\u1ec7u c\u1ee7a ng\u01b0\u1eddi d\u00f9ng. Tuy nhi\u00ean, Ch\u00ednh s\u00e1ch B\u1ea3o m\u1eadt n\u00e0y c\u00f3 th\u1ec3 thay \u0111\u1ed5i ho\u1eb7c \u0111\u01b0\u1ee3c c\u1eadp nh\u1eadt theo th\u1eddi gian, v\u00ed d\u1ee5 nh\u01b0 [\u2026]<\/p>","protected":false},"author":1,"featured_media":0,"parent":0,"menu_order":0,"comment_status":"closed","ping_status":"closed","template":"","meta":{"footnotes":""},"class_list":["post-676","page","type-page","status-publish"],"_links":{"self":[{"href":"https:\/\/portaldiadia.com\/vi\/wp-json\/wp\/v2\/pages\/676","targetHints":{"allow":["GET"]}}],"collection":[{"href":"https:\/\/portaldiadia.com\/vi\/wp-json\/wp\/v2\/pages"}],"about":[{"href":"https:\/\/portaldiadia.com\/vi\/wp-json\/wp\/v2\/types\/page"}],"author":[{"embeddable":true,"href":"https:\/\/portaldiadia.com\/vi\/wp-json\/wp\/v2\/users\/1"}],"replies":[{"embeddable":true,"href":"https:\/\/portaldiadia.com\/vi\/wp-json\/wp\/v2\/comments?post=676"}],"version-history":[{"count":0,"href":"https:\/\/portaldiadia.com\/vi\/wp-json\/wp\/v2\/pages\/676\/revisions"}],"wp:attachment":[{"href":"https:\/\/portaldiadia.com\/vi\/wp-json\/wp\/v2\/media?parent=676"}],"curies":[{"name":"wp","href":"https:\/\/api.w.org\/{rel}","templated":true}]}}