{"id":885,"date":"2022-10-27T17:50:53","date_gmt":"2022-10-27T17:50:53","guid":{"rendered":"https:\/\/portaldiadia.com\/?page_id=885"},"modified":"2022-10-27T17:50:53","modified_gmt":"2022-10-27T17:50:53","slug":"feragatname","status":"publish","type":"page","link":"https:\/\/portaldiadia.com\/tr\/feragatname\/","title":{"rendered":"Feragatname"},"content":{"rendered":"<p><strong>Dikkat:<\/strong> Dia Dia Portal, kullan\u0131c\u0131lar\u0131ndan para talep etmez. Bu nedenle, sitede gezinirken sizden bunu yapman\u0131z\u0131 isteyen bir pencere \u00e7\u0131karsa, bize bildirin ve siteyi hemen kapat\u0131n.<\/p>\n<p><strong>Yorumlar:<\/strong> Portal Dia Dia, kullan\u0131c\u0131lar\u0131na her zaman kaliteli i\u00e7erik sa\u011flamak isteyen bilgilendirici bir web sitesidir. Ancak, bilgilerin de\u011fi\u015fme h\u0131z\u0131 nedeniyle baz\u0131 makaleler eski olabilir.<\/p>\n<p>Sitemizi her zaman g\u00fcncel tutmaya \u00e7al\u0131\u015fmam\u0131za ra\u011fmen, di\u011fer sitelerden farkl\u0131 bir \u015fey olursa sorumlu de\u011filiz.<\/p>\n<p><strong>Ortaklar:<\/strong> Portal Dia Dia&#039;n\u0131n ana gelir kayna\u011f\u0131 reklamd\u0131r. Reklam ortaklar\u0131 arac\u0131l\u0131\u011f\u0131yla, site kardan pay al\u0131r. Ancak, bu sitede g\u00f6r\u00fcnt\u00fclenen reklamlardan bizim sorumlu olmad\u0131\u011f\u0131m\u0131z a\u00e7\u0131k\u00e7a belirtilmelidir.<\/p>\n<p><strong>Hususlar:<\/strong> Kaliteli bilgiye ihtiyac\u0131n\u0131z varsa, bunun i\u00e7in Portal Dia Dia&#039;y\u0131 arad\u0131\u011f\u0131n\u0131zdan emin olun. Ancak, makalelerin her zaman g\u00fcncellenmedi\u011fini unutmay\u0131n. Bu nedenle, g\u00fcncellenmi\u015f i\u00e7eri\u011fe ihtiyac\u0131n\u0131z varsa, resmi web sitesine bak\u0131n.<\/p>","protected":false},"excerpt":{"rendered":"<p>Dikkat: Portal Dia Dia, kullan\u0131c\u0131lar\u0131ndan para talep etmemektedir. Bu nedenle, sitede gezinirken sizden para talep eden bir pencere a\u00e7\u0131l\u0131rsa, l\u00fctfen bize bildirin ve siteyi derhal kapat\u0131n. Notlar: Portal Dia Dia, kullan\u0131c\u0131lar\u0131na kaliteli i\u00e7erik sunmay\u0131 hedefleyen bilgilendirici bir web sitesidir. Ancak, [\u2026]<\/p>","protected":false},"author":1,"featured_media":0,"parent":0,"menu_order":0,"comment_status":"closed","ping_status":"closed","template":"","meta":{"footnotes":""},"class_list":["post-885","page","type-page","status-publish"],"_links":{"self":[{"href":"https:\/\/portaldiadia.com\/tr\/wp-json\/wp\/v2\/pages\/885","targetHints":{"allow":["GET"]}}],"collection":[{"href":"https:\/\/portaldiadia.com\/tr\/wp-json\/wp\/v2\/pages"}],"about":[{"href":"https:\/\/portaldiadia.com\/tr\/wp-json\/wp\/v2\/types\/page"}],"author":[{"embeddable":true,"href":"https:\/\/portaldiadia.com\/tr\/wp-json\/wp\/v2\/users\/1"}],"replies":[{"embeddable":true,"href":"https:\/\/portaldiadia.com\/tr\/wp-json\/wp\/v2\/comments?post=885"}],"version-history":[{"count":0,"href":"https:\/\/portaldiadia.com\/tr\/wp-json\/wp\/v2\/pages\/885\/revisions"}],"wp:attachment":[{"href":"https:\/\/portaldiadia.com\/tr\/wp-json\/wp\/v2\/media?parent=885"}],"curies":[{"name":"wp","href":"https:\/\/api.w.org\/{rel}","templated":true}]}}