{"id":687,"date":"2022-07-26T19:04:11","date_gmt":"2022-07-26T19:04:11","guid":{"rendered":"https:\/\/portaldiadia.com\/?page_id=687"},"modified":"2022-10-27T15:24:45","modified_gmt":"2022-10-27T15:24:45","slug":"biz-kimiz","status":"publish","type":"page","link":"https:\/\/portaldiadia.com\/tr\/biz-kimiz\/","title":{"rendered":"Biz Kimiz"},"content":{"rendered":"<p>Biz Portal Dia Dia&#039;y\u0131z ve size kaliteli i\u00e7erik sunmaya odakland\u0131k! Misyonumuz teknolojiyi en iyi \u015fekilde kullanarak bilgiyi d\u00fcnyan\u0131n her yerine ula\u015ft\u0131rmakt\u0131r.<\/p>\n<p>Ekibimiz, web sitemizde yer verdi\u011fimiz konu ve kategoriler hakk\u0131nda derinlemesine bilgi sahibi yazarlardan olu\u015fmaktad\u0131r.<\/p>\n<p>Bu nedenle web sitemizi takip ederek hem ulusal hem de k\u00fcresel olarak \u00e7e\u015fitli y\u00f6nlerle ilgili bilgi edinebileceksiniz.<\/p>","protected":false},"excerpt":{"rendered":"<p>Biz Portal Dia Dia&#039;y\u0131z ve size kaliteli i\u00e7erik sunmaya odakland\u0131k! Misyonumuz, teknolojiden yararlanarak bilgiyi d\u00fcnyan\u0131n her yerine ula\u015ft\u0131rmak. Ekibimiz, web sitemizde yer alan konu ve kategoriler hakk\u0131nda derinlemesine bilgiye sahip yazarlardan olu\u015fuyor. Bu nedenle, [\u2026]<\/p>","protected":false},"author":1,"featured_media":0,"parent":0,"menu_order":0,"comment_status":"closed","ping_status":"closed","template":"","meta":{"footnotes":""},"class_list":["post-687","page","type-page","status-publish"],"_links":{"self":[{"href":"https:\/\/portaldiadia.com\/tr\/wp-json\/wp\/v2\/pages\/687","targetHints":{"allow":["GET"]}}],"collection":[{"href":"https:\/\/portaldiadia.com\/tr\/wp-json\/wp\/v2\/pages"}],"about":[{"href":"https:\/\/portaldiadia.com\/tr\/wp-json\/wp\/v2\/types\/page"}],"author":[{"embeddable":true,"href":"https:\/\/portaldiadia.com\/tr\/wp-json\/wp\/v2\/users\/1"}],"replies":[{"embeddable":true,"href":"https:\/\/portaldiadia.com\/tr\/wp-json\/wp\/v2\/comments?post=687"}],"version-history":[{"count":0,"href":"https:\/\/portaldiadia.com\/tr\/wp-json\/wp\/v2\/pages\/687\/revisions"}],"wp:attachment":[{"href":"https:\/\/portaldiadia.com\/tr\/wp-json\/wp\/v2\/media?parent=687"}],"curies":[{"name":"wp","href":"https:\/\/api.w.org\/{rel}","templated":true}]}}