{"id":684,"date":"2022-07-26T18:59:40","date_gmt":"2022-07-26T18:59:40","guid":{"rendered":"https:\/\/portaldiadia.com\/?page_id=684"},"modified":"2022-10-27T15:25:02","modified_gmt":"2022-10-27T15:25:02","slug":"kullanim-sartlari","status":"publish","type":"page","link":"https:\/\/portaldiadia.com\/tr\/kullanim-sartlari\/","title":{"rendered":"Kullan\u0131m \u015eartlar\u0131"},"content":{"rendered":"<p>Web sitemizden keyif almaya devam edebilmeniz i\u00e7in bu sayfada yer alan kullan\u0131m ko\u015fullar\u0131n\u0131 okuman\u0131z ve kabul etmeniz \u00f6nemlidir. Bu \u015fekilde Portal Dia Dia&#039;n\u0131n sizinle ili\u015fkisi a\u00e7\u0131k kurallara tabi olacakt\u0131r.<\/p>\n<p>Bu h\u00fck\u00fcm ve ko\u015fullar\u0131n herhangi bir b\u00f6l\u00fcm\u00fcn\u00fc kabul etmiyorsan\u0131z web sitemizi kullanmay\u0131n.<\/p>\n<p>A\u015fa\u011f\u0131da Dia Dia Portal\u0131n\u0131n kullan\u0131m ko\u015fullar\u0131n\u0131 bulacaks\u0131n\u0131z:<\/p>\n<ul>\n<li>Web sitemizin i\u00e7eri\u011fi her an de\u011fi\u015ftirilebilir. Ayr\u0131ca bunlar yaln\u0131zca genel bilgi niteli\u011findedir.<\/li>\n<li>Bu sitedeki materyallerle ilgili hi\u00e7bir garanti vermiyoruz. Hatalara ve hatalara a\u00e7\u0131k olabilir. Bu nedenle herhangi bir zamanda bilgi d\u00fczenlemeleri yap\u0131labilir.<\/li>\n<li>Bu web sitesindeki herhangi bir bilgi veya materyali kullan\u0131m\u0131n\u0131z\u0131n riski tamamen size aittir ve biz sorumlu olmayaca\u011f\u0131z.<\/li>\n<li>Di\u011fer sitelere olan ba\u011flant\u0131lar\u0131n bizim sorumlulu\u011fumuzda olmad\u0131\u011f\u0131n\u0131 bilmeniz \u00f6nemlidir. Bunlar, g\u00f6z atabilece\u011finiz ekstra i\u00e7eri\u011fe sahip olman\u0131z ve dolay\u0131s\u0131yla daha fazla bilgi edinmeniz i\u00e7in olu\u015fturulmu\u015ftur. Ba\u011flant\u0131 verilen web sitelerinin i\u00e7eri\u011fine ili\u015fkin hi\u00e7bir sorumlulu\u011fumuz yoktur.<\/li>\n<\/ul>","protected":false},"excerpt":{"rendered":"<p>Web sitemizin keyfini \u00e7\u0131karmaya devam edebilmeniz i\u00e7in, bu sayfadaki kullan\u0131m ko\u015fullar\u0131n\u0131 okuman\u0131z ve kabul etmeniz \u00f6nemlidir. Bu \u015fekilde, Portal Dia Dia ile aran\u0131zdaki ili\u015fki a\u00e7\u0131k kurallarla y\u00f6netilecektir. Bu h\u00fck\u00fcm ve ko\u015fullar\u0131n herhangi bir b\u00f6l\u00fcm\u00fcn\u00fc kabul etmiyorsan\u0131z, web sitemizi kullanmay\u0131n. A\u015fa\u011f\u0131da [\u2026]<\/p>","protected":false},"author":1,"featured_media":0,"parent":0,"menu_order":0,"comment_status":"closed","ping_status":"closed","template":"","meta":{"footnotes":""},"class_list":["post-684","page","type-page","status-publish"],"_links":{"self":[{"href":"https:\/\/portaldiadia.com\/tr\/wp-json\/wp\/v2\/pages\/684","targetHints":{"allow":["GET"]}}],"collection":[{"href":"https:\/\/portaldiadia.com\/tr\/wp-json\/wp\/v2\/pages"}],"about":[{"href":"https:\/\/portaldiadia.com\/tr\/wp-json\/wp\/v2\/types\/page"}],"author":[{"embeddable":true,"href":"https:\/\/portaldiadia.com\/tr\/wp-json\/wp\/v2\/users\/1"}],"replies":[{"embeddable":true,"href":"https:\/\/portaldiadia.com\/tr\/wp-json\/wp\/v2\/comments?post=684"}],"version-history":[{"count":0,"href":"https:\/\/portaldiadia.com\/tr\/wp-json\/wp\/v2\/pages\/684\/revisions"}],"wp:attachment":[{"href":"https:\/\/portaldiadia.com\/tr\/wp-json\/wp\/v2\/media?parent=684"}],"curies":[{"name":"wp","href":"https:\/\/api.w.org\/{rel}","templated":true}]}}