{"id":676,"date":"2022-07-26T18:41:20","date_gmt":"2022-07-26T18:41:20","guid":{"rendered":"https:\/\/portaldiadia.com\/?page_id=676"},"modified":"2023-06-28T02:35:58","modified_gmt":"2023-06-28T02:35:58","slug":"gizlilik-politikasi","status":"publish","type":"page","link":"https:\/\/portaldiadia.com\/tr\/gizlilik-politikasi\/","title":{"rendered":"Gizlilik Politikas\u0131"},"content":{"rendered":"<p>Bu Gizlilik Politikas\u0131, Portal Dia Dia&#039;n\u0131n, web sitesini kullan\u0131rken kullan\u0131c\u0131lar\u0131 taraf\u0131ndan sa\u011flanan bilgileri kullanma ve koruma ko\u015fullar\u0131n\u0131 belirler.<\/p>\n<p>Bu \u015firket, kullan\u0131c\u0131lar\u0131n\u0131n verilerinin g\u00fcvenli\u011fini sa\u011flamaya kararl\u0131d\u0131r.<\/p>\n<p>Ancak bu Gizlilik Politikas\u0131 zaman i\u00e7inde de\u011fi\u015febilir veya g\u00fcncellenebilir; bu nedenle, bu t\u00fcr de\u011fi\u015fiklikleri kabul etti\u011finizden emin olmak i\u00e7in bu sayfay\u0131 s\u00fcrekli olarak g\u00f6zden ge\u00e7irmenizi tavsiye ediyor ve vurguluyoruz.<\/p>\n<h3>Ki\u015fiselle\u015ftirilmi\u015f Reklamc\u0131l\u0131k<\/h3>\n<p>Kullan\u0131c\u0131lar \u015fu adresi ziyaret ederek ki\u015fiselle\u015ftirilmi\u015f reklamlardan vazge\u00e7ebilirler: <a href=\"https:\/\/adssettings.google.com\/authenticated\">Reklam Ayarlar\u0131<\/a>. Alternatif olarak kullan\u0131c\u0131lar\u0131 siteye eri\u015fmeye y\u00f6nlendirebilirsiniz. <a href=\"https:\/\/optout.aboutads.info\/?c=2&amp;lang=ES\">www.aboutads.info<\/a> \u00fc\u00e7\u00fcnc\u00fc taraf ki\u015fiselle\u015ftirilmi\u015f reklam \u00e7erezlerinin kullan\u0131m\u0131n\u0131 devre d\u0131\u015f\u0131 b\u0131rakmak i\u00e7in.<\/p>\n<h3>Toplanan bilgiler<\/h3>\n<p>Web sitemiz a\u015fa\u011f\u0131dakiler gibi ki\u015fisel bilgileri toplayabilir: \u0130sim, ileti\u015fim bilgileri, e-posta adresi ve demografik bilgiler.<\/p>\n<p>Benzer \u015fekilde, gerekti\u011finde bir sipari\u015fi i\u015fleme koymak i\u00e7in \u00f6zel bilgiler gerekebilir.<\/p>\n<h3>Toplanan bilgilerin kullan\u0131m\u0131<\/h3>\n<p>Web sitemiz, bilgileri m\u00fcmk\u00fcn olan en iyi hizmeti sunmak, \u00f6zellikle kullan\u0131c\u0131lar\u0131 takip etmek ve \u00fcr\u00fcn ve hizmetlerimizi geli\u015ftirmek i\u00e7in kullan\u0131r.<\/p>\n<p>Portal Dia Dia, bilgilerinizi g\u00fcvende tutma taahh\u00fcd\u00fcn\u00fc yerine getirmeye son derece kararl\u0131d\u0131r. Yetkisiz eri\u015fimlerin \u00f6nlenmesi i\u00e7in en geli\u015fmi\u015f sistemleri kullan\u0131yor ve bunlar\u0131 s\u00fcrekli g\u00fcncelliyoruz.<\/p>\n<h3>\u00c7erezler<\/h3>\n<p>Kurabiyeler 1990&#039;lar\u0131n ortas\u0131nda Amerikal\u0131 John Giannandrea ve Lou Montulli taraf\u0131ndan icat edildi.<\/p>\n<p>\u00c7erezler, bir ziyaret\u00e7i bir web sitesini ziyaret etti\u011finde taray\u0131c\u0131 taraf\u0131ndan otomatik olarak sabit diske kaydedilen metin dosyalar\u0131 bi\u00e7iminde gelir.<\/p>\n<p>\u00c7erezler, kullan\u0131c\u0131 deneyimini geli\u015ftirmek, web sitelerinin o ki\u015finin ziyaretini hat\u0131rlamas\u0131n\u0131 sa\u011flamak i\u00e7in tasarlanm\u0131\u015ft\u0131r.<\/p>\n<p>Bu nedenle \u00e7erezler, bug\u00fcn bildi\u011fimiz \u0130nternet&#039;in geli\u015fiminde \u00f6nemli bir rol oynam\u0131\u015ft\u0131r.<\/p>\n<p>\u00c7erezler k\u00f6t\u00fc ama\u00e7l\u0131 yaz\u0131l\u0131m veya vir\u00fcs de\u011fildir. Her \u00e7erezin, web sitesine ba\u011fl\u0131 olarak de\u011fi\u015fen bir son kullanma tarihi vard\u0131r.<\/p>\n<p>\u00c7erezlerin kullan\u0131m\u0131n\u0131 kabul edebilir veya reddedebilirsiniz, ancak \u00e7o\u011fu taray\u0131c\u0131, daha iyi bir web hizmeti sa\u011flamaya hizmet ettikleri i\u00e7in \u00e7erezleri otomatik olarak kabul eder.<\/p>\n<p>Ayr\u0131ca \u00e7erezleri reddetmek i\u00e7in bilgisayar ayarlar\u0131n\u0131z\u0131 de\u011fi\u015ftirebilirsiniz. Reddedilmeleri durumunda hizmetlerimizden baz\u0131lar\u0131n\u0131 kullanamayabilirsiniz.<\/p>\n<h3>\u00dc\u00e7\u00fcnc\u00fc taraflara ba\u011flant\u0131lar<\/h3>\n<p>Bu web sitesi ilginizi \u00e7ekebilecek di\u011fer web sitelerine ba\u011flant\u0131lar i\u00e7erebilir. Bu ba\u011flant\u0131lara t\u0131klay\u0131p sayfam\u0131zdan ayr\u0131ld\u0131\u011f\u0131n\u0131zda, y\u00f6nlendirildi\u011finiz web sitesi \u00fczerinde art\u0131k kontrol sahibi de\u011filiz ve dolay\u0131s\u0131yla bu di\u011fer \u00fc\u00e7\u00fcnc\u00fc taraf web sitelerindeki \u015fartlardan veya gizlilikten veya verilerinizin korunmas\u0131ndan sorumlu de\u011filiz.<\/p>\n<p>Bu siteler kendi gizlilik politikalar\u0131na tabidir, dolay\u0131s\u0131yla bunlar\u0131 kabul etti\u011finizi do\u011frulamak i\u00e7in bunlar\u0131 kontrol etmeniz \u00f6nerilir.<\/p>","protected":false},"excerpt":{"rendered":"<p>Bu Gizlilik Politikas\u0131, Portal Dia Dia&#039;n\u0131n web sitesini kullan\u0131rken kullan\u0131c\u0131lar\u0131n\u0131n sa\u011flad\u0131\u011f\u0131 bilgileri kullanma ve koruma ko\u015fullar\u0131n\u0131 belirler. Bu \u015firket, kullan\u0131c\u0131lar\u0131n\u0131n verilerinin g\u00fcvenli\u011fini sa\u011flamay\u0131 taahh\u00fct eder. Ancak, bu Gizlilik Politikas\u0131 zaman i\u00e7inde de\u011fi\u015febilir veya g\u00fcncellenebilir. [\u2026]<\/p>","protected":false},"author":1,"featured_media":0,"parent":0,"menu_order":0,"comment_status":"closed","ping_status":"closed","template":"","meta":{"footnotes":""},"class_list":["post-676","page","type-page","status-publish"],"_links":{"self":[{"href":"https:\/\/portaldiadia.com\/tr\/wp-json\/wp\/v2\/pages\/676","targetHints":{"allow":["GET"]}}],"collection":[{"href":"https:\/\/portaldiadia.com\/tr\/wp-json\/wp\/v2\/pages"}],"about":[{"href":"https:\/\/portaldiadia.com\/tr\/wp-json\/wp\/v2\/types\/page"}],"author":[{"embeddable":true,"href":"https:\/\/portaldiadia.com\/tr\/wp-json\/wp\/v2\/users\/1"}],"replies":[{"embeddable":true,"href":"https:\/\/portaldiadia.com\/tr\/wp-json\/wp\/v2\/comments?post=676"}],"version-history":[{"count":0,"href":"https:\/\/portaldiadia.com\/tr\/wp-json\/wp\/v2\/pages\/676\/revisions"}],"wp:attachment":[{"href":"https:\/\/portaldiadia.com\/tr\/wp-json\/wp\/v2\/media?parent=676"}],"curies":[{"name":"wp","href":"https:\/\/api.w.org\/{rel}","templated":true}]}}