{"id":885,"date":"2022-10-27T17:50:53","date_gmt":"2022-10-27T17:50:53","guid":{"rendered":"https:\/\/portaldiadia.com\/?page_id=885"},"modified":"2022-10-27T17:50:53","modified_gmt":"2022-10-27T17:50:53","slug":"varning","status":"publish","type":"page","link":"https:\/\/portaldiadia.com\/sv\/varning\/","title":{"rendered":"varning"},"content":{"rendered":"<p><strong>Uppm\u00e4rksamhet:<\/strong> Portal Dia Dia beg\u00e4r inte pengar fr\u00e5n sina anv\u00e4ndare. D\u00e4rf\u00f6r, om du surfar p\u00e5 webbplatsen och ett f\u00f6nster visas som ber dig att g\u00f6ra det, v\u00e4nligen meddela oss och st\u00e4ng webbplatsen omedelbart.<\/p>\n<p><strong>Kommentarer:<\/strong> Portal Dia Dia \u00e4r en informativ webbplats som alltid vill ge kvalitetsinneh\u00e5ll till sina anv\u00e4ndare. Men med den hastighet med vilken information \u00e4ndras kan vissa artiklar vara inaktuella.<\/p>\n<p>\u00c4ven om vi str\u00e4var efter att h\u00e5lla v\u00e5r webbplats uppdaterad, \u00e4r vi inte ansvariga om n\u00e5got skiljer sig fr\u00e5n andra webbplatser.<\/p>\n<p><strong>Partners:<\/strong> Portal Dia Dias huvudsakliga inkomstk\u00e4lla \u00e4r genom reklam. Genom reklampartners tj\u00e4nar sajten en del av vinsten. Det m\u00e5ste dock klarg\u00f6ras att vi inte \u00e4r ansvariga f\u00f6r de annonser som visas p\u00e5 denna webbplats.<\/p>\n<p><strong>\u00d6verv\u00e4ganden:<\/strong> Om du beh\u00f6ver kvalitetsinformation, se till att leta efter Dia Dia-portalen f\u00f6r det. Kom dock ih\u00e5g att artiklarna inte alltid uppdateras. D\u00e4rf\u00f6r, om du beh\u00f6ver uppdaterat inneh\u00e5ll, leta efter den officiella webbplatsen.<\/p>","protected":false},"excerpt":{"rendered":"<p>Observera: Portal Dia Dia ber inte sina anv\u00e4ndare om pengar. Om du surfar p\u00e5 webbplatsen och ett f\u00f6nster visas som ber dig att g\u00f6ra det, v\u00e4nligen meddela oss och st\u00e4ng webbplatsen omedelbart. Anm\u00e4rkningar: Portal Dia Dia \u00e4r en informativ webbplats som alltid str\u00e4var efter att tillhandah\u00e5lla kvalitetsinneh\u00e5ll till sina anv\u00e4ndare. Men med [\u2026]<\/p>","protected":false},"author":1,"featured_media":0,"parent":0,"menu_order":0,"comment_status":"closed","ping_status":"closed","template":"","meta":{"footnotes":""},"class_list":["post-885","page","type-page","status-publish"],"_links":{"self":[{"href":"https:\/\/portaldiadia.com\/sv\/wp-json\/wp\/v2\/pages\/885","targetHints":{"allow":["GET"]}}],"collection":[{"href":"https:\/\/portaldiadia.com\/sv\/wp-json\/wp\/v2\/pages"}],"about":[{"href":"https:\/\/portaldiadia.com\/sv\/wp-json\/wp\/v2\/types\/page"}],"author":[{"embeddable":true,"href":"https:\/\/portaldiadia.com\/sv\/wp-json\/wp\/v2\/users\/1"}],"replies":[{"embeddable":true,"href":"https:\/\/portaldiadia.com\/sv\/wp-json\/wp\/v2\/comments?post=885"}],"version-history":[{"count":0,"href":"https:\/\/portaldiadia.com\/sv\/wp-json\/wp\/v2\/pages\/885\/revisions"}],"wp:attachment":[{"href":"https:\/\/portaldiadia.com\/sv\/wp-json\/wp\/v2\/media?parent=885"}],"curies":[{"name":"wp","href":"https:\/\/api.w.org\/{rel}","templated":true}]}}