{"id":687,"date":"2022-07-26T19:04:11","date_gmt":"2022-07-26T19:04:11","guid":{"rendered":"https:\/\/portaldiadia.com\/?page_id=687"},"modified":"2022-10-27T15:24:45","modified_gmt":"2022-10-27T15:24:45","slug":"vilka-vi-ar","status":"publish","type":"page","link":"https:\/\/portaldiadia.com\/sv\/vilka-vi-ar\/","title":{"rendered":"Vilka vi \u00e4r"},"content":{"rendered":"<p>Vi \u00e4r Portal Dia Dia och vi \u00e4r fokuserade p\u00e5 att ge dig kvalitetsinneh\u00e5ll! V\u00e5rt uppdrag \u00e4r att f\u00f6ra kunskap till alla delar av v\u00e4rlden genom att anv\u00e4nda teknik p\u00e5 ett bra s\u00e4tt.<\/p>\n<p>V\u00e5rt team best\u00e5r av skribenter som har djup kunskap om de \u00e4mnen och kategorier vi presenterar p\u00e5 v\u00e5r webbplats.<\/p>\n<p>Genom att f\u00f6lja v\u00e5r hemsida kommer du d\u00e4rf\u00f6r att kunna skaffa dig kunskap i relation till olika aspekter, b\u00e5de nationellt och globalt.<\/p>","protected":false},"excerpt":{"rendered":"<p>Vi \u00e4r Portal Dia Dia och vi fokuserar p\u00e5 att ge dig kvalitetsinneh\u00e5ll! V\u00e5rt uppdrag \u00e4r att ge kunskap till alla delar av v\u00e4rlden genom att utnyttja teknik p\u00e5 ett bra s\u00e4tt. V\u00e5rt team best\u00e5r av skribenter som har djupg\u00e5ende kunskap om de \u00e4mnen och kategorier som vi presenterar p\u00e5 v\u00e5r webbplats. D\u00e4rf\u00f6r, n\u00e4r du f\u00f6ljer [\u2026]<\/p>","protected":false},"author":1,"featured_media":0,"parent":0,"menu_order":0,"comment_status":"closed","ping_status":"closed","template":"","meta":{"footnotes":""},"class_list":["post-687","page","type-page","status-publish"],"_links":{"self":[{"href":"https:\/\/portaldiadia.com\/sv\/wp-json\/wp\/v2\/pages\/687","targetHints":{"allow":["GET"]}}],"collection":[{"href":"https:\/\/portaldiadia.com\/sv\/wp-json\/wp\/v2\/pages"}],"about":[{"href":"https:\/\/portaldiadia.com\/sv\/wp-json\/wp\/v2\/types\/page"}],"author":[{"embeddable":true,"href":"https:\/\/portaldiadia.com\/sv\/wp-json\/wp\/v2\/users\/1"}],"replies":[{"embeddable":true,"href":"https:\/\/portaldiadia.com\/sv\/wp-json\/wp\/v2\/comments?post=687"}],"version-history":[{"count":0,"href":"https:\/\/portaldiadia.com\/sv\/wp-json\/wp\/v2\/pages\/687\/revisions"}],"wp:attachment":[{"href":"https:\/\/portaldiadia.com\/sv\/wp-json\/wp\/v2\/media?parent=687"}],"curies":[{"name":"wp","href":"https:\/\/api.w.org\/{rel}","templated":true}]}}