{"id":684,"date":"2022-07-26T18:59:40","date_gmt":"2022-07-26T18:59:40","guid":{"rendered":"https:\/\/portaldiadia.com\/?page_id=684"},"modified":"2022-10-27T15:25:02","modified_gmt":"2022-10-27T15:25:02","slug":"anvandarvillkor","status":"publish","type":"page","link":"https:\/\/portaldiadia.com\/sv\/anvandarvillkor\/","title":{"rendered":"Villkor"},"content":{"rendered":"<p>F\u00f6r att du ska kunna forts\u00e4tta njuta av v\u00e5r webbplats \u00e4r det viktigt att du l\u00e4ser och godk\u00e4nner anv\u00e4ndarvillkoren som finns p\u00e5 denna sida. P\u00e5 s\u00e5 s\u00e4tt kommer Portal Dia Dias relation med dig att styras av tydliga regler.<\/p>\n<p>Om du inte h\u00e5ller med om n\u00e5gon del av dessa villkor, anv\u00e4nd inte v\u00e5r webbplats.<\/p>\n<p>Nedan hittar du anv\u00e4ndarvillkoren f\u00f6r Dia Dia-portalen:<\/p>\n<ul>\n<li>Inneh\u00e5llet p\u00e5 v\u00e5r webbplats kan \u00e4ndras n\u00e4r som helst. Dessutom fungerar de endast som allm\u00e4n information.<\/li>\n<li>Vi l\u00e4mnar inga garantier ang\u00e5ende materialet p\u00e5 denna webbplats. Det kan vara ben\u00e4get att g\u00f6ra fel och misstag. D\u00e4rf\u00f6r kan justeringar av informationen g\u00f6ras n\u00e4r som helst.<\/li>\n<li>Din anv\u00e4ndning av all information eller material p\u00e5 denna webbplats sker helt p\u00e5 egen risk, vilket vi inte \u00e4r ansvariga f\u00f6r.<\/li>\n<li>Det \u00e4r viktigt att du vet att l\u00e4nkar till andra webbplatser inte \u00e4r v\u00e5rt ansvar. De \u00e4r skapade bara f\u00f6r att du ska ha extra inneh\u00e5ll att bl\u00e4ddra i och p\u00e5 s\u00e5 s\u00e4tt f\u00e5 mer information. Vi har inget ansvar f\u00f6r inneh\u00e5llet p\u00e5 de l\u00e4nkade webbplatserna.<\/li>\n<\/ul>","protected":false},"excerpt":{"rendered":"<p>F\u00f6r att du ska kunna forts\u00e4tta anv\u00e4nda v\u00e5r webbplats \u00e4r det viktigt att du l\u00e4ser och godk\u00e4nner anv\u00e4ndarvillkoren p\u00e5 denna sida. P\u00e5 s\u00e5 s\u00e4tt kommer f\u00f6rh\u00e5llandet mellan Portal Dia Dia och dig att regleras av tydliga regler. Om du inte h\u00e5ller med om n\u00e5gon del av dessa villkor, anv\u00e4nd inte v\u00e5r webbplats. Nedan [\u2026]<\/p>","protected":false},"author":1,"featured_media":0,"parent":0,"menu_order":0,"comment_status":"closed","ping_status":"closed","template":"","meta":{"footnotes":""},"class_list":["post-684","page","type-page","status-publish"],"_links":{"self":[{"href":"https:\/\/portaldiadia.com\/sv\/wp-json\/wp\/v2\/pages\/684","targetHints":{"allow":["GET"]}}],"collection":[{"href":"https:\/\/portaldiadia.com\/sv\/wp-json\/wp\/v2\/pages"}],"about":[{"href":"https:\/\/portaldiadia.com\/sv\/wp-json\/wp\/v2\/types\/page"}],"author":[{"embeddable":true,"href":"https:\/\/portaldiadia.com\/sv\/wp-json\/wp\/v2\/users\/1"}],"replies":[{"embeddable":true,"href":"https:\/\/portaldiadia.com\/sv\/wp-json\/wp\/v2\/comments?post=684"}],"version-history":[{"count":0,"href":"https:\/\/portaldiadia.com\/sv\/wp-json\/wp\/v2\/pages\/684\/revisions"}],"wp:attachment":[{"href":"https:\/\/portaldiadia.com\/sv\/wp-json\/wp\/v2\/media?parent=684"}],"curies":[{"name":"wp","href":"https:\/\/api.w.org\/{rel}","templated":true}]}}