{"id":676,"date":"2022-07-26T18:41:20","date_gmt":"2022-07-26T18:41:20","guid":{"rendered":"https:\/\/portaldiadia.com\/?page_id=676"},"modified":"2023-06-28T02:35:58","modified_gmt":"2023-06-28T02:35:58","slug":"sekretesspolicy","status":"publish","type":"page","link":"https:\/\/portaldiadia.com\/sv\/sekretesspolicy\/","title":{"rendered":"Integritetspolicy"},"content":{"rendered":"<p>Denna integritetspolicy fastst\u00e4ller villkoren under vilka Portal Dia Dia anv\u00e4nder och skyddar informationen som tillhandah\u00e5lls av sina anv\u00e4ndare n\u00e4r de anv\u00e4nder sin webbplats.<\/p>\n<p>Detta f\u00f6retag \u00e4r engagerat i s\u00e4kerheten f\u00f6r sina anv\u00e4ndares data.<\/p>\n<p>Denna integritetspolicy kan dock \u00e4ndras med tiden eller uppdateras, s\u00e5 vi rekommenderar och betonar att du kontinuerligt granskar den h\u00e4r sidan f\u00f6r att s\u00e4kerst\u00e4lla att du godk\u00e4nner s\u00e5dana \u00e4ndringar.<\/p>\n<h3>Personlig reklam<\/h3>\n<p>Anv\u00e4ndare kan v\u00e4lja bort personlig reklam genom att bes\u00f6ka <a href=\"https:\/\/adssettings.google.com\/authenticated\">Annonsinst\u00e4llningar<\/a>. Alternativt kan du h\u00e4nvisa anv\u00e4ndare till webbplatsen <a href=\"https:\/\/optout.aboutads.info\/?c=2&amp;lang=ES\">www.aboutads.info<\/a> f\u00f6r att inaktivera anv\u00e4ndningen av personliga annonscookies fr\u00e5n tredje part.<\/p>\n<h3>Information som samlas in<\/h3>\n<p>V\u00e5r webbplats kan samla in personlig information, s\u00e5som: Namn, kontaktinformation, e-postadress och demografisk information.<\/p>\n<p>P\u00e5 samma s\u00e4tt kan specifik information vid behov kr\u00e4vas f\u00f6r att behandla en best\u00e4llning.<\/p>\n<h3>Anv\u00e4ndning av insamlad information<\/h3>\n<p>V\u00e5r webbplats anv\u00e4nder information f\u00f6r att ge b\u00e4sta m\u00f6jliga service, s\u00e4rskilt f\u00f6r att h\u00e5lla reda p\u00e5 anv\u00e4ndare och f\u00f6rb\u00e4ttra v\u00e5ra produkter och tj\u00e4nster.<\/p>\n<p>Portal Dia Dia \u00e4r mycket engagerad i att uppfylla sitt \u00e5tagande att h\u00e5lla din information s\u00e4ker. Vi anv\u00e4nder de mest avancerade systemen och uppdaterar dem st\u00e4ndigt f\u00f6r att s\u00e4kerst\u00e4lla att det inte finns n\u00e5gon obeh\u00f6rig \u00e5tkomst.<\/p>\n<h3>Sm\u00e5kakor<\/h3>\n<p>Cookies uppfanns i mitten av 1990-talet av amerikanerna John Giannandrea och Lou Montulli.<\/p>\n<p>Cookies kommer i form av textfiler, som automatiskt sparas av webbl\u00e4saren p\u00e5 h\u00e5rddisken n\u00e4r en bes\u00f6kare bes\u00f6ker en webbplats.<\/p>\n<p>Cookies \u00e4r utformade f\u00f6r att f\u00f6rb\u00e4ttra anv\u00e4ndarupplevelsen, f\u00f6r att till\u00e5ta webbplatser att komma ih\u00e5g den personens bes\u00f6k.<\/p>\n<p>Cookies spelade d\u00e4rf\u00f6r en viktig roll i utvecklingen av internet som vi k\u00e4nner det idag.<\/p>\n<p>Cookies \u00e4r inte skadlig programvara eller virus. Varje cookie har ett utg\u00e5ngsdatum, som varierar beroende p\u00e5 webbplatsen.<\/p>\n<p>Du kan acceptera eller neka anv\u00e4ndningen av cookies, men de flesta webbl\u00e4sare accepterar automatiskt cookies eftersom de tj\u00e4nar till att ge en b\u00e4ttre webbtj\u00e4nst.<\/p>\n<p>Du kan ocks\u00e5 \u00e4ndra dina datorinst\u00e4llningar f\u00f6r att v\u00e4gra cookies. Om de avvisas kanske du inte kan anv\u00e4nda vissa av v\u00e5ra tj\u00e4nster.<\/p>\n<h3>L\u00e4nkar till tredje part<\/h3>\n<p>Denna webbplats kan inneh\u00e5lla l\u00e4nkar till andra webbplatser som kan vara av intresse f\u00f6r dig. N\u00e4r du klickar p\u00e5 dessa l\u00e4nkar och l\u00e4mnar v\u00e5r sida har vi inte l\u00e4ngre kontroll \u00f6ver webbplatsen som du omdirigeras till och \u00e4r d\u00e4rf\u00f6r inte ansvariga f\u00f6r villkoren eller integriteten eller skyddet av dina uppgifter p\u00e5 dessa andra tredje parts webbplatser.<\/p>\n<p>Dessa webbplatser \u00e4r f\u00f6rem\u00e5l f\u00f6r sina egna sekretesspolicyer, s\u00e5 du rekommenderas att kontrollera dem f\u00f6r att bekr\u00e4fta att du godk\u00e4nner dem.<\/p>","protected":false},"excerpt":{"rendered":"<p>Denna integritetspolicy fastst\u00e4ller villkoren f\u00f6r hur Portal Dia Dia anv\u00e4nder och skyddar informationen som tillhandah\u00e5lls av sina anv\u00e4ndare n\u00e4r de anv\u00e4nder sin webbplats. Detta f\u00f6retag \u00e4r engagerat i s\u00e4kerheten f\u00f6r sina anv\u00e4ndares data. Denna integritetspolicy kan dock komma att \u00e4ndras eller uppdateras \u00f6ver tid, f\u00f6r [\u2026]<\/p>","protected":false},"author":1,"featured_media":0,"parent":0,"menu_order":0,"comment_status":"closed","ping_status":"closed","template":"","meta":{"footnotes":""},"class_list":["post-676","page","type-page","status-publish"],"_links":{"self":[{"href":"https:\/\/portaldiadia.com\/sv\/wp-json\/wp\/v2\/pages\/676","targetHints":{"allow":["GET"]}}],"collection":[{"href":"https:\/\/portaldiadia.com\/sv\/wp-json\/wp\/v2\/pages"}],"about":[{"href":"https:\/\/portaldiadia.com\/sv\/wp-json\/wp\/v2\/types\/page"}],"author":[{"embeddable":true,"href":"https:\/\/portaldiadia.com\/sv\/wp-json\/wp\/v2\/users\/1"}],"replies":[{"embeddable":true,"href":"https:\/\/portaldiadia.com\/sv\/wp-json\/wp\/v2\/comments?post=676"}],"version-history":[{"count":0,"href":"https:\/\/portaldiadia.com\/sv\/wp-json\/wp\/v2\/pages\/676\/revisions"}],"wp:attachment":[{"href":"https:\/\/portaldiadia.com\/sv\/wp-json\/wp\/v2\/media?parent=676"}],"curies":[{"name":"wp","href":"https:\/\/api.w.org\/{rel}","templated":true}]}}