{"id":885,"date":"2022-10-27T17:50:53","date_gmt":"2022-10-27T17:50:53","guid":{"rendered":"https:\/\/portaldiadia.com\/?page_id=885"},"modified":"2022-10-27T17:50:53","modified_gmt":"2022-10-27T17:50:53","slug":"zavrnitev-odgovornosti","status":"publish","type":"page","link":"https:\/\/portaldiadia.com\/sl\/zavrnitev-odgovornosti\/","title":{"rendered":"Zavrnitev odgovornosti"},"content":{"rendered":"<p><strong>Pozor:<\/strong> Portal Dia Dia od svojih uporabnikov ne zahteva denarja. \u010ce torej brskate po spletnem mestu in se prika\u017ee okno, ki vas poziva, da to storite, nas obvestite in spletno mesto takoj zaprite.<\/p>\n<p><strong>Komentarji:<\/strong> Portal Dia Dia je informativno spletno mesto, ki \u017eeli svojim uporabnikom vedno ponuditi kakovostno vsebino. Vendar pa so zaradi hitrosti spreminjanja informacij nekateri \u010dlanki morda zastareli.<\/p>\n<p>\u010ceprav se trudimo, da bi bilo na\u0161e spletno mesto posodobljeno, ne odgovarjamo, \u010de se kaj razlikuje od drugih spletnih mest.<\/p>\n<p><strong>Partnerji:<\/strong> Glavni vir dohodka portala Dia Dia je ogla\u0161evanje. Prek ogla\u0161evalskih partnerjev spletno mesto zaslu\u017ei dele\u017e dobi\u010dka. Vendar mora biti jasno, da nismo odgovorni za oglase, ki se pojavljajo na tej spletni strani.<\/p>\n<p><strong>Premisleki:<\/strong> \u010ce potrebujete kakovostne informacije, za to poi\u0161\u010dite portal Dia Dia. Vendar ne pozabite, da \u010dlanki niso vedno posodobljeni. Zato, \u010de potrebujete posodobljeno vsebino, poi\u0161\u010dite uradno spletno stran.<\/p>","protected":false},"excerpt":{"rendered":"<p>Pozor: Portal Dia Dia od svojih uporabnikov ne zahteva denarja. \u010ce se med brskanjem po spletnem mestu prika\u017ee okno, ki vas k temu poziva, nas o tem obvestite in spletno mesto takoj zaprite. Opombe: Portal Dia Dia je informativno spletno mesto, ki svojim uporabnikom vedno \u017eeli zagotavljati kakovostne vsebine. Vendar pa z [\u2026]<\/p>","protected":false},"author":1,"featured_media":0,"parent":0,"menu_order":0,"comment_status":"closed","ping_status":"closed","template":"","meta":{"footnotes":""},"class_list":["post-885","page","type-page","status-publish"],"_links":{"self":[{"href":"https:\/\/portaldiadia.com\/sl\/wp-json\/wp\/v2\/pages\/885","targetHints":{"allow":["GET"]}}],"collection":[{"href":"https:\/\/portaldiadia.com\/sl\/wp-json\/wp\/v2\/pages"}],"about":[{"href":"https:\/\/portaldiadia.com\/sl\/wp-json\/wp\/v2\/types\/page"}],"author":[{"embeddable":true,"href":"https:\/\/portaldiadia.com\/sl\/wp-json\/wp\/v2\/users\/1"}],"replies":[{"embeddable":true,"href":"https:\/\/portaldiadia.com\/sl\/wp-json\/wp\/v2\/comments?post=885"}],"version-history":[{"count":0,"href":"https:\/\/portaldiadia.com\/sl\/wp-json\/wp\/v2\/pages\/885\/revisions"}],"wp:attachment":[{"href":"https:\/\/portaldiadia.com\/sl\/wp-json\/wp\/v2\/media?parent=885"}],"curies":[{"name":"delovni list","href":"https:\/\/api.w.org\/{rel}","templated":true}]}}