{"id":687,"date":"2022-07-26T19:04:11","date_gmt":"2022-07-26T19:04:11","guid":{"rendered":"https:\/\/portaldiadia.com\/?page_id=687"},"modified":"2022-10-27T15:24:45","modified_gmt":"2022-10-27T15:24:45","slug":"kdo-smo","status":"publish","type":"page","link":"https:\/\/portaldiadia.com\/sl\/kdo-smo\/","title":{"rendered":"Kdo smo"},"content":{"rendered":"<p>Smo Portal Dia Dia in osredoto\u010deni smo na zagotavljanje kakovostne vsebine za vas! Na\u0161e poslanstvo je prinesti znanje v vse dele sveta z dobro uporabo tehnologije.<\/p>\n<p>Na\u0161o ekipo sestavljajo pisci, ki imajo poglobljeno znanje o temah in kategorijah, ki jih predstavljamo na na\u0161i spletni strani.<\/p>\n<p>Zato boste s spremljanjem na\u0161e spletne strani lahko pridobili znanja v zvezi z razli\u010dnimi vidiki, tako na nacionalni kot svetovni ravni.<\/p>","protected":false},"excerpt":{"rendered":"<p>Smo Portal Dia Dia in osredoto\u010deni smo na to, da vam prina\u0161amo kakovostne vsebine! Na\u0161e poslanstvo je, da s pomo\u010djo tehnologije znanje prinesemo v vse dele sveta. Na\u0161o ekipo sestavljajo pisci, ki imajo poglobljeno znanje o temah in kategorijah, ki jih predstavljamo na na\u0161i spletni strani. Zato, ko spremljate [\u2026]<\/p>","protected":false},"author":1,"featured_media":0,"parent":0,"menu_order":0,"comment_status":"closed","ping_status":"closed","template":"","meta":{"footnotes":""},"class_list":["post-687","page","type-page","status-publish"],"_links":{"self":[{"href":"https:\/\/portaldiadia.com\/sl\/wp-json\/wp\/v2\/pages\/687","targetHints":{"allow":["GET"]}}],"collection":[{"href":"https:\/\/portaldiadia.com\/sl\/wp-json\/wp\/v2\/pages"}],"about":[{"href":"https:\/\/portaldiadia.com\/sl\/wp-json\/wp\/v2\/types\/page"}],"author":[{"embeddable":true,"href":"https:\/\/portaldiadia.com\/sl\/wp-json\/wp\/v2\/users\/1"}],"replies":[{"embeddable":true,"href":"https:\/\/portaldiadia.com\/sl\/wp-json\/wp\/v2\/comments?post=687"}],"version-history":[{"count":0,"href":"https:\/\/portaldiadia.com\/sl\/wp-json\/wp\/v2\/pages\/687\/revisions"}],"wp:attachment":[{"href":"https:\/\/portaldiadia.com\/sl\/wp-json\/wp\/v2\/media?parent=687"}],"curies":[{"name":"delovni list","href":"https:\/\/api.w.org\/{rel}","templated":true}]}}