{"id":684,"date":"2022-07-26T18:59:40","date_gmt":"2022-07-26T18:59:40","guid":{"rendered":"https:\/\/portaldiadia.com\/?page_id=684"},"modified":"2022-10-27T15:25:02","modified_gmt":"2022-10-27T15:25:02","slug":"pogoji-uporabe","status":"publish","type":"page","link":"https:\/\/portaldiadia.com\/sl\/pogoji-uporabe\/","title":{"rendered":"Pogoji uporabe"},"content":{"rendered":"<p>Da bi \u0161e naprej u\u017eivali v na\u0161i spletni strani, je bistveno, da preberete in se strinjate s pogoji uporabe, ki so na tej strani. Tako bodo odnos Portal Dia Dia z vami urejali jasna pravila.<\/p>\n<p>\u010ce se s katerim koli delom teh pogojev ne strinjate, ne uporabljajte na\u0161e spletne strani.<\/p>\n<p>Spodaj najdete pogoje uporabe portala Dia Dia:<\/p>\n<ul>\n<li>Vsebina na na\u0161i spletni strani se lahko spremeni kadarkoli. Poleg tega slu\u017eijo le kot splo\u0161ne informacije.<\/li>\n<li>Za gradivo na tej strani ne jam\u010dimo. Lahko je nagnjen k napakam in napakam. Zato je mogo\u010de informacije kadar koli prilagoditi.<\/li>\n<li>Va\u0161a uporaba kakr\u0161nih koli informacij ali materialov na tej spletni strani je v celoti na lastno odgovornost, za kar ne odgovarjamo.<\/li>\n<li>Pomembno je, da veste, da povezave do drugih spletnih mest niso na\u0161a odgovornost. Ustvarjeni so samo zato, da imate dodatne vsebine za brskanje in s tem pridobivanje ve\u010d informacij. Ne prevzemamo odgovornosti za vsebino povezanih spletnih mest.<\/li>\n<\/ul>","protected":false},"excerpt":{"rendered":"<p>Da bi lahko \u0161e naprej u\u017eivali v na\u0161i spletni strani, je nujno, da preberete in se strinjate s pogoji uporabe na tej strani. Na ta na\u010din bo odnos Portal Dia Dia z vami urejen z jasnimi pravili. \u010ce se s katerim koli delom teh pogojev ne strinjate, ne uporabljajte na\u0161e spletne strani. Spodaj [\u2026]<\/p>","protected":false},"author":1,"featured_media":0,"parent":0,"menu_order":0,"comment_status":"closed","ping_status":"closed","template":"","meta":{"footnotes":""},"class_list":["post-684","page","type-page","status-publish"],"_links":{"self":[{"href":"https:\/\/portaldiadia.com\/sl\/wp-json\/wp\/v2\/pages\/684","targetHints":{"allow":["GET"]}}],"collection":[{"href":"https:\/\/portaldiadia.com\/sl\/wp-json\/wp\/v2\/pages"}],"about":[{"href":"https:\/\/portaldiadia.com\/sl\/wp-json\/wp\/v2\/types\/page"}],"author":[{"embeddable":true,"href":"https:\/\/portaldiadia.com\/sl\/wp-json\/wp\/v2\/users\/1"}],"replies":[{"embeddable":true,"href":"https:\/\/portaldiadia.com\/sl\/wp-json\/wp\/v2\/comments?post=684"}],"version-history":[{"count":0,"href":"https:\/\/portaldiadia.com\/sl\/wp-json\/wp\/v2\/pages\/684\/revisions"}],"wp:attachment":[{"href":"https:\/\/portaldiadia.com\/sl\/wp-json\/wp\/v2\/media?parent=684"}],"curies":[{"name":"delovni list","href":"https:\/\/api.w.org\/{rel}","templated":true}]}}