{"id":676,"date":"2022-07-26T18:41:20","date_gmt":"2022-07-26T18:41:20","guid":{"rendered":"https:\/\/portaldiadia.com\/?page_id=676"},"modified":"2023-06-28T02:35:58","modified_gmt":"2023-06-28T02:35:58","slug":"politika-zasebnosti","status":"publish","type":"page","link":"https:\/\/portaldiadia.com\/sl\/politika-zasebnosti\/","title":{"rendered":"Politika zasebnosti"},"content":{"rendered":"<p>Ta pravilnik o zasebnosti dolo\u010da pogoje, pod katerimi Portal Dia Dia uporablja in \u0161\u010diti informacije, ki jih uporabniki posredujejo ob uporabi spletnega mesta.<\/p>\n<p>To podjetje je zavezano k varnosti podatkov svojih uporabnikov.<\/p>\n<p>Vendar se ta pravilnik o zasebnosti lahko s\u010dasoma spremeni ali posodobi, zato priporo\u010damo in poudarjamo, da to stran nenehno pregledujete, da zagotovite, da se strinjate s takimi spremembami.<\/p>\n<h3>Prilagojeno ogla\u0161evanje<\/h3>\n<p>Uporabniki se lahko odjavi od prilagojenega ogla\u0161evanja tako, da obi\u0161\u010dejo <a href=\"https:\/\/adssettings.google.com\/authenticated\">Nastavitve oglasov<\/a>. Druga mo\u017enost je, da uporabnike usmerite k dostopu do spletnega mesta <a href=\"https:\/\/optout.aboutads.info\/?c=2&amp;lang=ES\">www.aboutads.info<\/a> da onemogo\u010dite uporabo prilagojenih ogla\u0161evalskih pi\u0161kotkov tretjih oseb.<\/p>\n<h3>Informacije, ki se zbirajo<\/h3>\n<p>Na\u0161e spletno mesto lahko zbira osebne podatke, kot so: ime, kontaktni podatki, e-po\u0161tni naslov in demografski podatki.<\/p>\n<p>Podobno se lahko po potrebi za obdelavo naro\u010dila zahtevajo posebni podatki.<\/p>\n<h3>Uporaba zbranih informacij<\/h3>\n<p>Na\u0161e spletno mesto uporablja informacije za zagotavljanje najbolj\u0161e mo\u017ene storitve, zlasti za spremljanje uporabnikov in izbolj\u0161anje na\u0161ih izdelkov in storitev.<\/p>\n<p>Portal Dia Dia je zelo zavezan izpolnjevanju svoje zaveze glede varovanja va\u0161ih podatkov. Uporabljamo najnaprednej\u0161e sisteme in jih nenehno posodabljamo, da prepre\u010dimo nepoobla\u0161\u010den dostop.<\/p>\n<h3>Pi\u0161kotki<\/h3>\n<p>Pi\u0161kotke sta sredi 90. let prej\u0161njega stoletja izumila Ameri\u010dana John Giannandrea in Lou Montulli.<\/p>\n<p>Pi\u0161kotki so v obliki besedilnih datotek, ki jih brskalnik samodejno shrani na trdi disk, ko obiskovalec obi\u0161\u010de spletno stran.<\/p>\n<p>Pi\u0161kotki so zasnovani za izbolj\u0161anje uporabni\u0161ke izku\u0161nje in omogo\u010dajo spletnim mestom, da si zapomnijo obisk te osebe.<\/p>\n<p>Pi\u0161kotki so torej igrali pomembno vlogo pri razvoju interneta, kot ga poznamo danes.<\/p>\n<p>Pi\u0161kotki niso zlonamerna programska oprema ali virusi. Vsak pi\u0161kotek ima datum poteka, ki se razlikuje glede na spletno mesto.<\/p>\n<p>Uporabo pi\u0161kotkov lahko sprejmete ali zavrnete, vendar ve\u010dina brskalnikov samodejno sprejme pi\u0161kotke, saj slu\u017eijo zagotavljanju bolj\u0161e spletne storitve.<\/p>\n<p>Prav tako lahko spremenite nastavitve ra\u010dunalnika, da zavrnete pi\u0161kotke. \u010ce so zavrnjeni, morda ne boste mogli uporabljati nekaterih na\u0161ih storitev.<\/p>\n<h3>Povezave do tretjih oseb<\/h3>\n<p>To spletno mesto lahko vsebuje povezave do drugih spletnih mest, ki bi vas lahko zanimala. Ko kliknete te povezave in zapustite na\u0161o stran, nimamo ve\u010d nadzora nad spletnim mestom, na katerega ste preusmerjeni, in zato nismo odgovorni za pogoje ali zasebnost ali za\u0161\u010dito va\u0161ih podatkov na teh drugih spletnih mestih tretjih oseb.<\/p>\n<p>Za ta spletna mesta veljajo lastni pravilniki o zasebnosti, zato vam svetujemo, da jih preverite in potrdite, da se z njimi strinjate.<\/p>","protected":false},"excerpt":{"rendered":"<p>Ta politika zasebnosti dolo\u010da pogoje, pod katerimi Portal Dia Dia uporablja in varuje podatke, ki jih posredujejo uporabniki pri uporabi svojega spletnega mesta. To podjetje je zavezano k varnosti podatkov svojih uporabnikov. Vendar se ta politika zasebnosti lahko s\u010dasoma spremeni ali posodobi, za [\u2026]<\/p>","protected":false},"author":1,"featured_media":0,"parent":0,"menu_order":0,"comment_status":"closed","ping_status":"closed","template":"","meta":{"footnotes":""},"class_list":["post-676","page","type-page","status-publish"],"_links":{"self":[{"href":"https:\/\/portaldiadia.com\/sl\/wp-json\/wp\/v2\/pages\/676","targetHints":{"allow":["GET"]}}],"collection":[{"href":"https:\/\/portaldiadia.com\/sl\/wp-json\/wp\/v2\/pages"}],"about":[{"href":"https:\/\/portaldiadia.com\/sl\/wp-json\/wp\/v2\/types\/page"}],"author":[{"embeddable":true,"href":"https:\/\/portaldiadia.com\/sl\/wp-json\/wp\/v2\/users\/1"}],"replies":[{"embeddable":true,"href":"https:\/\/portaldiadia.com\/sl\/wp-json\/wp\/v2\/comments?post=676"}],"version-history":[{"count":0,"href":"https:\/\/portaldiadia.com\/sl\/wp-json\/wp\/v2\/pages\/676\/revisions"}],"wp:attachment":[{"href":"https:\/\/portaldiadia.com\/sl\/wp-json\/wp\/v2\/media?parent=676"}],"curies":[{"name":"delovni list","href":"https:\/\/api.w.org\/{rel}","templated":true}]}}