{"id":885,"date":"2022-10-27T17:50:53","date_gmt":"2022-10-27T17:50:53","guid":{"rendered":"https:\/\/portaldiadia.com\/?page_id=885"},"modified":"2022-10-27T17:50:53","modified_gmt":"2022-10-27T17:50:53","slug":"odmietnutie-zodpovednosti","status":"publish","type":"page","link":"https:\/\/portaldiadia.com\/sk\/odmietnutie-zodpovednosti\/","title":{"rendered":"Vyl\u00fa\u010denie zodpovednosti"},"content":{"rendered":"<p><strong>Pozor:<\/strong> Port\u00e1l Dia Dia nepo\u017eaduje od svojich pou\u017e\u00edvate\u013eov peniaze. Preto, ak si prehliadate webov\u00fa str\u00e1nku a zobraz\u00ed sa okno s v\u00fdzvou, aby ste tak urobili, dajte n\u00e1m o tom vedie\u0165 a webov\u00fa str\u00e1nku ihne\u010f zatvorte.<\/p>\n<p><strong>Koment\u00e1re:<\/strong> Port\u00e1l Dia Dia je informa\u010dn\u00e1 webov\u00e1 str\u00e1nka, ktor\u00e1 chce svojim pou\u017e\u00edvate\u013eom v\u017edy poskytova\u0165 kvalitn\u00fd obsah. S r\u00fdchlos\u0165ou, akou sa menia inform\u00e1cie, v\u0161ak m\u00f4\u017eu by\u0165 niektor\u00e9 \u010dl\u00e1nky neaktu\u00e1lne.<\/p>\n<p>Aj ke\u010f sa sna\u017e\u00edme udr\u017eiava\u0165 na\u0161u webov\u00fa str\u00e1nku aktu\u00e1lnu, nenesieme zodpovednos\u0165, ak sa nie\u010do l\u00ed\u0161i od in\u00fdch webov\u00fdch str\u00e1nok.<\/p>\n<p><strong>Partneri:<\/strong> Hlavn\u00fdm zdrojom pr\u00edjmu port\u00e1lu Dia Dia je reklama. Prostredn\u00edctvom reklamn\u00fdch partnerov str\u00e1nka z\u00edskava podiel na zisku. Mus\u00ed v\u0161ak by\u0165 jasn\u00e9, \u017ee nie sme zodpovedn\u00ed za reklamy, ktor\u00e9 sa zobrazuj\u00fa na tejto webovej str\u00e1nke.<\/p>\n<p><strong>\u00davahy:<\/strong> Ak potrebujete kvalitn\u00e9 inform\u00e1cie, ur\u010dite na to h\u013eadajte port\u00e1l Dia Dia. Op\u00e4\u0165 v\u0161ak nezab\u00fadajte, \u017ee \u010dl\u00e1nky nie s\u00fa v\u017edy aktualizovan\u00e9. Preto, ak potrebujete aktualizovan\u00fd obsah, h\u013eadajte ofici\u00e1lnu webov\u00fa str\u00e1nku.<\/p>","protected":false},"excerpt":{"rendered":"<p>Upozornenie: Port\u00e1l Dia Dia nevyber\u00e1 peniaze od svojich pou\u017e\u00edvate\u013eov. Preto, ak si prezer\u00e1te str\u00e1nku a zobraz\u00ed sa v\u00e1m okno s v\u00fdzvou na tak\u00fato \u010dinnos\u0165, informujte n\u00e1s o tom a str\u00e1nku okam\u017eite zatvorte. Pozn\u00e1mky: Port\u00e1l Dia Dia je informat\u00edvna webov\u00e1 str\u00e1nka, ktor\u00e1 sa sna\u017e\u00ed poskytova\u0165 svojim pou\u017e\u00edvate\u013eom kvalitn\u00fd obsah. Av\u0161ak s [\u2026]<\/p>","protected":false},"author":1,"featured_media":0,"parent":0,"menu_order":0,"comment_status":"closed","ping_status":"closed","template":"","meta":{"footnotes":""},"class_list":["post-885","page","type-page","status-publish"],"_links":{"self":[{"href":"https:\/\/portaldiadia.com\/sk\/wp-json\/wp\/v2\/pages\/885","targetHints":{"allow":["GET"]}}],"collection":[{"href":"https:\/\/portaldiadia.com\/sk\/wp-json\/wp\/v2\/pages"}],"about":[{"href":"https:\/\/portaldiadia.com\/sk\/wp-json\/wp\/v2\/types\/page"}],"author":[{"embeddable":true,"href":"https:\/\/portaldiadia.com\/sk\/wp-json\/wp\/v2\/users\/1"}],"replies":[{"embeddable":true,"href":"https:\/\/portaldiadia.com\/sk\/wp-json\/wp\/v2\/comments?post=885"}],"version-history":[{"count":0,"href":"https:\/\/portaldiadia.com\/sk\/wp-json\/wp\/v2\/pages\/885\/revisions"}],"wp:attachment":[{"href":"https:\/\/portaldiadia.com\/sk\/wp-json\/wp\/v2\/media?parent=885"}],"curies":[{"name":"pracovn\u00fd list","href":"https:\/\/api.w.org\/{rel}","templated":true}]}}