{"id":687,"date":"2022-07-26T19:04:11","date_gmt":"2022-07-26T19:04:11","guid":{"rendered":"https:\/\/portaldiadia.com\/?page_id=687"},"modified":"2022-10-27T15:24:45","modified_gmt":"2022-10-27T15:24:45","slug":"kto-sme","status":"publish","type":"page","link":"https:\/\/portaldiadia.com\/sk\/kto-sme\/","title":{"rendered":"Kto sme"},"content":{"rendered":"<p>Sme Portal Dia Dia a zameriavame sa na to, aby sme v\u00e1m prin\u00e1\u0161ali kvalitn\u00fd obsah! Na\u0161\u00edm poslan\u00edm je prin\u00e1\u0161a\u0165 vedomosti do v\u0161etk\u00fdch \u010dast\u00ed sveta dobr\u00fdm vyu\u017e\u00edvan\u00edm technol\u00f3gi\u00ed.<\/p>\n<p>N\u00e1\u0161 t\u00edm tvoria autori, ktor\u00ed maj\u00fa hlbok\u00e9 znalosti o t\u00e9mach a kateg\u00f3ri\u00e1ch, ktor\u00e9 uv\u00e1dzame na na\u0161ej webovej str\u00e1nke.<\/p>\n<p>Preto sledovan\u00edm na\u0161ej webovej str\u00e1nky budete m\u00f4c\u0165 z\u00edska\u0165 vedomosti vo vz\u0165ahu k r\u00f4znym aspektom, a to na n\u00e1rodnej aj glob\u00e1lnej \u00farovni.<\/p>","protected":false},"excerpt":{"rendered":"<p>Sme Portal Dia Dia a zameriavame sa na to, aby sme v\u00e1m prin\u00e1\u0161ali kvalitn\u00fd obsah! Na\u0161\u00edm poslan\u00edm je prin\u00e1\u0161a\u0165 vedomosti do v\u0161etk\u00fdch \u010dast\u00ed sveta vyu\u017e\u00edvan\u00edm technol\u00f3gi\u00ed. N\u00e1\u0161 t\u00edm sa sklad\u00e1 z autorov s hlbok\u00fdmi znalos\u0165ami t\u00e9m a kateg\u00f3ri\u00ed uveden\u00fdch na na\u0161ej webovej str\u00e1nke. Preto sledovan\u00edm [\u2026]<\/p>","protected":false},"author":1,"featured_media":0,"parent":0,"menu_order":0,"comment_status":"closed","ping_status":"closed","template":"","meta":{"footnotes":""},"class_list":["post-687","page","type-page","status-publish"],"_links":{"self":[{"href":"https:\/\/portaldiadia.com\/sk\/wp-json\/wp\/v2\/pages\/687","targetHints":{"allow":["GET"]}}],"collection":[{"href":"https:\/\/portaldiadia.com\/sk\/wp-json\/wp\/v2\/pages"}],"about":[{"href":"https:\/\/portaldiadia.com\/sk\/wp-json\/wp\/v2\/types\/page"}],"author":[{"embeddable":true,"href":"https:\/\/portaldiadia.com\/sk\/wp-json\/wp\/v2\/users\/1"}],"replies":[{"embeddable":true,"href":"https:\/\/portaldiadia.com\/sk\/wp-json\/wp\/v2\/comments?post=687"}],"version-history":[{"count":0,"href":"https:\/\/portaldiadia.com\/sk\/wp-json\/wp\/v2\/pages\/687\/revisions"}],"wp:attachment":[{"href":"https:\/\/portaldiadia.com\/sk\/wp-json\/wp\/v2\/media?parent=687"}],"curies":[{"name":"pracovn\u00fd list","href":"https:\/\/api.w.org\/{rel}","templated":true}]}}