{"id":684,"date":"2022-07-26T18:59:40","date_gmt":"2022-07-26T18:59:40","guid":{"rendered":"https:\/\/portaldiadia.com\/?page_id=684"},"modified":"2022-10-27T15:25:02","modified_gmt":"2022-10-27T15:25:02","slug":"podmienky-pouzivania","status":"publish","type":"page","link":"https:\/\/portaldiadia.com\/sk\/podmienky-pouzivania\/","title":{"rendered":"Podmienky pou\u017e\u00edvania"},"content":{"rendered":"<p>Aby ste si mohli na\u010falej u\u017e\u00edva\u0165 na\u0161u webov\u00fa str\u00e1nku, je nevyhnutn\u00e9, aby ste si pre\u010d\u00edtali a vyjadrili s\u00fahlas s podmienkami pou\u017e\u00edvania na tejto str\u00e1nke. Vz\u0165ah Portal Dia Dia s vami sa tak bude riadi\u0165 jasn\u00fdmi pravidlami.<\/p>\n<p>Ak nes\u00fahlas\u00edte s akouko\u013evek \u010das\u0165ou t\u00fdchto podmienok, nepou\u017e\u00edvajte na\u0161u webov\u00fa str\u00e1nku.<\/p>\n<p>Ni\u017e\u0161ie n\u00e1jdete podmienky pou\u017e\u00edvania port\u00e1lu Dia Dia:<\/p>\n<ul>\n<li>Obsah na\u0161ej webovej str\u00e1nky sa m\u00f4\u017ee kedyko\u013evek zmeni\u0165. Okrem toho sl\u00fa\u017eia len ako v\u0161eobecn\u00e9 inform\u00e1cie.<\/li>\n<li>Na materi\u00e1l na tejto str\u00e1nke neposkytujeme \u017eiadnu z\u00e1ruku. M\u00f4\u017ee by\u0165 n\u00e1chyln\u00fd na chyby a omyly. Preto je mo\u017en\u00e9 kedyko\u013evek vykona\u0165 \u00fapravy inform\u00e1ci\u00ed.<\/li>\n<li>Ak\u00e9ko\u013evek inform\u00e1cie alebo materi\u00e1ly na tejto webovej str\u00e1nke pou\u017e\u00edvate v\u00fdlu\u010dne na va\u0161e vlastn\u00e9 riziko, za ktor\u00e9 nenesieme \u017eiadnu zodpovednos\u0165.<\/li>\n<li>Je d\u00f4le\u017eit\u00e9, aby ste vedeli, \u017ee odkazy na in\u00e9 str\u00e1nky nie s\u00fa na\u0161ou zodpovednos\u0165ou. S\u00fa vytvoren\u00e9 len preto, aby ste mali extra obsah na prehliadanie a t\u00fdm z\u00edskavanie \u010fal\u0161\u00edch inform\u00e1ci\u00ed. Nenesieme \u017eiadnu zodpovednos\u0165 za obsah prepojen\u00fdch webov\u00fdch str\u00e1nok.<\/li>\n<\/ul>","protected":false},"excerpt":{"rendered":"<p>Aby ste mohli na\u010falej vyu\u017e\u00edva\u0165 na\u0161u webov\u00fa str\u00e1nku, je nevyhnutn\u00e9, aby ste si pre\u010d\u00edtali a s\u00fahlasili s podmienkami pou\u017e\u00edvania uveden\u00fdmi na tejto str\u00e1nke. Vz\u0165ah medzi spolo\u010dnos\u0165ou Portal Dia Dia a vami sa tak bude riadi\u0165 jasn\u00fdmi pravidlami. Ak nes\u00fahlas\u00edte s akouko\u013evek \u010das\u0165ou t\u00fdchto podmienok, nepou\u017e\u00edvajte na\u0161u webov\u00fa str\u00e1nku. Ni\u017e\u0161ie [\u2026]<\/p>","protected":false},"author":1,"featured_media":0,"parent":0,"menu_order":0,"comment_status":"closed","ping_status":"closed","template":"","meta":{"footnotes":""},"class_list":["post-684","page","type-page","status-publish"],"_links":{"self":[{"href":"https:\/\/portaldiadia.com\/sk\/wp-json\/wp\/v2\/pages\/684","targetHints":{"allow":["GET"]}}],"collection":[{"href":"https:\/\/portaldiadia.com\/sk\/wp-json\/wp\/v2\/pages"}],"about":[{"href":"https:\/\/portaldiadia.com\/sk\/wp-json\/wp\/v2\/types\/page"}],"author":[{"embeddable":true,"href":"https:\/\/portaldiadia.com\/sk\/wp-json\/wp\/v2\/users\/1"}],"replies":[{"embeddable":true,"href":"https:\/\/portaldiadia.com\/sk\/wp-json\/wp\/v2\/comments?post=684"}],"version-history":[{"count":0,"href":"https:\/\/portaldiadia.com\/sk\/wp-json\/wp\/v2\/pages\/684\/revisions"}],"wp:attachment":[{"href":"https:\/\/portaldiadia.com\/sk\/wp-json\/wp\/v2\/media?parent=684"}],"curies":[{"name":"pracovn\u00fd list","href":"https:\/\/api.w.org\/{rel}","templated":true}]}}