{"id":676,"date":"2022-07-26T18:41:20","date_gmt":"2022-07-26T18:41:20","guid":{"rendered":"https:\/\/portaldiadia.com\/?page_id=676"},"modified":"2023-06-28T02:35:58","modified_gmt":"2023-06-28T02:35:58","slug":"zasady-ochrany-osobnych-udajov","status":"publish","type":"page","link":"https:\/\/portaldiadia.com\/sk\/zasady-ochrany-osobnych-udajov\/","title":{"rendered":"Z\u00e1sady ochrany osobn\u00fdch \u00fadajov"},"content":{"rendered":"<p>Tieto Z\u00e1sady ochrany osobn\u00fdch \u00fadajov stanovuj\u00fa podmienky, na z\u00e1klade ktor\u00fdch Port\u00e1l Dia Dia pou\u017e\u00edva a chr\u00e1ni inform\u00e1cie poskytnut\u00e9 jeho pou\u017e\u00edvate\u013emi pri pou\u017e\u00edvan\u00ed jeho webovej str\u00e1nky.<\/p>\n<p>T\u00e1to spolo\u010dnos\u0165 sa zaviazala k bezpe\u010dnosti \u00fadajov svojich pou\u017e\u00edvate\u013eov.<\/p>\n<p>Tieto Z\u00e1sady ochrany osobn\u00fdch \u00fadajov sa v\u0161ak m\u00f4\u017eu \u010dasom meni\u0165 alebo aktualizova\u0165, preto odpor\u00fa\u010dame a zd\u00f4raz\u0148ujeme, \u017ee t\u00fato str\u00e1nku neust\u00e1le kontrolujete, aby ste sa uistili, \u017ee s\u00fahlas\u00edte s ak\u00fdmiko\u013evek tak\u00fdmito zmenami.<\/p>\n<h3>Personalizovan\u00e1 reklama<\/h3>\n<p>Pou\u017e\u00edvatelia sa m\u00f4\u017eu odhl\u00e1si\u0165 z personalizovanej reklamy n\u00e1v\u0161tevou str\u00e1nky <a href=\"https:\/\/adssettings.google.com\/authenticated\">Nastavenia reklamy<\/a>. Pr\u00edpadne m\u00f4\u017eete pou\u017e\u00edvate\u013eov nasmerova\u0165 na pr\u00edstup na str\u00e1nku <a href=\"https:\/\/optout.aboutads.info\/?c=2&amp;lang=ES\">www.aboutads.info<\/a> zak\u00e1za\u0165 pou\u017e\u00edvanie personalizovan\u00fdch reklamn\u00fdch cookies tret\u00edch str\u00e1n.<\/p>\n<h3>Inform\u00e1cie, ktor\u00e9 sa zhroma\u017e\u010fuj\u00fa<\/h3>\n<p>Na\u0161a webov\u00e1 str\u00e1nka m\u00f4\u017ee zhroma\u017e\u010fova\u0165 osobn\u00e9 \u00fadaje, ako s\u00fa: Meno, kontaktn\u00e9 inform\u00e1cie, e-mailov\u00e1 adresa a demografick\u00e9 inform\u00e1cie.<\/p>\n<p>Podobne, ak je to potrebn\u00e9, na spracovanie objedn\u00e1vky m\u00f4\u017eu by\u0165 potrebn\u00e9 \u0161pecifick\u00e9 inform\u00e1cie.<\/p>\n<h3>Pou\u017eitie zozbieran\u00fdch inform\u00e1ci\u00ed<\/h3>\n<p>Na\u0161a webov\u00e1 str\u00e1nka pou\u017e\u00edva inform\u00e1cie na poskytovanie najlep\u0161\u00edch mo\u017en\u00fdch slu\u017eieb, najm\u00e4 na sledovanie pou\u017e\u00edvate\u013eov a zlep\u0161ovanie na\u0161ich produktov a slu\u017eieb.<\/p>\n<p>Port\u00e1l Dia Dia je vysoko odhodlan\u00fd splni\u0165 svoj z\u00e1v\u00e4zok udr\u017eiava\u0165 va\u0161e inform\u00e1cie v bezpe\u010d\u00ed. Pou\u017e\u00edvame najmodernej\u0161ie syst\u00e9my a neust\u00e1le ich aktualizujeme, aby sme zabezpe\u010dili, \u017ee ned\u00f4jde k neopr\u00e1vnen\u00e9mu pr\u00edstupu.<\/p>\n<h3>Cookies<\/h3>\n<p>Cookies vyna\u0161li v polovici 90. rokov Ameri\u010dania John Giannandrea a Lou Montulli.<\/p>\n<p>S\u00fabory cookie prich\u00e1dzaj\u00fa vo forme textov\u00fdch s\u00faborov, ktor\u00e9 prehliada\u010d automaticky uklad\u00e1 na pevn\u00fd disk, ke\u010f n\u00e1v\u0161tevn\u00edk nav\u0161t\u00edvi webov\u00fa str\u00e1nku.<\/p>\n<p>S\u00fabory cookie s\u00fa navrhnut\u00e9 tak, aby zlep\u0161ili pou\u017e\u00edvate\u013esk\u00fa sk\u00fasenos\u0165 a umo\u017enili webov\u00fdm str\u00e1nkam zapam\u00e4ta\u0165 si n\u00e1v\u0161tevu danej osoby.<\/p>\n<p>S\u00fabory cookie preto zohrali d\u00f4le\u017eit\u00fa \u00falohu pri rozvoji internetu, ako ho pozn\u00e1me dnes.<\/p>\n<p>Cookies nie s\u00fa malv\u00e9r ani v\u00edrusy. Ka\u017ed\u00fd s\u00fabor cookie m\u00e1 d\u00e1tum vypr\u0161ania platnosti, ktor\u00fd sa l\u00ed\u0161i v z\u00e1vislosti od webovej lokality.<\/p>\n<p>Pou\u017e\u00edvanie s\u00faborov cookie m\u00f4\u017eete prija\u0165 alebo odmietnu\u0165, v\u00e4\u010d\u0161ina prehliada\u010dov v\u0161ak s\u00fabory cookie automaticky akceptuje, preto\u017ee sl\u00fa\u017eia na poskytovanie lep\u0161\u00edch webov\u00fdch slu\u017eieb.<\/p>\n<p>M\u00f4\u017eete tie\u017e zmeni\u0165 nastavenia po\u010d\u00edta\u010da tak, aby ste odmietli s\u00fabory cookie. Ak bud\u00fa odmietnut\u00e9, mo\u017eno nebudete m\u00f4c\u0165 vyu\u017e\u00edva\u0165 niektor\u00e9 z na\u0161ich slu\u017eieb.<\/p>\n<h3>Odkazy na tretie strany<\/h3>\n<p>T\u00e1to webov\u00e1 str\u00e1nka m\u00f4\u017ee obsahova\u0165 odkazy na in\u00e9 webov\u00e9 str\u00e1nky, ktor\u00e9 by v\u00e1s mohli zauj\u00edma\u0165. Akon\u00e1hle kliknete na tieto odkazy a opust\u00edte na\u0161u str\u00e1nku, u\u017e nem\u00e1me kontrolu nad webovou str\u00e1nkou, na ktor\u00fa ste presmerovan\u00ed, a preto nezodpoved\u00e1me za podmienky alebo s\u00fakromie alebo ochranu va\u0161ich \u00fadajov na t\u00fdchto webov\u00fdch str\u00e1nkach tret\u00edch str\u00e1n.<\/p>\n<p>Tieto str\u00e1nky podliehaj\u00fa ich vlastn\u00fdm z\u00e1sad\u00e1m ochrany osobn\u00fdch \u00fadajov, preto v\u00e1m odpor\u00fa\u010dame, aby ste ich skontrolovali a potvrdili, \u017ee s nimi s\u00fahlas\u00edte.<\/p>","protected":false},"excerpt":{"rendered":"<p>Tieto Z\u00e1sady ochrany osobn\u00fdch \u00fadajov stanovuj\u00fa podmienky, za ktor\u00fdch spolo\u010dnos\u0165 Portal Dia Dia pou\u017e\u00edva a chr\u00e1ni inform\u00e1cie poskytnut\u00e9 jej pou\u017e\u00edvate\u013emi pri pou\u017e\u00edvan\u00ed jej webovej str\u00e1nky. T\u00e1to spolo\u010dnos\u0165 sa zav\u00e4zuje k bezpe\u010dnosti \u00fadajov svojich pou\u017e\u00edvate\u013eov. Tieto Z\u00e1sady ochrany osobn\u00fdch \u00fadajov sa v\u0161ak m\u00f4\u017eu \u010dasom meni\u0165 alebo aktualizova\u0165, a to pre [\u2026]<\/p>","protected":false},"author":1,"featured_media":0,"parent":0,"menu_order":0,"comment_status":"closed","ping_status":"closed","template":"","meta":{"footnotes":""},"class_list":["post-676","page","type-page","status-publish"],"_links":{"self":[{"href":"https:\/\/portaldiadia.com\/sk\/wp-json\/wp\/v2\/pages\/676","targetHints":{"allow":["GET"]}}],"collection":[{"href":"https:\/\/portaldiadia.com\/sk\/wp-json\/wp\/v2\/pages"}],"about":[{"href":"https:\/\/portaldiadia.com\/sk\/wp-json\/wp\/v2\/types\/page"}],"author":[{"embeddable":true,"href":"https:\/\/portaldiadia.com\/sk\/wp-json\/wp\/v2\/users\/1"}],"replies":[{"embeddable":true,"href":"https:\/\/portaldiadia.com\/sk\/wp-json\/wp\/v2\/comments?post=676"}],"version-history":[{"count":0,"href":"https:\/\/portaldiadia.com\/sk\/wp-json\/wp\/v2\/pages\/676\/revisions"}],"wp:attachment":[{"href":"https:\/\/portaldiadia.com\/sk\/wp-json\/wp\/v2\/media?parent=676"}],"curies":[{"name":"pracovn\u00fd list","href":"https:\/\/api.w.org\/{rel}","templated":true}]}}