{"id":885,"date":"2022-10-27T17:50:53","date_gmt":"2022-10-27T17:50:53","guid":{"rendered":"https:\/\/portaldiadia.com\/?page_id=885"},"modified":"2022-10-27T17:50:53","modified_gmt":"2022-10-27T17:50:53","slug":"declinare-a-raspunderii","status":"publish","type":"page","link":"https:\/\/portaldiadia.com\/ro\/declinare-a-raspunderii\/","title":{"rendered":"Disclaimer"},"content":{"rendered":"<p><strong>Aten\u0163ie:<\/strong> Portalul Dia Dia nu solicit\u0103 bani de la utilizatorii s\u0103i. Prin urmare, dac\u0103 naviga\u021bi pe site \u0219i apare o fereastr\u0103 care v\u0103 cere s\u0103 face\u021bi acest lucru, anun\u021ba\u021bi-ne \u0219i \u00eenchide\u021bi imediat site-ul.<\/p>\n<p><strong>Comentarii:<\/strong> Portal Dia Dia este un site informativ care dore\u0219te \u00eentotdeauna s\u0103 ofere con\u021binut de calitate utilizatorilor s\u0103i. Cu toate acestea, odat\u0103 cu viteza cu care se schimb\u0103 informa\u021biile, unele articole pot fi dep\u0103\u0219ite.<\/p>\n<p>De\u0219i ne str\u0103duim s\u0103 ne men\u021binem site-ul mereu la zi, nu suntem responsabili dac\u0103 ceva difer\u0103 de alte site-uri.<\/p>\n<p><strong>Parteneri:<\/strong> Principala surs\u0103 de venit a Portal Dia Dia este publicitatea. Prin intermediul partenerilor de publicitate, site-ul c\u00e2\u0219tig\u0103 o parte din profit. Cu toate acestea, trebuie precizat c\u0103 nu suntem responsabili pentru reclamele care sunt afi\u0219ate pe acest site.<\/p>\n<p><strong>Considera\u021bii:<\/strong> Dac\u0103 ave\u021bi nevoie de informa\u021bii de calitate, asigura\u021bi-v\u0103 c\u0103 c\u0103uta\u021bi Portal Dia Dia pentru asta. Cu toate acestea, re\u021bine\u021bi, din nou, c\u0103 articolele nu sunt \u00eentotdeauna actualizate. Prin urmare, dac\u0103 ave\u021bi nevoie de con\u021binut actualizat, c\u0103uta\u021bi site-ul oficial.<\/p>","protected":false},"excerpt":{"rendered":"<p>Aten\u021bie: Portal Dia Dia nu solicit\u0103 bani de la utilizatorii s\u0103i. Prin urmare, dac\u0103 naviga\u021bi pe site \u0219i apare o fereastr\u0103 care v\u0103 cere s\u0103 face\u021bi acest lucru, v\u0103 rug\u0103m s\u0103 ne informa\u021bi \u0219i s\u0103 \u00eenchide\u021bi site-ul imediat. Note: Portal Dia Dia este un site web informativ care dore\u0219te \u00eentotdeauna s\u0103 ofere con\u021binut de calitate utilizatorilor s\u0103i. Cu toate acestea, cu [\u2026]<\/p>","protected":false},"author":1,"featured_media":0,"parent":0,"menu_order":0,"comment_status":"closed","ping_status":"closed","template":"","meta":{"footnotes":""},"class_list":["post-885","page","type-page","status-publish"],"_links":{"self":[{"href":"https:\/\/portaldiadia.com\/ro\/wp-json\/wp\/v2\/pages\/885","targetHints":{"allow":["GET"]}}],"collection":[{"href":"https:\/\/portaldiadia.com\/ro\/wp-json\/wp\/v2\/pages"}],"about":[{"href":"https:\/\/portaldiadia.com\/ro\/wp-json\/wp\/v2\/types\/page"}],"author":[{"embeddable":true,"href":"https:\/\/portaldiadia.com\/ro\/wp-json\/wp\/v2\/users\/1"}],"replies":[{"embeddable":true,"href":"https:\/\/portaldiadia.com\/ro\/wp-json\/wp\/v2\/comments?post=885"}],"version-history":[{"count":0,"href":"https:\/\/portaldiadia.com\/ro\/wp-json\/wp\/v2\/pages\/885\/revisions"}],"wp:attachment":[{"href":"https:\/\/portaldiadia.com\/ro\/wp-json\/wp\/v2\/media?parent=885"}],"curies":[{"name":"wp","href":"https:\/\/api.w.org\/{rel}","templated":true}]}}