{"id":687,"date":"2022-07-26T19:04:11","date_gmt":"2022-07-26T19:04:11","guid":{"rendered":"https:\/\/portaldiadia.com\/?page_id=687"},"modified":"2022-10-27T15:24:45","modified_gmt":"2022-10-27T15:24:45","slug":"cine-suntem","status":"publish","type":"page","link":"https:\/\/portaldiadia.com\/ro\/cine-suntem\/","title":{"rendered":"Cine suntem noi"},"content":{"rendered":"<p>Suntem Portal Dia Dia \u0219i suntem concentra\u021bi s\u0103 v\u0103 aducem con\u021binut de calitate! Misiunea noastr\u0103 este s\u0103 aducem cuno\u0219tin\u021be \u00een toate p\u0103r\u021bile lumii utiliz\u00e2nd bine tehnologia.<\/p>\n<p>Echipa noastr\u0103 este format\u0103 din scriitori care au cuno\u0219tin\u021be aprofundate despre subiectele \u0219i categoriile pe care le prezent\u0103m pe site-ul nostru.<\/p>\n<p>Prin urmare, urm\u0103rind site-ul nostru, ve\u021bi putea dob\u00e2ndi cuno\u0219tin\u021be \u00een leg\u0103tur\u0103 cu diverse fa\u021bete, at\u00e2t la nivel na\u021bional, c\u00e2t \u0219i global.<\/p>","protected":false},"excerpt":{"rendered":"<p>Suntem Portal Dia Dia \u0219i ne concentr\u0103m pe a v\u0103 oferi con\u021binut de calitate! Misiunea noastr\u0103 este s\u0103 aducem cuno\u0219tin\u021be \u00een toate p\u0103r\u021bile lumii utiliz\u00e2nd eficient tehnologia. Echipa noastr\u0103 este format\u0103 din scriitori care au cuno\u0219tin\u021be aprofundate despre subiectele \u0219i categoriile pe care le aducem pe site-ul nostru web. Prin urmare, atunci c\u00e2nd urm\u0103ri\u021bi [\u2026]<\/p>","protected":false},"author":1,"featured_media":0,"parent":0,"menu_order":0,"comment_status":"closed","ping_status":"closed","template":"","meta":{"footnotes":""},"class_list":["post-687","page","type-page","status-publish"],"_links":{"self":[{"href":"https:\/\/portaldiadia.com\/ro\/wp-json\/wp\/v2\/pages\/687","targetHints":{"allow":["GET"]}}],"collection":[{"href":"https:\/\/portaldiadia.com\/ro\/wp-json\/wp\/v2\/pages"}],"about":[{"href":"https:\/\/portaldiadia.com\/ro\/wp-json\/wp\/v2\/types\/page"}],"author":[{"embeddable":true,"href":"https:\/\/portaldiadia.com\/ro\/wp-json\/wp\/v2\/users\/1"}],"replies":[{"embeddable":true,"href":"https:\/\/portaldiadia.com\/ro\/wp-json\/wp\/v2\/comments?post=687"}],"version-history":[{"count":0,"href":"https:\/\/portaldiadia.com\/ro\/wp-json\/wp\/v2\/pages\/687\/revisions"}],"wp:attachment":[{"href":"https:\/\/portaldiadia.com\/ro\/wp-json\/wp\/v2\/media?parent=687"}],"curies":[{"name":"wp","href":"https:\/\/api.w.org\/{rel}","templated":true}]}}