{"id":684,"date":"2022-07-26T18:59:40","date_gmt":"2022-07-26T18:59:40","guid":{"rendered":"https:\/\/portaldiadia.com\/?page_id=684"},"modified":"2022-10-27T15:25:02","modified_gmt":"2022-10-27T15:25:02","slug":"termeni-de-utilizare","status":"publish","type":"page","link":"https:\/\/portaldiadia.com\/ro\/termeni-de-utilizare\/","title":{"rendered":"Termeni de utilizare"},"content":{"rendered":"<p>Pentru a v\u0103 bucura \u00een continuare de site-ul nostru, este esen\u021bial s\u0103 citi\u021bi \u0219i s\u0103 fi\u021bi de acord cu termenii de utilizare prezen\u021bi pe aceast\u0103 pagin\u0103. \u00cen acest fel, rela\u021bia Portal Dia Dia cu dvs. va fi guvernat\u0103 de reguli clare.<\/p>\n<p>Dac\u0103 nu sunte\u021bi de acord cu orice parte a acestor termeni \u0219i condi\u021bii, nu utiliza\u021bi site-ul nostru.<\/p>\n<p>Mai jos ve\u021bi g\u0103si termenii de utilizare ai Portalului Dia Dia:<\/p>\n<ul>\n<li>Con\u021binutul de pe site-ul nostru poate fi modificat \u00een orice zi. \u00cen plus, ele servesc doar ca informa\u021bii generale.<\/li>\n<li>Nu oferim nicio garan\u021bie cu privire la materialul de pe acest site. Poate fi predispus la erori \u0219i gre\u0219eli. Prin urmare, ajust\u0103rile informa\u021biilor pot fi f\u0103cute \u00een orice moment.<\/li>\n<li>Utilizarea de c\u0103tre dumneavoastr\u0103 a oric\u0103ror informa\u021bii sau materiale de pe acest site web este \u00een \u00eentregime pe propriul risc, pentru care nu vom fi r\u0103spunz\u0103tori.<\/li>\n<li>Este important s\u0103 \u0219ti\u021bi c\u0103 linkurile c\u0103tre alte site-uri nu sunt responsabilitatea noastr\u0103. Sunt create doar pentru ca tu sa ai continut in plus de navigat si astfel sa obtii mai multe informatii. Nu avem nicio responsabilitate pentru con\u021binutul site-urilor web asociate.<\/li>\n<\/ul>","protected":false},"excerpt":{"rendered":"<p>Pentru a continua s\u0103 v\u0103 bucura\u021bi de site-ul nostru web, este esen\u021bial s\u0103 citi\u021bi \u0219i s\u0103 fi\u021bi de acord cu termenii de utilizare de pe aceast\u0103 pagin\u0103. \u00cen acest fel, rela\u021bia Portal Dia Dia cu dvs. va fi guvernat\u0103 de reguli clare. Dac\u0103 nu sunte\u021bi de acord cu vreo parte a acestor termeni \u0219i condi\u021bii, nu utiliza\u021bi site-ul nostru web. Mai jos [\u2026]<\/p>","protected":false},"author":1,"featured_media":0,"parent":0,"menu_order":0,"comment_status":"closed","ping_status":"closed","template":"","meta":{"footnotes":""},"class_list":["post-684","page","type-page","status-publish"],"_links":{"self":[{"href":"https:\/\/portaldiadia.com\/ro\/wp-json\/wp\/v2\/pages\/684","targetHints":{"allow":["GET"]}}],"collection":[{"href":"https:\/\/portaldiadia.com\/ro\/wp-json\/wp\/v2\/pages"}],"about":[{"href":"https:\/\/portaldiadia.com\/ro\/wp-json\/wp\/v2\/types\/page"}],"author":[{"embeddable":true,"href":"https:\/\/portaldiadia.com\/ro\/wp-json\/wp\/v2\/users\/1"}],"replies":[{"embeddable":true,"href":"https:\/\/portaldiadia.com\/ro\/wp-json\/wp\/v2\/comments?post=684"}],"version-history":[{"count":0,"href":"https:\/\/portaldiadia.com\/ro\/wp-json\/wp\/v2\/pages\/684\/revisions"}],"wp:attachment":[{"href":"https:\/\/portaldiadia.com\/ro\/wp-json\/wp\/v2\/media?parent=684"}],"curies":[{"name":"wp","href":"https:\/\/api.w.org\/{rel}","templated":true}]}}