{"id":676,"date":"2022-07-26T18:41:20","date_gmt":"2022-07-26T18:41:20","guid":{"rendered":"https:\/\/portaldiadia.com\/?page_id=676"},"modified":"2023-06-28T02:35:58","modified_gmt":"2023-06-28T02:35:58","slug":"politica-de-confidentialitate","status":"publish","type":"page","link":"https:\/\/portaldiadia.com\/ro\/politica-de-confidentialitate\/","title":{"rendered":"Politica de confiden\u021bialitate"},"content":{"rendered":"<p>Aceast\u0103 Politic\u0103 de confiden\u021bialitate stabile\u0219te condi\u021biile \u00een care Portal Dia Dia utilizeaz\u0103 \u0219i protejeaz\u0103 informa\u021biile furnizate de utilizatorii s\u0103i atunci c\u00e2nd \u00ee\u0219i folosesc site-ul web.<\/p>\n<p>Aceast\u0103 companie se angajeaz\u0103 s\u0103 asigure securitatea datelor utilizatorilor s\u0103i.<\/p>\n<p>Cu toate acestea, aceast\u0103 Politic\u0103 de confiden\u021bialitate se poate modifica \u00een timp sau poate fi actualizat\u0103, a\u0219a c\u0103 recomand\u0103m \u0219i subliniem revizuirea continu\u0103 a acestei pagini pentru a ne asigura c\u0103 sunte\u021bi de acord cu orice astfel de modific\u0103ri.<\/p>\n<h3>Publicitate personalizata<\/h3>\n<p>Utilizatorii pot renun\u021ba la publicitatea personalizat\u0103 vizit\u00e2nd site-ul <a href=\"https:\/\/adssettings.google.com\/authenticated\">Set\u0103ri pentru anun\u021buri<\/a>. Alternativ, pute\u021bi direc\u021biona utilizatorilor s\u0103 acceseze site-ul <a href=\"https:\/\/optout.aboutads.info\/?c=2&amp;lang=ES\">www.aboutads.info<\/a> pentru a dezactiva utilizarea cookie-urilor de publicitate personalizate de la ter\u021bi.<\/p>\n<h3>Informa\u021biile care sunt colectate<\/h3>\n<p>Site-ul nostru web poate colecta informa\u021bii personale, cum ar fi: Nume, informa\u021bii de contact, adresa de e-mail \u0219i informa\u021bii demografice.<\/p>\n<p>De asemenea, atunci c\u00e2nd este necesar, pot fi solicitate informa\u021bii specifice pentru procesarea unei comenzi.<\/p>\n<h3>Utilizarea informa\u021biilor colectate<\/h3>\n<p>Site-ul nostru web folose\u0219te informa\u021bii pentru a oferi cel mai bun serviciu posibil, \u00een special pentru a \u021bine eviden\u021ba utilizatorilor \u0219i pentru a \u00eembun\u0103t\u0103\u021bi produsele \u0219i serviciile noastre.<\/p>\n<p>Portal Dia Dia este foarte angajat s\u0103 \u00ee\u0219i \u00eendeplineasc\u0103 angajamentul de a v\u0103 p\u0103stra informa\u021biile \u00een siguran\u021b\u0103. Folosim cele mai avansate sisteme \u0219i le actualiz\u0103m constant pentru a ne asigura c\u0103 nu exist\u0103 acces neautorizat.<\/p>\n<h3>Cookie-uri<\/h3>\n<p>Biscui\u021bii au fost inventa\u021bi la mijlocul anilor 1990 de americanii John Giannandrea \u0219i Lou Montulli.<\/p>\n<p>Cookie-urile vin sub form\u0103 de fi\u0219iere text, care sunt salvate automat de browser pe hard disk atunci c\u00e2nd un vizitator viziteaz\u0103 un site web.<\/p>\n<p>Cookie-urile sunt concepute pentru a \u00eembun\u0103t\u0103\u021bi experien\u021ba utilizatorului, pentru a permite site-urilor web s\u0103-\u0219i aminteasc\u0103 vizita acelei persoane.<\/p>\n<p>Prin urmare, cookie-urile au jucat un rol important \u00een dezvoltarea internetului a\u0219a cum \u00eel cunoa\u0219tem ast\u0103zi.<\/p>\n<p>Cookie-urile nu sunt malware sau viru\u0219i. Fiecare cookie are o dat\u0103 de expirare, care variaz\u0103 \u00een func\u021bie de site.<\/p>\n<p>Pute\u021bi accepta sau refuza utilizarea cookie-urilor, totu\u0219i majoritatea browserelor accept\u0103 automat cookie-uri, deoarece acestea servesc pentru a oferi un serviciu web mai bun.<\/p>\n<p>De asemenea, pute\u021bi modifica set\u0103rile computerului pentru a refuza cookie-urile. Dac\u0103 acestea sunt refuzate, este posibil s\u0103 nu pute\u021bi utiliza unele dintre serviciile noastre.<\/p>\n<h3>Link-uri c\u0103tre ter\u021bi<\/h3>\n<p>Acest site web poate con\u021bine link-uri c\u0103tre alte site-uri web care ar putea fi de interes pentru dvs. Odat\u0103 ce face\u021bi clic pe aceste link-uri \u0219i p\u0103r\u0103si\u021bi pagina noastr\u0103, nu mai avem control asupra site-ului web c\u0103tre care sunte\u021bi redirec\u021bionat \u0219i, prin urmare, nu suntem responsabili pentru termenii sau confiden\u021bialitatea sau protec\u021bia datelor dvs. de pe aceste alte site-uri web ter\u021be.<\/p>\n<p>Aceste site-uri sunt supuse propriilor politici de confiden\u021bialitate, a\u0219a c\u0103 sunte\u021bi sf\u0103tuit s\u0103 le verifica\u021bi pentru a confirma c\u0103 sunte\u021bi de acord cu ele.<\/p>","protected":false},"excerpt":{"rendered":"<p>Aceast\u0103 Politic\u0103 de confiden\u021bialitate stabile\u0219te termenii \u00een care Portal Dia Dia utilizeaz\u0103 \u0219i protejeaz\u0103 informa\u021biile furnizate de utilizatorii s\u0103i atunci c\u00e2nd utilizeaz\u0103 site-ul s\u0103u web. Aceast\u0103 companie se angajeaz\u0103 s\u0103 asigure securitatea datelor utilizatorilor s\u0103i. Cu toate acestea, aceast\u0103 Politic\u0103 de confiden\u021bialitate se poate modifica sau actualiza \u00een timp, pentru [\u2026]<\/p>","protected":false},"author":1,"featured_media":0,"parent":0,"menu_order":0,"comment_status":"closed","ping_status":"closed","template":"","meta":{"footnotes":""},"class_list":["post-676","page","type-page","status-publish"],"_links":{"self":[{"href":"https:\/\/portaldiadia.com\/ro\/wp-json\/wp\/v2\/pages\/676","targetHints":{"allow":["GET"]}}],"collection":[{"href":"https:\/\/portaldiadia.com\/ro\/wp-json\/wp\/v2\/pages"}],"about":[{"href":"https:\/\/portaldiadia.com\/ro\/wp-json\/wp\/v2\/types\/page"}],"author":[{"embeddable":true,"href":"https:\/\/portaldiadia.com\/ro\/wp-json\/wp\/v2\/users\/1"}],"replies":[{"embeddable":true,"href":"https:\/\/portaldiadia.com\/ro\/wp-json\/wp\/v2\/comments?post=676"}],"version-history":[{"count":0,"href":"https:\/\/portaldiadia.com\/ro\/wp-json\/wp\/v2\/pages\/676\/revisions"}],"wp:attachment":[{"href":"https:\/\/portaldiadia.com\/ro\/wp-json\/wp\/v2\/media?parent=676"}],"curies":[{"name":"wp","href":"https:\/\/api.w.org\/{rel}","templated":true}]}}