{"id":885,"date":"2022-10-27T17:50:53","date_gmt":"2022-10-27T17:50:53","guid":{"rendered":"https:\/\/portaldiadia.com\/?page_id=885"},"modified":"2022-10-27T17:50:53","modified_gmt":"2022-10-27T17:50:53","slug":"zastrzezenie","status":"publish","type":"page","link":"https:\/\/portaldiadia.com\/pl\/zastrzezenie\/","title":{"rendered":"Zastrze\u017cenie"},"content":{"rendered":"<p><strong>Uwaga:<\/strong> Portal Dia Dia nie \u017c\u0105da od swoich u\u017cytkownik\u00f3w pieni\u0119dzy. Dlatego te\u017c, je\u015bli przegl\u0105dasz witryn\u0119 i pojawi si\u0119 okno z pro\u015bb\u0105 o wykonanie tej czynno\u015bci, daj nam zna\u0107 i natychmiast zamknij witryn\u0119.<\/p>\n<p><strong>Uwagi:<\/strong> Portal Dia Dia to serwis informacyjny, kt\u00f3ry zawsze pragnie dostarcza\u0107 swoim u\u017cytkownikom wysokiej jako\u015bci tre\u015bci. Jednak ze wzgl\u0119du na szybko\u015b\u0107 zmian informacji niekt\u00f3re artyku\u0142y mog\u0105 by\u0107 nieaktualne.<\/p>\n<p>Chocia\u017c staramy si\u0119, aby nasza witryna by\u0142a zawsze aktualna, nie ponosimy odpowiedzialno\u015bci, je\u015bli co\u015b r\u00f3\u017cni si\u0119 od innych witryn.<\/p>\n<p><strong>Wzmacniacz:<\/strong> G\u0142\u00f3wnym \u017ar\u00f3d\u0142em dochodu Portal Dia Dia s\u0105 reklamy. Dzi\u0119ki partnerom reklamowym witryna uzyskuje cz\u0119\u015b\u0107 zysk\u00f3w. Nale\u017cy jednak wyra\u017anie zaznaczy\u0107, \u017ce nie ponosimy odpowiedzialno\u015bci za reklamy wy\u015bwietlane na tej stronie.<\/p>\n<p><strong>Rozwa\u017cania:<\/strong> Je\u015bli potrzebujesz informacji wysokiej jako\u015bci, poszukaj w tym celu Portal Dia Dia. Nale\u017cy jednak pami\u0119ta\u0107, \u017ce artyku\u0142y nie zawsze s\u0105 aktualizowane. Dlatego je\u015bli potrzebujesz zaktualizowanej zawarto\u015bci, poszukaj oficjalnej strony internetowej.<\/p>","protected":false},"excerpt":{"rendered":"<p>Uwaga: Portal Dia Dia nie pobiera op\u0142at od swoich u\u017cytkownik\u00f3w. Dlatego je\u015bli podczas przegl\u0105dania witryny pojawi si\u0119 okno z pro\u015bb\u0105 o to, prosimy o powiadomienie nas i natychmiastowe zamkni\u0119cie witryny. Uwagi: Portal Dia Dia to strona informacyjna, kt\u00f3ra d\u0105\u017cy do dostarczania u\u017cytkownikom wysokiej jako\u015bci tre\u015bci. Jednak\u017ce, z [\u2026]<\/p>","protected":false},"author":1,"featured_media":0,"parent":0,"menu_order":0,"comment_status":"closed","ping_status":"closed","template":"","meta":{"footnotes":""},"class_list":["post-885","page","type-page","status-publish"],"_links":{"self":[{"href":"https:\/\/portaldiadia.com\/pl\/wp-json\/wp\/v2\/pages\/885","targetHints":{"allow":["GET"]}}],"collection":[{"href":"https:\/\/portaldiadia.com\/pl\/wp-json\/wp\/v2\/pages"}],"about":[{"href":"https:\/\/portaldiadia.com\/pl\/wp-json\/wp\/v2\/types\/page"}],"author":[{"embeddable":true,"href":"https:\/\/portaldiadia.com\/pl\/wp-json\/wp\/v2\/users\/1"}],"replies":[{"embeddable":true,"href":"https:\/\/portaldiadia.com\/pl\/wp-json\/wp\/v2\/comments?post=885"}],"version-history":[{"count":0,"href":"https:\/\/portaldiadia.com\/pl\/wp-json\/wp\/v2\/pages\/885\/revisions"}],"wp:attachment":[{"href":"https:\/\/portaldiadia.com\/pl\/wp-json\/wp\/v2\/media?parent=885"}],"curies":[{"name":"wp","href":"https:\/\/api.w.org\/{rel}","templated":true}]}}