{"id":687,"date":"2022-07-26T19:04:11","date_gmt":"2022-07-26T19:04:11","guid":{"rendered":"https:\/\/portaldiadia.com\/?page_id=687"},"modified":"2022-10-27T15:24:45","modified_gmt":"2022-10-27T15:24:45","slug":"kim-jestesmy","status":"publish","type":"page","link":"https:\/\/portaldiadia.com\/pl\/kim-jestesmy\/","title":{"rendered":"Kim jeste\u015bmy"},"content":{"rendered":"<p>Jeste\u015bmy Portalem Dia Dia i skupiamy si\u0119 na dostarczaniu Ci tre\u015bci wysokiej jako\u015bci! Nasz\u0105 misj\u0105 jest szerzenie wiedzy na ca\u0142ym \u015bwiecie poprzez umiej\u0119tne wykorzystanie technologii.<\/p>\n<p>Nasz zesp\u00f3\u0142 sk\u0142ada si\u0119 z autor\u00f3w, kt\u00f3rzy posiadaj\u0105 dog\u0142\u0119bn\u0105 wiedz\u0119 na temat temat\u00f3w i kategorii, kt\u00f3re prezentujemy na naszej stronie internetowej.<\/p>\n<p>Dzi\u0119ki temu, \u015bledz\u0105c nasz\u0105 stron\u0119, b\u0119dziesz m\u00f3g\u0142 zdoby\u0107 wiedz\u0119 na temat r\u00f3\u017cnych aspekt\u00f3w, zar\u00f3wno w skali krajowej, jak i globalnej.<\/p>","protected":false},"excerpt":{"rendered":"<p>Jeste\u015bmy Portal Dia Dia i skupiamy si\u0119 na dostarczaniu Ci wysokiej jako\u015bci tre\u015bci! Nasz\u0105 misj\u0105 jest dostarczanie wiedzy do wszystkich cz\u0119\u015bci \u015bwiata poprzez dobre wykorzystanie technologii. Nasz zesp\u00f3\u0142 sk\u0142ada si\u0119 z autor\u00f3w, kt\u00f3rzy maj\u0105 dog\u0142\u0119bn\u0105 wiedz\u0119 na temat temat\u00f3w i kategorii, kt\u00f3re wprowadzamy na nasz\u0105 stron\u0119 internetow\u0105. Dlatego te\u017c, \u015bledz\u0105c [\u2026]<\/p>","protected":false},"author":1,"featured_media":0,"parent":0,"menu_order":0,"comment_status":"closed","ping_status":"closed","template":"","meta":{"footnotes":""},"class_list":["post-687","page","type-page","status-publish"],"_links":{"self":[{"href":"https:\/\/portaldiadia.com\/pl\/wp-json\/wp\/v2\/pages\/687","targetHints":{"allow":["GET"]}}],"collection":[{"href":"https:\/\/portaldiadia.com\/pl\/wp-json\/wp\/v2\/pages"}],"about":[{"href":"https:\/\/portaldiadia.com\/pl\/wp-json\/wp\/v2\/types\/page"}],"author":[{"embeddable":true,"href":"https:\/\/portaldiadia.com\/pl\/wp-json\/wp\/v2\/users\/1"}],"replies":[{"embeddable":true,"href":"https:\/\/portaldiadia.com\/pl\/wp-json\/wp\/v2\/comments?post=687"}],"version-history":[{"count":0,"href":"https:\/\/portaldiadia.com\/pl\/wp-json\/wp\/v2\/pages\/687\/revisions"}],"wp:attachment":[{"href":"https:\/\/portaldiadia.com\/pl\/wp-json\/wp\/v2\/media?parent=687"}],"curies":[{"name":"wp","href":"https:\/\/api.w.org\/{rel}","templated":true}]}}