{"id":684,"date":"2022-07-26T18:59:40","date_gmt":"2022-07-26T18:59:40","guid":{"rendered":"https:\/\/portaldiadia.com\/?page_id=684"},"modified":"2022-10-27T15:25:02","modified_gmt":"2022-10-27T15:25:02","slug":"warunki-uzytkowania","status":"publish","type":"page","link":"https:\/\/portaldiadia.com\/pl\/warunki-uzytkowania\/","title":{"rendered":"Warunki korzystania"},"content":{"rendered":"<p>Aby m\u00f3c nadal korzysta\u0107 z naszej witryny, konieczne jest przeczytanie i zaakceptowanie warunk\u00f3w u\u017cytkowania znajduj\u0105cych si\u0119 na tej stronie. Dzi\u0119ki temu relacje Portal Dia Dia z Tob\u0105 b\u0119d\u0105 regulowane jasnymi zasadami.<\/p>\n<p>Je\u015bli nie zgadzasz si\u0119 z jak\u0105kolwiek cz\u0119\u015bci\u0105 niniejszych warunk\u00f3w, nie korzystaj z naszej witryny.<\/p>\n<p>Poni\u017cej znajdziesz regulamin korzystania z Portalu Dia Dia:<\/p>\n<ul>\n<li>Tre\u015bci zawarte na naszej stronie internetowej mog\u0105 ulec zmianie w dowolnym dniu. Ponadto s\u0142u\u017c\u0105 jedynie jako informacje og\u00f3lne.<\/li>\n<li>Nie udzielamy \u017cadnej gwarancji dotycz\u0105cej materia\u0142\u00f3w znajduj\u0105cych si\u0119 na tej stronie. Mo\u017ce by\u0107 podatny na b\u0142\u0119dy i pomy\u0142ki. Dlatego w ka\u017cdej chwili mo\u017cna dokona\u0107 korekty informacji.<\/li>\n<li>Korzystanie z jakichkolwiek informacji lub materia\u0142\u00f3w znajduj\u0105cych si\u0119 na tej stronie odbywa si\u0119 ca\u0142kowicie na w\u0142asne ryzyko, za kt\u00f3re nie ponosimy odpowiedzialno\u015bci.<\/li>\n<li>Wa\u017cne jest, aby\u015b wiedzia\u0142, \u017ce linki do innych stron nie s\u0105 nasz\u0105 odpowiedzialno\u015bci\u0105. S\u0105 tworzone w\u0142a\u015bnie po to, aby\u015b mia\u0142 dodatkow\u0105 tre\u015b\u0107 do przegl\u0105dania i tym samym zdobywa\u0142 wi\u0119cej informacji. Nie ponosimy odpowiedzialno\u015bci za tre\u015b\u0107 stron internetowych, do kt\u00f3rych prowadz\u0105 linki.<\/li>\n<\/ul>","protected":false},"excerpt":{"rendered":"<p>Aby m\u00f3c nadal korzysta\u0107 z naszej witryny internetowej, konieczne jest przeczytanie i zaakceptowanie warunk\u00f3w korzystania zamieszczonych na tej stronie. Dzi\u0119ki temu relacje pomi\u0119dzy Tob\u0105 a Portalem Dia Dia b\u0119d\u0105 regulowane jasnymi zasadami. Je\u017celi nie zgadzasz si\u0119 z jak\u0105kolwiek cz\u0119\u015bci\u0105 niniejszych warunk\u00f3w, prosimy nie korzysta\u0107 z naszej strony internetowej. Poni\u017cej [\u2026]<\/p>","protected":false},"author":1,"featured_media":0,"parent":0,"menu_order":0,"comment_status":"closed","ping_status":"closed","template":"","meta":{"footnotes":""},"class_list":["post-684","page","type-page","status-publish"],"_links":{"self":[{"href":"https:\/\/portaldiadia.com\/pl\/wp-json\/wp\/v2\/pages\/684","targetHints":{"allow":["GET"]}}],"collection":[{"href":"https:\/\/portaldiadia.com\/pl\/wp-json\/wp\/v2\/pages"}],"about":[{"href":"https:\/\/portaldiadia.com\/pl\/wp-json\/wp\/v2\/types\/page"}],"author":[{"embeddable":true,"href":"https:\/\/portaldiadia.com\/pl\/wp-json\/wp\/v2\/users\/1"}],"replies":[{"embeddable":true,"href":"https:\/\/portaldiadia.com\/pl\/wp-json\/wp\/v2\/comments?post=684"}],"version-history":[{"count":0,"href":"https:\/\/portaldiadia.com\/pl\/wp-json\/wp\/v2\/pages\/684\/revisions"}],"wp:attachment":[{"href":"https:\/\/portaldiadia.com\/pl\/wp-json\/wp\/v2\/media?parent=684"}],"curies":[{"name":"wp","href":"https:\/\/api.w.org\/{rel}","templated":true}]}}