{"id":676,"date":"2022-07-26T18:41:20","date_gmt":"2022-07-26T18:41:20","guid":{"rendered":"https:\/\/portaldiadia.com\/?page_id=676"},"modified":"2023-06-28T02:35:58","modified_gmt":"2023-06-28T02:35:58","slug":"polityka-prywatnosci","status":"publish","type":"page","link":"https:\/\/portaldiadia.com\/pl\/polityka-prywatnosci\/","title":{"rendered":"Polityka prywatno\u015bci"},"content":{"rendered":"<p>Niniejsza Polityka Prywatno\u015bci okre\u015bla zasady, na jakich Portal Dia Dia wykorzystuje i chroni informacje przekazane przez u\u017cytkownik\u00f3w podczas korzystania z jego serwisu internetowego.<\/p>\n<p>Firma ta dba o bezpiecze\u0144stwo danych swoich u\u017cytkownik\u00f3w.<\/p>\n<p>Jednak\u017ce niniejsza Polityka prywatno\u015bci mo\u017ce z czasem ulec zmianie lub zosta\u0107 zaktualizowana, dlatego zalecamy i podkre\u015blamy ci\u0105g\u0142e przegl\u0105danie tej strony, aby upewni\u0107 si\u0119, \u017ce zgadzasz si\u0119 na wszelkie takie zmiany.<\/p>\n<h3>Spersonalizowana reklama<\/h3>\n<p>U\u017cytkownicy mog\u0105 zrezygnowa\u0107 ze spersonalizowanych reklam, odwiedzaj\u0105c stron\u0119 <a href=\"https:\/\/adssettings.google.com\/authenticated\">Ustawienia reklam<\/a>. Alternatywnie mo\u017cesz skierowa\u0107 u\u017cytkownik\u00f3w do witryny <a href=\"https:\/\/optout.aboutads.info\/?c=2&amp;lang=ES\">www.aboutads.info<\/a> aby wy\u0142\u0105czy\u0107 korzystanie z plik\u00f3w cookie reklam spersonalizowanych stron trzecich.<\/p>\n<h3>Informacje, kt\u00f3re s\u0105 gromadzone<\/h3>\n<p>Nasza strona internetowa mo\u017ce gromadzi\u0107 dane osobowe, takie jak: imi\u0119 i nazwisko, dane kontaktowe, adres e-mail i dane demograficzne.<\/p>\n<p>Podobnie, je\u015bli to konieczne, do przetworzenia zam\u00f3wienia mog\u0105 by\u0107 wymagane okre\u015blone informacje.<\/p>\n<h3>Wykorzystanie zebranych informacji<\/h3>\n<p>Nasza strona internetowa wykorzystuje informacje w celu zapewnienia jak najlepszej obs\u0142ugi, w szczeg\u00f3lno\u015bci w celu \u015bledzenia u\u017cytkownik\u00f3w i ulepszania naszych produkt\u00f3w i us\u0142ug.<\/p>\n<p>Portal Dia Dia dok\u0142ada wszelkich stara\u0144, aby wype\u0142nia\u0107 swoje zobowi\u0105zania dotycz\u0105ce bezpiecze\u0144stwa Twoich informacji. Korzystamy z najnowocze\u015bniejszych system\u00f3w i stale je aktualizujemy, aby zapewni\u0107 brak nieuprawnionego dost\u0119pu.<\/p>\n<h3>Ciastka<\/h3>\n<p>Ciasteczka zosta\u0142y wynalezione w po\u0142owie lat 90. XX wieku przez Amerykan\u00f3w Johna Giannandre\u0119 i Lou Montulli.<\/p>\n<p>Pliki cookies maj\u0105 posta\u0107 plik\u00f3w tekstowych, kt\u00f3re s\u0105 automatycznie zapisywane przez przegl\u0105dark\u0119 na dysku twardym, gdy u\u017cytkownik odwiedza witryn\u0119 internetow\u0105.<\/p>\n<p>Pliki cookies maj\u0105 na celu popraw\u0119 komfortu u\u017cytkowania i umo\u017cliwienie stronom internetowym zapami\u0119tania wizyty danej osoby.<\/p>\n<p>Pliki cookie odegra\u0142y zatem wa\u017cn\u0105 rol\u0119 w rozwoju Internetu, jaki znamy dzisiaj.<\/p>\n<p>Pliki cookie nie s\u0105 z\u0142o\u015bliwym oprogramowaniem ani wirusami. Ka\u017cdy plik cookie ma dat\u0119 wa\u017cno\u015bci, kt\u00f3ra r\u00f3\u017cni si\u0119 w zale\u017cno\u015bci od witryny internetowej.<\/p>\n<p>Mo\u017cesz zaakceptowa\u0107 lub odrzuci\u0107 u\u017cycie plik\u00f3w cookie, jednak wi\u0119kszo\u015b\u0107 przegl\u0105darek automatycznie akceptuje pliki cookie, poniewa\u017c s\u0142u\u017c\u0105 one do zapewnienia lepszej jako\u015bci us\u0142ug internetowych.<\/p>\n<p>Mo\u017cesz tak\u017ce zmieni\u0107 ustawienia swojego komputera, aby odrzuca\u0107 pliki cookies. Je\u015bli zostan\u0105 odrzucone, korzystanie z niekt\u00f3rych naszych us\u0142ug mo\u017ce okaza\u0107 si\u0119 niemo\u017cliwe.<\/p>\n<h3>Linki do stron trzecich<\/h3>\n<p>Niniejsza witryna internetowa mo\u017ce zawiera\u0107 \u0142\u0105cza do innych witryn internetowych, kt\u00f3re mog\u0105 Ci\u0119 zainteresowa\u0107. Gdy klikniesz na te linki i opu\u015bcisz nasz\u0105 stron\u0119, nie mamy ju\u017c kontroli nad witryn\u0105, na kt\u00f3r\u0105 zostaniesz przekierowany, i dlatego nie ponosimy odpowiedzialno\u015bci za warunki, prywatno\u015b\u0107 lub ochron\u0119 Twoich danych na tych stronach internetowych os\u00f3b trzecich.<\/p>\n<p>Strony te podlegaj\u0105 w\u0142asnym politykom prywatno\u015bci, dlatego zaleca si\u0119 ich sprawdzenie i potwierdzenie, \u017ce si\u0119 z nimi zgadzasz.<\/p>","protected":false},"excerpt":{"rendered":"<p>Niniejsza Polityka Prywatno\u015bci okre\u015bla warunki, na jakich Portal Dia Dia wykorzystuje i chroni informacje dostarczane przez swoich u\u017cytkownik\u00f3w podczas korzystania z jego witryny internetowej. Ta firma zobowi\u0105zuje si\u0119 do zapewnienia bezpiecze\u0144stwa danych swoich u\u017cytkownik\u00f3w. Jednak\u017ce niniejsza Polityka Prywatno\u015bci mo\u017ce ulec zmianie lub zosta\u0107 zaktualizowana, na przyk\u0142ad [\u2026]<\/p>","protected":false},"author":1,"featured_media":0,"parent":0,"menu_order":0,"comment_status":"closed","ping_status":"closed","template":"","meta":{"footnotes":""},"class_list":["post-676","page","type-page","status-publish"],"_links":{"self":[{"href":"https:\/\/portaldiadia.com\/pl\/wp-json\/wp\/v2\/pages\/676","targetHints":{"allow":["GET"]}}],"collection":[{"href":"https:\/\/portaldiadia.com\/pl\/wp-json\/wp\/v2\/pages"}],"about":[{"href":"https:\/\/portaldiadia.com\/pl\/wp-json\/wp\/v2\/types\/page"}],"author":[{"embeddable":true,"href":"https:\/\/portaldiadia.com\/pl\/wp-json\/wp\/v2\/users\/1"}],"replies":[{"embeddable":true,"href":"https:\/\/portaldiadia.com\/pl\/wp-json\/wp\/v2\/comments?post=676"}],"version-history":[{"count":0,"href":"https:\/\/portaldiadia.com\/pl\/wp-json\/wp\/v2\/pages\/676\/revisions"}],"wp:attachment":[{"href":"https:\/\/portaldiadia.com\/pl\/wp-json\/wp\/v2\/media?parent=676"}],"curies":[{"name":"wp","href":"https:\/\/api.w.org\/{rel}","templated":true}]}}