{"id":687,"date":"2022-07-26T19:04:11","date_gmt":"2022-07-26T19:04:11","guid":{"rendered":"https:\/\/portaldiadia.com\/?page_id=687"},"modified":"2022-10-27T15:24:45","modified_gmt":"2022-10-27T15:24:45","slug":"siapa-kita","status":"publish","type":"page","link":"https:\/\/portaldiadia.com\/ms\/siapa-kita\/","title":{"rendered":"Siapa kita"},"content":{"rendered":"<p>Kami adalah Portal Dia Dia dan kami memberi tumpuan untuk membawa kandungan berkualiti kepada anda! Misi kami adalah untuk membawa pengetahuan ke semua bahagian dunia dengan menggunakan teknologi dengan baik.<\/p>\n<p>Pasukan kami terdiri daripada penulis yang mempunyai pengetahuan mendalam tentang topik dan kategori yang kami tampilkan di tapak web kami.<\/p>\n<p>Oleh itu, dengan mengikuti laman web kami, anda akan dapat memperoleh pengetahuan berhubung dengan pelbagai aspek, sama ada di peringkat nasional dan global.<\/p>","protected":false},"excerpt":{"rendered":"<p>Somos o Portal Dia Dia e estamos focados em trazer conte\u00fado de qualidade para voc\u00ea! Nossa miss\u00e3o \u00e9 levar conhecimento para todas as partes do mundo fazendo o bom uso da tecnologia. Nossa equipe \u00e9 composta por redatores que possuem conhecimento aprofundado sobre os temas e categorias que trazemos em nosso site. Portanto, ao acompanhar [&hellip;]<\/p>","protected":false},"author":1,"featured_media":0,"parent":0,"menu_order":0,"comment_status":"closed","ping_status":"closed","template":"","meta":{"footnotes":""},"class_list":["post-687","page","type-page","status-publish"],"_links":{"self":[{"href":"https:\/\/portaldiadia.com\/ms\/wp-json\/wp\/v2\/pages\/687","targetHints":{"allow":["GET"]}}],"collection":[{"href":"https:\/\/portaldiadia.com\/ms\/wp-json\/wp\/v2\/pages"}],"about":[{"href":"https:\/\/portaldiadia.com\/ms\/wp-json\/wp\/v2\/types\/page"}],"author":[{"embeddable":true,"href":"https:\/\/portaldiadia.com\/ms\/wp-json\/wp\/v2\/users\/1"}],"replies":[{"embeddable":true,"href":"https:\/\/portaldiadia.com\/ms\/wp-json\/wp\/v2\/comments?post=687"}],"version-history":[{"count":0,"href":"https:\/\/portaldiadia.com\/ms\/wp-json\/wp\/v2\/pages\/687\/revisions"}],"wp:attachment":[{"href":"https:\/\/portaldiadia.com\/ms\/wp-json\/wp\/v2\/media?parent=687"}],"curies":[{"name":"wp","href":"https:\/\/api.w.org\/{rel}","templated":true}]}}