{"id":885,"date":"2022-10-27T17:50:53","date_gmt":"2022-10-27T17:50:53","guid":{"rendered":"https:\/\/portaldiadia.com\/?page_id=885"},"modified":"2022-10-27T17:50:53","modified_gmt":"2022-10-27T17:50:53","slug":"atsisakymas","status":"publish","type":"page","link":"https:\/\/portaldiadia.com\/lt\/atsisakymas\/","title":{"rendered":"Atsisakymas"},"content":{"rendered":"<p><strong>D\u0117mesio:<\/strong> Portalas Dia Dia nepra\u0161o pinig\u0173 i\u0161 savo vartotoj\u0173. Tod\u0117l, jei nar\u0161ote svetain\u0117je ir pasirodo langas, kuriame pra\u0161oma tai padaryti, prane\u0161kite mums ir nedelsdami u\u017edarykite svetain\u0119.<\/p>\n<p><strong>Pastabos:<\/strong> Portalas Dia Dia yra informatyvi svetain\u0117, kuri visada nori pateikti kokybi\u0161k\u0105 turin\u012f savo vartotojams. Ta\u010diau kei\u010diantis informacijai kai kurie straipsniai gali b\u016bti pasen\u0119.<\/p>\n<p>Nors mes stengiam\u0117s, kad m\u016bs\u0173 svetain\u0117 b\u016bt\u0173 atnaujinta, nesame atsakingi, jei ka\u017ekas skiriasi nuo kit\u0173 svetaini\u0173.<\/p>\n<p><strong>Partneriai:<\/strong> Pagrindinis portalo Dia Dia pajam\u0173 \u0161altinis yra reklama. Per reklamos partnerius svetain\u0117 u\u017edirba dal\u012f pelno. Ta\u010diau reikia ai\u0161kiai pasakyti, kad mes nesame atsakingi u\u017e reklamas, rodomas \u0161ioje svetain\u0117je.<\/p>\n<p><strong>Pasvarstymai:<\/strong> Jei jums reikia kokybi\u0161kos informacijos, b\u016btinai ie\u0161kokite tam skirto Dia Dia portalo. Ta\u010diau atminkite, kad straipsniai ne visada atnaujinami. Tod\u0117l, jei jums reikia atnaujinto turinio, ie\u0161kokite oficialios svetain\u0117s.<\/p>","protected":false},"excerpt":{"rendered":"<p>D\u0117mesio: \u201ePortal Dia Dia\u201c nepra\u0161o pinig\u0173 i\u0161 savo naudotoj\u0173. Tod\u0117l, jei nar\u0161ydami svetain\u0117je pasirodo langas, kuriame pra\u0161oma tai padaryti, prane\u0161kite mums ir nedelsdami u\u017edarykite svetain\u0119. Pastabos: \u201ePortal Dia Dia\u201c yra informatyvi svetain\u0117, kuri visada nori savo naudotojams pateikti kokybi\u0161k\u0105 turin\u012f. Ta\u010diau, atsi\u017evelgiant \u012f [\u2026]<\/p>","protected":false},"author":1,"featured_media":0,"parent":0,"menu_order":0,"comment_status":"closed","ping_status":"closed","template":"","meta":{"footnotes":""},"class_list":["post-885","page","type-page","status-publish"],"_links":{"self":[{"href":"https:\/\/portaldiadia.com\/lt\/wp-json\/wp\/v2\/pages\/885","targetHints":{"allow":["GET"]}}],"collection":[{"href":"https:\/\/portaldiadia.com\/lt\/wp-json\/wp\/v2\/pages"}],"about":[{"href":"https:\/\/portaldiadia.com\/lt\/wp-json\/wp\/v2\/types\/page"}],"author":[{"embeddable":true,"href":"https:\/\/portaldiadia.com\/lt\/wp-json\/wp\/v2\/users\/1"}],"replies":[{"embeddable":true,"href":"https:\/\/portaldiadia.com\/lt\/wp-json\/wp\/v2\/comments?post=885"}],"version-history":[{"count":0,"href":"https:\/\/portaldiadia.com\/lt\/wp-json\/wp\/v2\/pages\/885\/revisions"}],"wp:attachment":[{"href":"https:\/\/portaldiadia.com\/lt\/wp-json\/wp\/v2\/media?parent=885"}],"curies":[{"name":"wp","href":"https:\/\/api.w.org\/{rel}","templated":true}]}}