{"id":687,"date":"2022-07-26T19:04:11","date_gmt":"2022-07-26T19:04:11","guid":{"rendered":"https:\/\/portaldiadia.com\/?page_id=687"},"modified":"2022-10-27T15:24:45","modified_gmt":"2022-10-27T15:24:45","slug":"kas-mes-esame","status":"publish","type":"page","link":"https:\/\/portaldiadia.com\/lt\/kas-mes-esame\/","title":{"rendered":"Kas mes esame"},"content":{"rendered":"<p>Esame portalas Dia Dia ir siekiame teikti jums kokybi\u0161k\u0105 turin\u012f! M\u016bs\u0173 misija yra skleisti \u017einias \u012f visas pasaulio dalis, tinkamai panaudojant technologijas.<\/p>\n<p>M\u016bs\u0173 komand\u0105 sudaro ra\u0161ytojai, kurie turi i\u0161sami\u0173 \u017eini\u0173 apie m\u016bs\u0173 svetain\u0117je pateikiamas temas ir kategorijas.<\/p>\n<p>Tod\u0117l, steb\u0117dami m\u016bs\u0173 svetain\u0119, gal\u0117site \u012fgyti \u017eini\u0173 apie \u012fvairius aspektus tiek nacionaliniu, tiek pasauliniu mastu.<\/p>","protected":false},"excerpt":{"rendered":"<p>Esame portalas Dia Dia ir siekiame pateikti jums kokybi\u0161k\u0105 turin\u012f! M\u016bs\u0173 misija yra skleisti \u017einias \u012f visas pasaulio dalis, tinkamai panaudojant technologijas. M\u016bs\u0173 komand\u0105 sudaro ra\u0161ytojai, kurie turi i\u0161sami\u0173 \u017eini\u0173 apie m\u016bs\u0173 svetain\u0117je pateikiamas temas ir kategorijas. Tod\u0117l, kai seka [\u2026]<\/p>","protected":false},"author":1,"featured_media":0,"parent":0,"menu_order":0,"comment_status":"closed","ping_status":"closed","template":"","meta":{"footnotes":""},"class_list":["post-687","page","type-page","status-publish"],"_links":{"self":[{"href":"https:\/\/portaldiadia.com\/lt\/wp-json\/wp\/v2\/pages\/687","targetHints":{"allow":["GET"]}}],"collection":[{"href":"https:\/\/portaldiadia.com\/lt\/wp-json\/wp\/v2\/pages"}],"about":[{"href":"https:\/\/portaldiadia.com\/lt\/wp-json\/wp\/v2\/types\/page"}],"author":[{"embeddable":true,"href":"https:\/\/portaldiadia.com\/lt\/wp-json\/wp\/v2\/users\/1"}],"replies":[{"embeddable":true,"href":"https:\/\/portaldiadia.com\/lt\/wp-json\/wp\/v2\/comments?post=687"}],"version-history":[{"count":0,"href":"https:\/\/portaldiadia.com\/lt\/wp-json\/wp\/v2\/pages\/687\/revisions"}],"wp:attachment":[{"href":"https:\/\/portaldiadia.com\/lt\/wp-json\/wp\/v2\/media?parent=687"}],"curies":[{"name":"wp","href":"https:\/\/api.w.org\/{rel}","templated":true}]}}