{"id":684,"date":"2022-07-26T18:59:40","date_gmt":"2022-07-26T18:59:40","guid":{"rendered":"https:\/\/portaldiadia.com\/?page_id=684"},"modified":"2022-10-27T15:25:02","modified_gmt":"2022-10-27T15:25:02","slug":"naudojimo-salygos","status":"publish","type":"page","link":"https:\/\/portaldiadia.com\/lt\/naudojimo-salygos\/","title":{"rendered":"Naudojimo s\u0105lygos"},"content":{"rendered":"<p>Kad gal\u0117tum\u0117te ir toliau m\u0117gautis m\u016bs\u0173 svetaine, labai svarbu perskaityti \u0161iame puslapyje pateiktas naudojimo s\u0105lygas ir su jomis sutikti. Tokiu b\u016bdu portalo Dia Dia santykiai su jumis bus reguliuojami pagal ai\u0161kias taisykles.<\/p>\n<p>Jei nesutinkate su kuria nors \u0161i\u0173 taisykli\u0173 ir s\u0105lyg\u0173 dalimi, nesinaudokite m\u016bs\u0173 svetaine.<\/p>\n<p>\u017demiau rasite Dia Dia portalo naudojimo s\u0105lygas:<\/p>\n<ul>\n<li>M\u016bs\u0173 svetain\u0117s turinys gali b\u016bti pakeistas bet kuri\u0105 dien\u0105. Be to, jie naudojami tik kaip bendra informacija.<\/li>\n<li>Mes nesuteikiame joki\u0173 garantij\u0173 \u0161ioje svetain\u0117je esan\u010diai med\u017eiagai. Jis gali b\u016bti link\u0119s \u012f klaidas ir klaidas. Tod\u0117l informacij\u0105 galima bet kada koreguoti.<\/li>\n<li>Bet kokios informacijos ar med\u017eiagos naudojimas \u0161ioje svetain\u0117je yra j\u016bs\u0173 pa\u010di\u0173 rizika, u\u017e kuri\u0105 mes neprisiimame atsakomyb\u0117s.<\/li>\n<li>Svarbu \u017einoti, kad nuorodos \u012f kitas svetaines n\u0117ra m\u016bs\u0173 atsakomyb\u0117. Jie sukurti tik tam, kad tur\u0117tum\u0117te papildomo turinio nar\u0161ymui ir taip gautum\u0117te daugiau informacijos. Mes neprisiimame atsakomyb\u0117s u\u017e susietos (-i\u0173) svetain\u0117s (-i\u0173) turin\u012f.<\/li>\n<\/ul>","protected":false},"excerpt":{"rendered":"<p>Kad gal\u0117tum\u0117te ir toliau naudotis m\u016bs\u0173 svetaine, b\u016btina perskaityti ir sutikti su \u0161io puslapio naudojimo s\u0105lygomis. Tokiu b\u016bdu \u201ePortal Dia Dia\u201c santykiai su jumis bus reglamentuojami ai\u0161kiomis taisykl\u0117mis. Jei nesutinkate su bet kuria \u0161i\u0173 s\u0105lyg\u0173 dalimi, nesinaudokite m\u016bs\u0173 svetaine. \u017demiau [\u2026]<\/p>","protected":false},"author":1,"featured_media":0,"parent":0,"menu_order":0,"comment_status":"closed","ping_status":"closed","template":"","meta":{"footnotes":""},"class_list":["post-684","page","type-page","status-publish"],"_links":{"self":[{"href":"https:\/\/portaldiadia.com\/lt\/wp-json\/wp\/v2\/pages\/684","targetHints":{"allow":["GET"]}}],"collection":[{"href":"https:\/\/portaldiadia.com\/lt\/wp-json\/wp\/v2\/pages"}],"about":[{"href":"https:\/\/portaldiadia.com\/lt\/wp-json\/wp\/v2\/types\/page"}],"author":[{"embeddable":true,"href":"https:\/\/portaldiadia.com\/lt\/wp-json\/wp\/v2\/users\/1"}],"replies":[{"embeddable":true,"href":"https:\/\/portaldiadia.com\/lt\/wp-json\/wp\/v2\/comments?post=684"}],"version-history":[{"count":0,"href":"https:\/\/portaldiadia.com\/lt\/wp-json\/wp\/v2\/pages\/684\/revisions"}],"wp:attachment":[{"href":"https:\/\/portaldiadia.com\/lt\/wp-json\/wp\/v2\/media?parent=684"}],"curies":[{"name":"wp","href":"https:\/\/api.w.org\/{rel}","templated":true}]}}