{"id":676,"date":"2022-07-26T18:41:20","date_gmt":"2022-07-26T18:41:20","guid":{"rendered":"https:\/\/portaldiadia.com\/?page_id=676"},"modified":"2023-06-28T02:35:58","modified_gmt":"2023-06-28T02:35:58","slug":"privatumo-politika","status":"publish","type":"page","link":"https:\/\/portaldiadia.com\/lt\/privatumo-politika\/","title":{"rendered":"Privatumo politika"},"content":{"rendered":"<p>\u0160ioje privatumo politikoje nustatomos s\u0105lygos, kuriomis portalas Dia Dia naudoja ir saugo informacij\u0105, kuri\u0105 naudotojai pateikia naudodamiesi savo svetaine.<\/p>\n<p>\u0160i \u012fmon\u0117 yra \u012fsipareigojusi u\u017etikrinti savo vartotoj\u0173 duomen\u0173 saugum\u0105.<\/p>\n<p>Ta\u010diau \u0161i privatumo politika laikui b\u0117gant gali keistis arba b\u016bti atnaujinta, tod\u0117l rekomenduojame ir pabr\u0117\u017eiame nuolatos per\u017ei\u016br\u0117ti \u0161\u012f puslap\u012f, kad \u012fsitikintum\u0117te, jog sutinkate su tokiais pakeitimais.<\/p>\n<h3>Personalizuota reklama<\/h3>\n<p>Vartotojai gali atsisakyti suasmenintos reklamos apsilank\u0119 adresu <a href=\"https:\/\/adssettings.google.com\/authenticated\">Skelbimo nustatymai<\/a>. Arba galite nukreipti vartotojus prieiti prie svetain\u0117s <a href=\"https:\/\/optout.aboutads.info\/?c=2&amp;lang=ES\">www.aboutads.info<\/a> i\u0161jungti tre\u010di\u0173j\u0173 \u0161ali\u0173 personalizuot\u0173 reklamos slapuk\u0173 naudojim\u0105.<\/p>\n<h3>Informacija, kuri renkama<\/h3>\n<p>M\u016bs\u0173 svetain\u0117 gali rinkti asmenin\u0119 informacij\u0105, toki\u0105 kaip: Vardas, kontaktin\u0117 informacija, el. pa\u0161to adresas ir demografin\u0117 informacija.<\/p>\n<p>Taip pat, kai reikia, u\u017esakymui apdoroti gali prireikti konkre\u010dios informacijos.<\/p>\n<h3>Surinktos informacijos naudojimas<\/h3>\n<p>M\u016bs\u0173 svetain\u0117 naudoja informacij\u0105 siekdama teikti geriausias \u012fmanomas paslaugas, ypa\u010d siekiant sekti vartotojus ir tobulinti savo produktus bei paslaugas.<\/p>\n<p>Portalas Dia Dia yra labai \u012fsipareigoj\u0119s vykdyti savo \u012fsipareigojim\u0105 u\u017etikrinti j\u016bs\u0173 informacijos saugum\u0105. Naudojame pa\u017eangiausias sistemas ir nuolat jas atnaujiname, kad i\u0161vengtume neteis\u0117tos prieigos.<\/p>\n<h3>Slapukai<\/h3>\n<p>De\u0161imtojo de\u0161imtme\u010dio viduryje slapukus i\u0161rado amerikie\u010diai Johnas Giannandrea ir Lou Montulli.<\/p>\n<p>Slapukai pateikiami tekstini\u0173 fail\u0173 pavidalu, kuriuos nar\u0161ykl\u0117 automati\u0161kai i\u0161saugo kietajame diske, kai lankytojas apsilanko svetain\u0117je.<\/p>\n<p>Slapukai skirti pagerinti vartotojo patirt\u012f, leisti svetain\u0117ms prisiminti to asmens apsilankym\u0105.<\/p>\n<p>Tod\u0117l slapukai vaidino svarb\u0173 vaidmen\u012f kuriant internet\u0105, kaip mes j\u012f \u0161iandien \u017einome.<\/p>\n<p>Slapukai n\u0117ra kenk\u0117ji\u0161kos programos ar virusai. Kiekvienas slapukas turi galiojimo dat\u0105, kuri skiriasi priklausomai nuo svetain\u0117s.<\/p>\n<p>Galite sutikti arba neleisti naudoti slapuk\u0173, ta\u010diau dauguma nar\u0161ykli\u0173 automati\u0161kai priima slapukus, nes jie padeda teikti geresnes \u017einiatinklio paslaugas.<\/p>\n<p>Taip pat galite pakeisti kompiuterio nustatymus, kad atsisakytum\u0117te slapuk\u0173. Jei jie bus atmesti, gali b\u016bti, kad negal\u0117site naudotis kai kuriomis m\u016bs\u0173 paslaugomis.<\/p>\n<h3>Nuorodos \u012f tre\u010di\u0105sias \u0161alis<\/h3>\n<p>\u0160ioje svetain\u0117je gali b\u016bti nuorod\u0173 \u012f kitas svetaines, kurios gali jus sudominti. Kai spustel\u0117site \u0161ias nuorodas ir paliksite m\u016bs\u0173 puslap\u012f, mes nebegalime kontroliuoti svetain\u0117s, \u012f kuri\u0105 esate nukreipti, tod\u0117l nesame atsakingi u\u017e s\u0105lygas, privatum\u0105 ar j\u016bs\u0173 duomen\u0173 apsaug\u0105 \u0161iose kitose tre\u010di\u0173j\u0173 \u0161ali\u0173 svetain\u0117se.<\/p>\n<p>\u0160ioms svetain\u0117ms taikomos j\u0173 pa\u010di\u0173 privatumo politikos nuostatos, tod\u0117l patariama jas patikrinti, kad patvirtintum\u0117te, jog su jomis sutinkate.<\/p>","protected":false},"excerpt":{"rendered":"<p>\u0160i privatumo politika nustato s\u0105lygas, kuriomis \u201ePortal Dia Dia\u201c naudoja ir saugo informacij\u0105, kuri\u0105 pateikia jos naudotojai, naudodamiesi jos svetaine. \u0160i \u012fmon\u0117 yra \u012fsipareigojusi u\u017etikrinti savo naudotoj\u0173 duomen\u0173 saugum\u0105. Ta\u010diau \u0161i privatumo politika laikui b\u0117gant gali keistis arba b\u016bti atnaujinta, pavyzd\u017eiui, [\u2026]<\/p>","protected":false},"author":1,"featured_media":0,"parent":0,"menu_order":0,"comment_status":"closed","ping_status":"closed","template":"","meta":{"footnotes":""},"class_list":["post-676","page","type-page","status-publish"],"_links":{"self":[{"href":"https:\/\/portaldiadia.com\/lt\/wp-json\/wp\/v2\/pages\/676","targetHints":{"allow":["GET"]}}],"collection":[{"href":"https:\/\/portaldiadia.com\/lt\/wp-json\/wp\/v2\/pages"}],"about":[{"href":"https:\/\/portaldiadia.com\/lt\/wp-json\/wp\/v2\/types\/page"}],"author":[{"embeddable":true,"href":"https:\/\/portaldiadia.com\/lt\/wp-json\/wp\/v2\/users\/1"}],"replies":[{"embeddable":true,"href":"https:\/\/portaldiadia.com\/lt\/wp-json\/wp\/v2\/comments?post=676"}],"version-history":[{"count":0,"href":"https:\/\/portaldiadia.com\/lt\/wp-json\/wp\/v2\/pages\/676\/revisions"}],"wp:attachment":[{"href":"https:\/\/portaldiadia.com\/lt\/wp-json\/wp\/v2\/media?parent=676"}],"curies":[{"name":"wp","href":"https:\/\/api.w.org\/{rel}","templated":true}]}}