{"id":687,"date":"2022-07-26T19:04:11","date_gmt":"2022-07-26T19:04:11","guid":{"rendered":"https:\/\/portaldiadia.com\/?page_id=687"},"modified":"2022-10-27T15:24:45","modified_gmt":"2022-10-27T15:24:45","slug":"chi-siamo","status":"publish","type":"page","link":"https:\/\/portaldiadia.com\/it\/chi-siamo\/","title":{"rendered":"Chi siamo"},"content":{"rendered":"<p>Siamo Portal Dia Dia e il nostro obiettivo \u00e8 offrirti contenuti di qualit\u00e0! La nostra missione \u00e8 portare la conoscenza in tutte le parti del mondo facendo buon uso della tecnologia.<\/p>\n<p>Il nostro team \u00e8 composto da scrittori che hanno una conoscenza approfondita degli argomenti e delle categorie che presentiamo sul nostro sito web.<\/p>\n<p>Pertanto, seguendo il nostro sito web, potrete acquisire conoscenze in relazione a diverse sfaccettature, sia a livello nazionale che globale.<\/p>","protected":false},"excerpt":{"rendered":"<p>Siamo Portal Dia Dia e il nostro obiettivo \u00e8 offrirti contenuti di qualit\u00e0! La nostra missione \u00e8 diffondere la conoscenza in tutto il mondo sfruttando la tecnologia. Il nostro team \u00e8 composto da autori con una conoscenza approfondita degli argomenti e delle categorie trattati sul nostro sito web. Pertanto, seguendo [\u2026]<\/p>","protected":false},"author":1,"featured_media":0,"parent":0,"menu_order":0,"comment_status":"closed","ping_status":"closed","template":"","meta":{"footnotes":""},"class_list":["post-687","page","type-page","status-publish"],"_links":{"self":[{"href":"https:\/\/portaldiadia.com\/it\/wp-json\/wp\/v2\/pages\/687","targetHints":{"allow":["GET"]}}],"collection":[{"href":"https:\/\/portaldiadia.com\/it\/wp-json\/wp\/v2\/pages"}],"about":[{"href":"https:\/\/portaldiadia.com\/it\/wp-json\/wp\/v2\/types\/page"}],"author":[{"embeddable":true,"href":"https:\/\/portaldiadia.com\/it\/wp-json\/wp\/v2\/users\/1"}],"replies":[{"embeddable":true,"href":"https:\/\/portaldiadia.com\/it\/wp-json\/wp\/v2\/comments?post=687"}],"version-history":[{"count":0,"href":"https:\/\/portaldiadia.com\/it\/wp-json\/wp\/v2\/pages\/687\/revisions"}],"wp:attachment":[{"href":"https:\/\/portaldiadia.com\/it\/wp-json\/wp\/v2\/media?parent=687"}],"curies":[{"name":"parola chiave","href":"https:\/\/api.w.org\/{rel}","templated":true}]}}