{"id":684,"date":"2022-07-26T18:59:40","date_gmt":"2022-07-26T18:59:40","guid":{"rendered":"https:\/\/portaldiadia.com\/?page_id=684"},"modified":"2022-10-27T15:25:02","modified_gmt":"2022-10-27T15:25:02","slug":"termini-di-utilizzo","status":"publish","type":"page","link":"https:\/\/portaldiadia.com\/it\/termini-di-utilizzo\/","title":{"rendered":"Termini di utilizzo"},"content":{"rendered":"<p>Per continuare a usufruire del nostro sito Web, \u00e8 essenziale che tu legga e accetti i termini di utilizzo presenti in questa pagina. In questo modo, il rapporto di Portal Dia Dia con te sar\u00e0 regolato da regole chiare.<\/p>\n<p>Se non sei d&#039;accordo con qualsiasi parte di questi termini e condizioni, non utilizzare il nostro sito web.<\/p>\n<p>Di seguito troverai i termini di utilizzo del Portale Dia Dia:<\/p>\n<ul>\n<li>Il contenuto del nostro sito web pu\u00f2 essere modificato in qualsiasi giorno. Inoltre, servono solo come informazioni generali.<\/li>\n<li>Non forniamo alcuna garanzia riguardo al materiale presente su questo sito. Pu\u00f2 essere soggetto a errori ed errori. Pertanto, \u00e8 possibile apportare modifiche alle informazioni in qualsiasi momento.<\/li>\n<li>L&#039;utilizzo di qualsiasi informazione o materiale presente su questo sito Web \u00e8 interamente a proprio rischio, per il quale non saremo responsabili.<\/li>\n<li>\u00c8 importante che tu sappia che i collegamenti ad altri siti non sono di nostra responsabilit\u00e0. Sono creati proprio per darti contenuti extra da sfogliare e ottenere cos\u00ec maggiori informazioni. Non abbiamo alcuna responsabilit\u00e0 per il contenuto dei siti Web collegati.<\/li>\n<\/ul>","protected":false},"excerpt":{"rendered":"<p>Per continuare a utilizzare il nostro sito web, \u00e8 essenziale leggere e accettare i termini di utilizzo presenti in questa pagina. In questo modo, il rapporto tra Portal Dia Dia e voi sar\u00e0 regolato da regole chiare. Se non siete d&#039;accordo con qualsiasi parte di questi termini e condizioni, non utilizzate il nostro sito web. Di seguito [\u2026]<\/p>","protected":false},"author":1,"featured_media":0,"parent":0,"menu_order":0,"comment_status":"closed","ping_status":"closed","template":"","meta":{"footnotes":""},"class_list":["post-684","page","type-page","status-publish"],"_links":{"self":[{"href":"https:\/\/portaldiadia.com\/it\/wp-json\/wp\/v2\/pages\/684","targetHints":{"allow":["GET"]}}],"collection":[{"href":"https:\/\/portaldiadia.com\/it\/wp-json\/wp\/v2\/pages"}],"about":[{"href":"https:\/\/portaldiadia.com\/it\/wp-json\/wp\/v2\/types\/page"}],"author":[{"embeddable":true,"href":"https:\/\/portaldiadia.com\/it\/wp-json\/wp\/v2\/users\/1"}],"replies":[{"embeddable":true,"href":"https:\/\/portaldiadia.com\/it\/wp-json\/wp\/v2\/comments?post=684"}],"version-history":[{"count":0,"href":"https:\/\/portaldiadia.com\/it\/wp-json\/wp\/v2\/pages\/684\/revisions"}],"wp:attachment":[{"href":"https:\/\/portaldiadia.com\/it\/wp-json\/wp\/v2\/media?parent=684"}],"curies":[{"name":"parola chiave","href":"https:\/\/api.w.org\/{rel}","templated":true}]}}