{"id":687,"date":"2022-07-26T19:04:11","date_gmt":"2022-07-26T19:04:11","guid":{"rendered":"https:\/\/portaldiadia.com\/?page_id=687"},"modified":"2022-10-27T15:24:45","modified_gmt":"2022-10-27T15:24:45","slug":"kik-vagyunk","status":"publish","type":"page","link":"https:\/\/portaldiadia.com\/hu\/kik-vagyunk\/","title":{"rendered":"Kik vagyunk"},"content":{"rendered":"<p>Mi vagyunk a Portal Dia Dia, \u00e9s arra \u00f6sszpontos\u00edtunk, hogy min\u0151s\u00e9gi tartalmat hozzunk el \u00d6nnek! K\u00fcldet\u00e9s\u00fcnk, hogy a technol\u00f3gia megfelel\u0151 felhaszn\u00e1l\u00e1s\u00e1val tud\u00e1st vigy\u00fcnk a vil\u00e1g minden r\u00e9sz\u00e9re.<\/p>\n<p>Csapatunk olyan \u00edr\u00f3kb\u00f3l \u00e1ll, akik alapos ismeretekkel rendelkeznek a weboldalunkon szerepl\u0151 t\u00e9m\u00e1kr\u00f3l \u00e9s kateg\u00f3ri\u00e1kr\u00f3l.<\/p>\n<p>Weboldalunk k\u00f6vet\u00e9s\u00e9vel teh\u00e1t k\u00fcl\u00f6nb\u00f6z\u0151 oldalakkal kapcsolatos ismeretekre tehet szert orsz\u00e1gos \u00e9s glob\u00e1lis szinten egyar\u00e1nt.<\/p>","protected":false},"excerpt":{"rendered":"<p>Mi vagyunk a Portal Dia Dia, \u00e9s arra \u00f6sszpontos\u00edtunk, hogy min\u0151s\u00e9gi tartalmakat ny\u00fajtsunk! K\u00fcldet\u00e9s\u00fcnk, hogy a technol\u00f3gia kihaszn\u00e1l\u00e1s\u00e1val tud\u00e1st vigy\u00fcnk a vil\u00e1g minden t\u00e1j\u00e1ra. Csapatunk olyan \u00edr\u00f3kb\u00f3l \u00e1ll, akik m\u00e9lyrehat\u00f3 ismeretekkel rendelkeznek a weboldalunkon szerepl\u0151 t\u00e9m\u00e1kr\u00f3l \u00e9s kateg\u00f3ri\u00e1kr\u00f3l. Ez\u00e9rt a k\u00f6vetkez\u0151 [\u2026]<\/p>","protected":false},"author":1,"featured_media":0,"parent":0,"menu_order":0,"comment_status":"closed","ping_status":"closed","template":"","meta":{"footnotes":""},"class_list":["post-687","page","type-page","status-publish"],"_links":{"self":[{"href":"https:\/\/portaldiadia.com\/hu\/wp-json\/wp\/v2\/pages\/687","targetHints":{"allow":["GET"]}}],"collection":[{"href":"https:\/\/portaldiadia.com\/hu\/wp-json\/wp\/v2\/pages"}],"about":[{"href":"https:\/\/portaldiadia.com\/hu\/wp-json\/wp\/v2\/types\/page"}],"author":[{"embeddable":true,"href":"https:\/\/portaldiadia.com\/hu\/wp-json\/wp\/v2\/users\/1"}],"replies":[{"embeddable":true,"href":"https:\/\/portaldiadia.com\/hu\/wp-json\/wp\/v2\/comments?post=687"}],"version-history":[{"count":0,"href":"https:\/\/portaldiadia.com\/hu\/wp-json\/wp\/v2\/pages\/687\/revisions"}],"wp:attachment":[{"href":"https:\/\/portaldiadia.com\/hu\/wp-json\/wp\/v2\/media?parent=687"}],"curies":[{"name":"munkaf\u00fczet","href":"https:\/\/api.w.org\/{rel}","templated":true}]}}