{"id":684,"date":"2022-07-26T18:59:40","date_gmt":"2022-07-26T18:59:40","guid":{"rendered":"https:\/\/portaldiadia.com\/?page_id=684"},"modified":"2022-10-27T15:25:02","modified_gmt":"2022-10-27T15:25:02","slug":"felhasznalasi-feltetelek","status":"publish","type":"page","link":"https:\/\/portaldiadia.com\/hu\/felhasznalasi-feltetelek\/","title":{"rendered":"Haszn\u00e1lati felt\u00e9telek"},"content":{"rendered":"<p>Ahhoz, hogy tov\u00e1bbra is \u00e9lvezhesse weboldalunkat, elengedhetetlen, hogy elolvassa \u00e9s elfogadja az ezen az oldalon tal\u00e1lhat\u00f3 haszn\u00e1lati felt\u00e9teleket. \u00cdgy a Portal Dia Dia kapcsolat\u00e1t egy\u00e9rtelm\u0171 szab\u00e1lyok szab\u00e1lyozz\u00e1k.<\/p>\n<p>Ha nem \u00e9rt egyet a jelen felt\u00e9telek b\u00e1rmely r\u00e9sz\u00e9vel, ne haszn\u00e1lja weboldalunkat.<\/p>\n<p>Az al\u00e1bbiakban tal\u00e1lja a Dia Dia port\u00e1l haszn\u00e1lati felt\u00e9teleit:<\/p>\n<ul>\n<li>Weboldalunk tartalma b\u00e1rmikor megv\u00e1ltozhat. Ezenk\u00edv\u00fcl csak \u00e1ltal\u00e1nos inform\u00e1ci\u00f3k\u00e9nt szolg\u00e1lnak.<\/li>\n<li>Nem v\u00e1llalunk garanci\u00e1t az ezen az oldalon tal\u00e1lhat\u00f3 anyagokra. Hajlamos lehet a hib\u00e1kra \u00e9s hib\u00e1kra. Ez\u00e9rt az inform\u00e1ci\u00f3 korrekci\u00f3ja b\u00e1rmikor elv\u00e9gezhet\u0151.<\/li>\n<li>Az ezen a weboldalon tal\u00e1lhat\u00f3 inform\u00e1ci\u00f3k vagy anyagok felhaszn\u00e1l\u00e1sa teljes m\u00e9rt\u00e9kben a saj\u00e1t kock\u00e1zat\u00e1ra t\u00f6rt\u00e9nik, amely\u00e9rt nem v\u00e1llalunk felel\u0151ss\u00e9get.<\/li>\n<li>Fontos tudnia, hogy a m\u00e1s oldalakra mutat\u00f3 hivatkoz\u00e1sok nem a mi felel\u0151ss\u00e9g\u00fcnk. Csak az\u00e9rt hozt\u00e1k l\u00e9tre, hogy tov\u00e1bbi tartalmat b\u00f6ng\u00e9szhessen, \u00e9s \u00edgy t\u00f6bb inform\u00e1ci\u00f3hoz jusson. Nem v\u00e1llalunk felel\u0151ss\u00e9get a hivatkozott webhely(ek) tartalm\u00e1\u00e9rt.<\/li>\n<\/ul>","protected":false},"excerpt":{"rendered":"<p>Ahhoz, hogy tov\u00e1bbra is \u00e9lvezhesse weboldalunkat, elengedhetetlen, hogy elolvassa \u00e9s elfogadja az ezen az oldalon tal\u00e1lhat\u00f3 felhaszn\u00e1l\u00e1si felt\u00e9teleket. \u00cdgy a Portal Dia Dia \u00e9s \u00d6n k\u00f6z\u00f6tti kapcsolatot egy\u00e9rtelm\u0171 szab\u00e1lyok szab\u00e1lyozz\u00e1k. Ha nem \u00e9rt egyet a jelen felhaszn\u00e1l\u00e1si felt\u00e9telek b\u00e1rmely r\u00e9sz\u00e9vel, ne haszn\u00e1lja weboldalunkat. Az al\u00e1bbiakban [\u2026]<\/p>","protected":false},"author":1,"featured_media":0,"parent":0,"menu_order":0,"comment_status":"closed","ping_status":"closed","template":"","meta":{"footnotes":""},"class_list":["post-684","page","type-page","status-publish"],"_links":{"self":[{"href":"https:\/\/portaldiadia.com\/hu\/wp-json\/wp\/v2\/pages\/684","targetHints":{"allow":["GET"]}}],"collection":[{"href":"https:\/\/portaldiadia.com\/hu\/wp-json\/wp\/v2\/pages"}],"about":[{"href":"https:\/\/portaldiadia.com\/hu\/wp-json\/wp\/v2\/types\/page"}],"author":[{"embeddable":true,"href":"https:\/\/portaldiadia.com\/hu\/wp-json\/wp\/v2\/users\/1"}],"replies":[{"embeddable":true,"href":"https:\/\/portaldiadia.com\/hu\/wp-json\/wp\/v2\/comments?post=684"}],"version-history":[{"count":0,"href":"https:\/\/portaldiadia.com\/hu\/wp-json\/wp\/v2\/pages\/684\/revisions"}],"wp:attachment":[{"href":"https:\/\/portaldiadia.com\/hu\/wp-json\/wp\/v2\/media?parent=684"}],"curies":[{"name":"munkaf\u00fczet","href":"https:\/\/api.w.org\/{rel}","templated":true}]}}