{"id":676,"date":"2022-07-26T18:41:20","date_gmt":"2022-07-26T18:41:20","guid":{"rendered":"https:\/\/portaldiadia.com\/?page_id=676"},"modified":"2023-06-28T02:35:58","modified_gmt":"2023-06-28T02:35:58","slug":"adatvedelmi-szabalyzat","status":"publish","type":"page","link":"https:\/\/portaldiadia.com\/hu\/adatvedelmi-szabalyzat\/","title":{"rendered":"Adatv\u00e9delmi ir\u00e1nyelvek"},"content":{"rendered":"<p>Ez az adatv\u00e9delmi szab\u00e1lyzat meghat\u00e1rozza azokat a felt\u00e9teleket, amelyek alapj\u00e1n a Portal Dia Dia felhaszn\u00e1lja \u00e9s v\u00e9di a felhaszn\u00e1l\u00f3i \u00e1ltal a webhely haszn\u00e1lata sor\u00e1n megadott inform\u00e1ci\u00f3kat.<\/p>\n<p>Ez a c\u00e9g elk\u00f6telezett a felhaszn\u00e1l\u00f3i adatainak biztons\u00e1ga mellett.<\/p>\n<p>Ez az adatv\u00e9delmi szab\u00e1lyzat azonban id\u0151vel m\u00f3dosulhat vagy friss\u00fclhet, ez\u00e9rt javasoljuk \u00e9s hangs\u00falyozzuk, hogy folyamatosan tekintse \u00e1t ezt az oldalt, hogy biztosan beleegyezzen az ilyen v\u00e1ltoztat\u00e1sokba.<\/p>\n<h3>Szem\u00e9lyre szabott rekl\u00e1moz\u00e1s<\/h3>\n<p>A felhaszn\u00e1l\u00f3k leiratkozhatnak a szem\u00e9lyre szabott hirdet\u00e9sekr\u0151l, ha felkeresik a <a href=\"https:\/\/adssettings.google.com\/authenticated\">Hirdet\u00e9sbe\u00e1ll\u00edt\u00e1sok<\/a>. Alternat\u00edv megold\u00e1sk\u00e9nt a felhaszn\u00e1l\u00f3kat a webhely el\u00e9r\u00e9s\u00e9re ir\u00e1ny\u00edthatja <a href=\"https:\/\/optout.aboutads.info\/?c=2&amp;lang=ES\">www.aboutads.info<\/a> a harmadik f\u00e9l szem\u00e9lyre szabott hirdet\u00e9si cookie-jainak letilt\u00e1s\u00e1hoz.<\/p>\n<h3>\u00d6sszegy\u0171jt\u00f6tt inform\u00e1ci\u00f3<\/h3>\n<p>Weboldalunk szem\u00e9lyes adatokat gy\u0171jthet, p\u00e9ld\u00e1ul: N\u00e9v, el\u00e9rhet\u0151s\u00e9gi adatok, e-mail c\u00edm \u00e9s demogr\u00e1fiai adatok.<\/p>\n<p>Hasonl\u00f3k\u00e9ppen, ha sz\u00fcks\u00e9ges, konkr\u00e9t inform\u00e1ci\u00f3kra lehet sz\u00fcks\u00e9g a megrendel\u00e9s feldolgoz\u00e1s\u00e1hoz.<\/p>\n<h3>Az \u00f6sszegy\u0171jt\u00f6tt inform\u00e1ci\u00f3k felhaszn\u00e1l\u00e1sa<\/h3>\n<p>Weboldalunk inform\u00e1ci\u00f3kat haszn\u00e1l fel a lehet\u0151 legjobb szolg\u00e1ltat\u00e1s ny\u00fajt\u00e1s\u00e1ra, k\u00fcl\u00f6n\u00f6sen a felhaszn\u00e1l\u00f3k nyomon k\u00f6vet\u00e9s\u00e9re, valamint term\u00e9keink \u00e9s szolg\u00e1ltat\u00e1saink fejleszt\u00e9s\u00e9re.<\/p>\n<p>A Dia Dia port\u00e1l rendk\u00edv\u00fcl elk\u00f6telezett amellett, hogy teljes\u00edtse k\u00f6telezetts\u00e9g\u00e9t az \u00d6n adatai biztons\u00e1g\u00e1nak meg\u0151rz\u00e9se mellett. A legfejlettebb rendszereket haszn\u00e1ljuk \u00e9s folyamatosan friss\u00edtj\u00fck, hogy elker\u00fclj\u00fck az illet\u00e9ktelen hozz\u00e1f\u00e9r\u00e9st.<\/p>\n<h3>Cookie-k<\/h3>\n<p>A s\u00fctiket az 1990-es \u00e9vek k\u00f6zep\u00e9n tal\u00e1lt\u00e1k fel John Giannandrea \u00e9s Lou Montulli amerikaiak.<\/p>\n<p>A s\u00fctik sz\u00f6veges f\u00e1jlok form\u00e1j\u00e1ban \u00e9rkeznek, amelyeket a b\u00f6ng\u00e9sz\u0151 automatikusan a merevlemezre ment, amikor a l\u00e1togat\u00f3 felkeres egy webhelyet.<\/p>\n<p>A cookie-k c\u00e9lja, hogy jav\u00edts\u00e1k a felhaszn\u00e1l\u00f3i \u00e9lm\u00e9nyt, hogy a webhelyek eml\u00e9kezzenek az adott szem\u00e9ly l\u00e1togat\u00e1s\u00e1ra.<\/p>\n<p>A cookie-k ez\u00e9rt fontos szerepet j\u00e1tszottak a ma ismert internet fejl\u0151d\u00e9s\u00e9ben.<\/p>\n<p>A s\u00fctik nem rosszindulat\u00fa programok vagy v\u00edrusok. Minden s\u00fctinek van egy lej\u00e1rati d\u00e1tuma, amely a webhelyt\u0151l f\u00fcgg\u0151en v\u00e1ltozik.<\/p>\n<p>Elfogadhatja vagy megtagadhatja a cookie-k haszn\u00e1lat\u00e1t, azonban a legt\u00f6bb b\u00f6ng\u00e9sz\u0151 automatikusan elfogadja a cookie-kat, mivel azok jobb webszolg\u00e1ltat\u00e1st ny\u00fajtanak.<\/p>\n<p>A cookie-k elutas\u00edt\u00e1s\u00e1hoz m\u00f3dos\u00edthatja sz\u00e1m\u00edt\u00f3g\u00e9pe be\u00e1ll\u00edt\u00e1sait is. Ha elutas\u00edtj\u00e1k, el\u0151fordulhat, hogy egyes szolg\u00e1ltat\u00e1sainkat nem fogja tudni haszn\u00e1lni.<\/p>\n<h3>Linkek harmadik felekhez<\/h3>\n<p>Ez a webhely m\u00e1s webhelyekre mutat\u00f3 hivatkoz\u00e1sokat tartalmazhat, amelyek \u00e9rdekesek lehetnek az \u00d6n sz\u00e1m\u00e1ra. Miut\u00e1n r\u00e1kattint ezekre a linkekre, \u00e9s elhagyja oldalunkat, t\u00f6bb\u00e9 nem tudjuk ellen\u0151rizni azt a webhelyet, amelyre \u00d6n \u00e1t van ir\u00e1ny\u00edtva, \u00e9s ez\u00e9rt nem vagyunk felel\u0151sek a felt\u00e9telek\u00e9rt, az adatv\u00e9delem\u00e9rt vagy az \u00d6n adatainak v\u00e9delm\u00e9\u00e9rt ezeken a harmadik felek webhelyein.<\/p>\n<p>Ezekre a webhelyekre saj\u00e1t adatv\u00e9delmi szab\u00e1lyzatuk vonatkozik, ez\u00e9rt javasoljuk, hogy ellen\u0151rizze \u0151ket, hogy meger\u0151s\u00edtse, hogy elfogadja azokat.<\/p>","protected":false},"excerpt":{"rendered":"<p>Ez az adatv\u00e9delmi szab\u00e1lyzat meghat\u00e1rozza azokat a felt\u00e9teleket, amelyek alapj\u00e1n a Portal Dia Dia felhaszn\u00e1lja \u00e9s v\u00e9di a felhaszn\u00e1l\u00f3k \u00e1ltal a webhely haszn\u00e1lata sor\u00e1n megadott inform\u00e1ci\u00f3kat. Ez a c\u00e9g elk\u00f6telezett a felhaszn\u00e1l\u00f3i adatainak biztons\u00e1ga mellett. Ez az adatv\u00e9delmi szab\u00e1lyzat azonban id\u0151vel m\u00f3dosulhat vagy friss\u00edthet\u0151 [\u2026]<\/p>","protected":false},"author":1,"featured_media":0,"parent":0,"menu_order":0,"comment_status":"closed","ping_status":"closed","template":"","meta":{"footnotes":""},"class_list":["post-676","page","type-page","status-publish"],"_links":{"self":[{"href":"https:\/\/portaldiadia.com\/hu\/wp-json\/wp\/v2\/pages\/676","targetHints":{"allow":["GET"]}}],"collection":[{"href":"https:\/\/portaldiadia.com\/hu\/wp-json\/wp\/v2\/pages"}],"about":[{"href":"https:\/\/portaldiadia.com\/hu\/wp-json\/wp\/v2\/types\/page"}],"author":[{"embeddable":true,"href":"https:\/\/portaldiadia.com\/hu\/wp-json\/wp\/v2\/users\/1"}],"replies":[{"embeddable":true,"href":"https:\/\/portaldiadia.com\/hu\/wp-json\/wp\/v2\/comments?post=676"}],"version-history":[{"count":0,"href":"https:\/\/portaldiadia.com\/hu\/wp-json\/wp\/v2\/pages\/676\/revisions"}],"wp:attachment":[{"href":"https:\/\/portaldiadia.com\/hu\/wp-json\/wp\/v2\/media?parent=676"}],"curies":[{"name":"munkaf\u00fczet","href":"https:\/\/api.w.org\/{rel}","templated":true}]}}