{"id":885,"date":"2022-10-27T17:50:53","date_gmt":"2022-10-27T17:50:53","guid":{"rendered":"https:\/\/portaldiadia.com\/?page_id=885"},"modified":"2022-10-27T17:50:53","modified_gmt":"2022-10-27T17:50:53","slug":"odricanje","status":"publish","type":"page","link":"https:\/\/portaldiadia.com\/hr\/odricanje\/","title":{"rendered":"Odricanje"},"content":{"rendered":"<p><strong>Pa\u017enja:<\/strong> Portal Dia Dia ne tra\u017ei novac od svojih korisnika. Stoga, ako pregledavate web stranicu i pojavi se prozor koji od vas tra\u017ei da to u\u010dinite, molimo da nas obavijestite i odmah zatvorite web stranicu.<\/p>\n<p><strong>Komentari:<\/strong> Portal Dia Dia je informativna web stranica koja svojim korisnicima uvijek \u017eeli pru\u017eiti kvalitetan sadr\u017eaj. Me\u0111utim, s obzirom na brzinu kojom se informacije mijenjaju, neki \u010dlanci mogu biti zastarjeli.<\/p>\n<p>Iako nastojimo na\u0161u web stranicu odr\u017eavati a\u017eurnom, ne snosimo odgovornost ako se ne\u0161to razlikuje od drugih web stranica.<\/p>\n<p><strong>Partneri:<\/strong> Glavni izvor prihoda Portala Dia Dia je ogla\u0161avanje. Preko partnera za ogla\u0161avanje, stranica zara\u0111uje dio dobiti. Me\u0111utim, mora biti jasno da nismo odgovorni za oglase koji se pojavljuju na ovoj web stranici.<\/p>\n<p><strong>Razmatranja:<\/strong> Trebate li kvalitetne informacije, za to svakako potra\u017eite Dia Dia Portal. Me\u0111utim, opet imajte na umu da se \u010dlanci ne a\u017euriraju uvijek. Stoga, ako trebate a\u017eurirani sadr\u017eaj, potra\u017eite slu\u017ebenu web stranicu.<\/p>","protected":false},"excerpt":{"rendered":"<p>Pa\u017enja: Portal Dia Dia ne tra\u017ei novac od svojih korisnika. Stoga, ako pregledavate stranicu i pojavi se prozor koji vas to tra\u017ei, obavijestite nas i odmah zatvorite stranicu. Napomene: Portal Dia Dia je informativna stranica koja uvijek \u017eeli pru\u017eiti kvalitetan sadr\u017eaj svojim korisnicima. Me\u0111utim, s [\u2026]<\/p>","protected":false},"author":1,"featured_media":0,"parent":0,"menu_order":0,"comment_status":"closed","ping_status":"closed","template":"","meta":{"footnotes":""},"class_list":["post-885","page","type-page","status-publish"],"_links":{"self":[{"href":"https:\/\/portaldiadia.com\/hr\/wp-json\/wp\/v2\/pages\/885","targetHints":{"allow":["GET"]}}],"collection":[{"href":"https:\/\/portaldiadia.com\/hr\/wp-json\/wp\/v2\/pages"}],"about":[{"href":"https:\/\/portaldiadia.com\/hr\/wp-json\/wp\/v2\/types\/page"}],"author":[{"embeddable":true,"href":"https:\/\/portaldiadia.com\/hr\/wp-json\/wp\/v2\/users\/1"}],"replies":[{"embeddable":true,"href":"https:\/\/portaldiadia.com\/hr\/wp-json\/wp\/v2\/comments?post=885"}],"version-history":[{"count":0,"href":"https:\/\/portaldiadia.com\/hr\/wp-json\/wp\/v2\/pages\/885\/revisions"}],"wp:attachment":[{"href":"https:\/\/portaldiadia.com\/hr\/wp-json\/wp\/v2\/media?parent=885"}],"curies":[{"name":"radni list","href":"https:\/\/api.w.org\/{rel}","templated":true}]}}