{"id":687,"date":"2022-07-26T19:04:11","date_gmt":"2022-07-26T19:04:11","guid":{"rendered":"https:\/\/portaldiadia.com\/?page_id=687"},"modified":"2022-10-27T15:24:45","modified_gmt":"2022-10-27T15:24:45","slug":"tko-smo-mi","status":"publish","type":"page","link":"https:\/\/portaldiadia.com\/hr\/tko-smo-mi\/","title":{"rendered":"Tko smo mi"},"content":{"rendered":"<p>Mi smo Portal Dia Dia i fokusirani smo na pru\u017eanje kvalitetnog sadr\u017eaja vama! Na\u0161a misija je donijeti znanje u sve dijelove svijeta dobrim kori\u0161tenjem tehnologije.<\/p>\n<p>Na\u0161 tim se sastoji od pisaca koji imaju detaljno znanje o temama i kategorijama koje prikazujemo na na\u0161oj web stranici.<\/p>\n<p>Stoga, prate\u0107i na\u0161u web stranicu, mo\u0107i \u0107ete ste\u0107i znanja u vezi s razli\u010ditim aspektima, kako na nacionalnoj tako i na globalnoj razini.<\/p>","protected":false},"excerpt":{"rendered":"<p>Mi smo Portal Dia Dia i usredoto\u010deni smo na pru\u017eanje kvalitetnog sadr\u017eaja! Na\u0161a je misija donijeti znanje u sve dijelove svijeta koriste\u0107i tehnologiju na najbolji mogu\u0107i na\u010din. Na\u0161 tim \u010dine pisci koji imaju dubinsko znanje o temama i kategorijama koje donosimo na na\u0161u web stranicu. Stoga, kada pratite [\u2026]<\/p>","protected":false},"author":1,"featured_media":0,"parent":0,"menu_order":0,"comment_status":"closed","ping_status":"closed","template":"","meta":{"footnotes":""},"class_list":["post-687","page","type-page","status-publish"],"_links":{"self":[{"href":"https:\/\/portaldiadia.com\/hr\/wp-json\/wp\/v2\/pages\/687","targetHints":{"allow":["GET"]}}],"collection":[{"href":"https:\/\/portaldiadia.com\/hr\/wp-json\/wp\/v2\/pages"}],"about":[{"href":"https:\/\/portaldiadia.com\/hr\/wp-json\/wp\/v2\/types\/page"}],"author":[{"embeddable":true,"href":"https:\/\/portaldiadia.com\/hr\/wp-json\/wp\/v2\/users\/1"}],"replies":[{"embeddable":true,"href":"https:\/\/portaldiadia.com\/hr\/wp-json\/wp\/v2\/comments?post=687"}],"version-history":[{"count":0,"href":"https:\/\/portaldiadia.com\/hr\/wp-json\/wp\/v2\/pages\/687\/revisions"}],"wp:attachment":[{"href":"https:\/\/portaldiadia.com\/hr\/wp-json\/wp\/v2\/media?parent=687"}],"curies":[{"name":"radni list","href":"https:\/\/api.w.org\/{rel}","templated":true}]}}