{"id":684,"date":"2022-07-26T18:59:40","date_gmt":"2022-07-26T18:59:40","guid":{"rendered":"https:\/\/portaldiadia.com\/?page_id=684"},"modified":"2022-10-27T15:25:02","modified_gmt":"2022-10-27T15:25:02","slug":"uvjeti-koristenja","status":"publish","type":"page","link":"https:\/\/portaldiadia.com\/hr\/uvjeti-koristenja\/","title":{"rendered":"Uvjeti kori\u0161tenja"},"content":{"rendered":"<p>Kako biste nastavili u\u017eivati u na\u0161oj web stranici, bitno je da pro\u010ditate i prihvatite uvjete kori\u0161tenja koji se nalaze na ovoj stranici. Na taj na\u010din \u0107e odnos Portala Dia Dia s vama biti ure\u0111en jasnim pravilima.<\/p>\n<p>Ako se ne sla\u017eete s bilo kojim dijelom ovih uvjeta i odredbi, nemojte koristiti na\u0161u web stranicu.<\/p>\n<p>U nastavku se nalaze uvjeti kori\u0161tenja portala Dia Dia:<\/p>\n<ul>\n<li>Sadr\u017eaj na na\u0161oj web stranici mo\u017ee se promijeniti u bilo kojem danu. Nadalje, slu\u017ee samo kao op\u0107e informacije.<\/li>\n<li>Ne dajemo nikakva jamstva u vezi s materijalom na ovoj stranici. Mo\u017ee biti sklon gre\u0161kama i pogre\u0161kama. Stoga se informacije mogu prilagoditi u bilo kojem trenutku.<\/li>\n<li>Va\u0161e kori\u0161tenje bilo kojih informacija ili materijala na ovoj web stranici u potpunosti je na vlastitu odgovornost, za \u0161to mi ne\u0107emo biti odgovorni.<\/li>\n<li>Va\u017eno je da znate da veze na druge stranice nisu na\u0161a odgovornost. Stvoreni su samo kako biste imali dodatni sadr\u017eaj za pregledavanje i tako dobili vi\u0161e informacija. Ne snosimo nikakvu odgovornost za sadr\u017eaj povezanih web stranica.<\/li>\n<\/ul>","protected":false},"excerpt":{"rendered":"<p>Da biste nastavili u\u017eivati u na\u0161oj web stranici, bitno je da pro\u010ditate i prihvatite uvjete kori\u0161tenja na ovoj stranici. Na taj \u0107e na\u010din odnos Portal Dia Dia s vama biti ure\u0111en jasnim pravilima. Ako se ne sla\u017eete s bilo kojim dijelom ovih uvjeta i odredbi, nemojte koristiti na\u0161u web stranicu. U nastavku [\u2026]<\/p>","protected":false},"author":1,"featured_media":0,"parent":0,"menu_order":0,"comment_status":"closed","ping_status":"closed","template":"","meta":{"footnotes":""},"class_list":["post-684","page","type-page","status-publish"],"_links":{"self":[{"href":"https:\/\/portaldiadia.com\/hr\/wp-json\/wp\/v2\/pages\/684","targetHints":{"allow":["GET"]}}],"collection":[{"href":"https:\/\/portaldiadia.com\/hr\/wp-json\/wp\/v2\/pages"}],"about":[{"href":"https:\/\/portaldiadia.com\/hr\/wp-json\/wp\/v2\/types\/page"}],"author":[{"embeddable":true,"href":"https:\/\/portaldiadia.com\/hr\/wp-json\/wp\/v2\/users\/1"}],"replies":[{"embeddable":true,"href":"https:\/\/portaldiadia.com\/hr\/wp-json\/wp\/v2\/comments?post=684"}],"version-history":[{"count":0,"href":"https:\/\/portaldiadia.com\/hr\/wp-json\/wp\/v2\/pages\/684\/revisions"}],"wp:attachment":[{"href":"https:\/\/portaldiadia.com\/hr\/wp-json\/wp\/v2\/media?parent=684"}],"curies":[{"name":"radni list","href":"https:\/\/api.w.org\/{rel}","templated":true}]}}