{"id":676,"date":"2022-07-26T18:41:20","date_gmt":"2022-07-26T18:41:20","guid":{"rendered":"https:\/\/portaldiadia.com\/?page_id=676"},"modified":"2023-06-28T02:35:58","modified_gmt":"2023-06-28T02:35:58","slug":"politika-privatnosti","status":"publish","type":"page","link":"https:\/\/portaldiadia.com\/hr\/politika-privatnosti\/","title":{"rendered":"Politika privatnosti"},"content":{"rendered":"<p>Ova Pravila privatnosti utvr\u0111uju uvjete pod kojima Portal Dia Dia koristi i \u0161titi podatke koje korisnici daju prilikom kori\u0161tenja njegove web stranice.<\/p>\n<p>Ova tvrtka se zala\u017ee za sigurnost podataka svojih korisnika.<\/p>\n<p>Me\u0111utim, ova se Pravila o privatnosti mogu s vremenom mijenjati ili a\u017eurirati, stoga preporu\u010dujemo i nagla\u0161avamo stalno pregledavanje ove stranice kako bismo bili sigurni da pristajete na takve promjene.<\/p>\n<h3>Personalizirano ogla\u0161avanje<\/h3>\n<p>Korisnici se mogu isklju\u010diti iz personaliziranog ogla\u0161avanja posjetom <a href=\"https:\/\/adssettings.google.com\/authenticated\">Postavke oglasa<\/a>. Alternativno, mo\u017eete usmjeriti korisnike da pristupe stranici <a href=\"https:\/\/optout.aboutads.info\/?c=2&amp;lang=ES\">www.aboutads.info<\/a> kako biste onemogu\u0107ili kori\u0161tenje personaliziranih ogla\u0161iva\u010dkih kola\u010di\u0107a tre\u0107ih strana.<\/p>\n<h3>Podaci koji se prikupljaju<\/h3>\n<p>Na\u0161a web stranica mo\u017ee prikupljati osobne podatke, kao \u0161to su: ime, podaci za kontakt, adresa e-po\u0161te i demografski podaci.<\/p>\n<p>Isto tako, kada je to potrebno, mogu biti potrebne odre\u0111ene informacije za obradu narud\u017ebe.<\/p>\n<h3>Kori\u0161tenje prikupljenih informacija<\/h3>\n<p>Na\u0161a web stranica koristi informacije kako bi pru\u017eila najbolju mogu\u0107u uslugu, posebice za pra\u0107enje korisnika i pobolj\u0161anje na\u0161ih proizvoda i usluga.<\/p>\n<p>Portal Dia Dia vrlo je predan ispunjavanju svoje obveze da za\u0161titi va\u0161e podatke. Koristimo najnaprednije sustave i stalno ih a\u017euriramo kako bismo osigurali da nema neovla\u0161tenog pristupa.<\/p>\n<h3>Kola\u010di\u0107i<\/h3>\n<p>Kola\u010di\u0107e su sredinom 1990-ih izmislili Amerikanci John Giannandrea i Lou Montulli.<\/p>\n<p>Kola\u010di\u0107i dolaze u obliku tekstualnih datoteka koje preglednik automatski sprema na tvrdi disk kada posjetitelj posjeti web stranicu.<\/p>\n<p>Kola\u010di\u0107i su dizajnirani za pobolj\u0161anje korisni\u010dkog iskustva, kako bi web stranice mogle zapamtiti posjet te osobe.<\/p>\n<p>Kola\u010di\u0107i su, dakle, odigrali va\u017enu ulogu u razvoju interneta kakvog danas poznajemo.<\/p>\n<p>Kola\u010di\u0107i nisu zlonamjerni softver ili virusi. Svaki kola\u010di\u0107 ima datum isteka koji se razlikuje ovisno o web stranici.<\/p>\n<p>Mo\u017eete prihvatiti ili odbiti kori\u0161tenje kola\u010di\u0107a, no ve\u0107ina preglednika automatski prihva\u0107a kola\u010di\u0107e jer slu\u017ee za pru\u017eanje bolje web usluge.<\/p>\n<p>Tako\u0111er mo\u017eete promijeniti postavke ra\u010dunala da odbije kola\u010di\u0107e. Ako su odbijeni, mo\u017eda ne\u0107ete mo\u0107i koristiti neke od na\u0161ih usluga.<\/p>\n<h3>Veze na tre\u0107e strane<\/h3>\n<p>Ova web stranica mo\u017ee sadr\u017eavati poveznice na druge web stranice koje bi vas mogle zanimati. Nakon \u0161to kliknete na te poveznice i napustite na\u0161u stranicu, mi vi\u0161e nemamo kontrolu nad web-mjestom na koje ste preusmjereni i stoga nismo odgovorni za uvjete ili privatnost ili za\u0161titu va\u0161ih podataka na tim drugim web-mjestima tre\u0107ih strana.<\/p>\n<p>Ove stranice podlije\u017eu vlastitim pravilima o privatnosti, pa vam savjetujemo da ih provjerite kako biste potvrdili da se s njima sla\u017eete.<\/p>","protected":false},"excerpt":{"rendered":"<p>Ova Pravila o privatnosti utvr\u0111uju uvjete pod kojima Portal Dia Dia koristi i \u0161titi informacije koje korisnici pru\u017eaju prilikom kori\u0161tenja svoje web stranice. Ova tvrtka je posve\u0107ena sigurnosti podataka svojih korisnika. Me\u0111utim, ova Pravila o privatnosti mogu se s vremenom mijenjati ili a\u017eurirati, za [\u2026]<\/p>","protected":false},"author":1,"featured_media":0,"parent":0,"menu_order":0,"comment_status":"closed","ping_status":"closed","template":"","meta":{"footnotes":""},"class_list":["post-676","page","type-page","status-publish"],"_links":{"self":[{"href":"https:\/\/portaldiadia.com\/hr\/wp-json\/wp\/v2\/pages\/676","targetHints":{"allow":["GET"]}}],"collection":[{"href":"https:\/\/portaldiadia.com\/hr\/wp-json\/wp\/v2\/pages"}],"about":[{"href":"https:\/\/portaldiadia.com\/hr\/wp-json\/wp\/v2\/types\/page"}],"author":[{"embeddable":true,"href":"https:\/\/portaldiadia.com\/hr\/wp-json\/wp\/v2\/users\/1"}],"replies":[{"embeddable":true,"href":"https:\/\/portaldiadia.com\/hr\/wp-json\/wp\/v2\/comments?post=676"}],"version-history":[{"count":0,"href":"https:\/\/portaldiadia.com\/hr\/wp-json\/wp\/v2\/pages\/676\/revisions"}],"wp:attachment":[{"href":"https:\/\/portaldiadia.com\/hr\/wp-json\/wp\/v2\/media?parent=676"}],"curies":[{"name":"radni list","href":"https:\/\/api.w.org\/{rel}","templated":true}]}}