{"id":885,"date":"2022-10-27T17:50:53","date_gmt":"2022-10-27T17:50:53","guid":{"rendered":"https:\/\/portaldiadia.com\/?page_id=885"},"modified":"2022-10-27T17:50:53","modified_gmt":"2022-10-27T17:50:53","slug":"clause-de-non-responsabilite","status":"publish","type":"page","link":"https:\/\/portaldiadia.com\/fr\/clause-de-non-responsabilite\/","title":{"rendered":"Clause de non-responsabilit\u00e9"},"content":{"rendered":"<p><strong>Attention:<\/strong> Le portail Dia Dia ne demande pas d&#039;argent \u00e0 ses utilisateurs. Par cons\u00e9quent, si vous naviguez sur le site et qu&#039;une fen\u00eatre appara\u00eet vous invitant \u00e0 le faire, faites-le nous savoir et fermez le site imm\u00e9diatement.<\/p>\n<p><strong>Commentaires:<\/strong> Portal Dia Dia est un site Web informatif qui souhaite toujours fournir un contenu de qualit\u00e9 \u00e0 ses utilisateurs. Cependant, avec la vitesse \u00e0 laquelle les informations changent, certains articles peuvent \u00eatre obsol\u00e8tes.<\/p>\n<p>Bien que nous nous efforcions de maintenir notre site toujours \u00e0 jour, nous ne sommes pas responsables si quelque chose diff\u00e8re des autres sites.<\/p>\n<p><strong>Les partenaires:<\/strong> La principale source de revenus de Portal Dia Dia est la publicit\u00e9. Gr\u00e2ce \u00e0 des partenaires publicitaires, le site gagne une part des b\u00e9n\u00e9fices. Cependant, il doit \u00eatre pr\u00e9cis\u00e9 que nous ne sommes pas responsables des publicit\u00e9s affich\u00e9es sur ce site.<\/p>\n<p><strong>Consid\u00e9rations\u00a0:<\/strong> Si vous avez besoin d&#039;informations de qualit\u00e9, assurez-vous de rechercher le portail Dia Dia pour cela. Cependant, gardez \u00e0 l&#039;esprit, encore une fois, que les articles ne sont pas toujours mis \u00e0 jour. Par cons\u00e9quent, si vous avez besoin d&#039;un contenu mis \u00e0 jour, recherchez le site Web officiel.<\/p>","protected":false},"excerpt":{"rendered":"<p>Attention : le portail Dia Dia ne demande pas d&#039;argent \u00e0 ses utilisateurs. Par cons\u00e9quent, si vous naviguez sur le site Web et qu\u2019une fen\u00eatre appara\u00eet vous demandant de le faire, veuillez nous en informer et fermer imm\u00e9diatement le site Web. Remarques : Portal Dia Dia est un site Web informatif qui souhaite toujours fournir un contenu de qualit\u00e9 \u00e0 ses utilisateurs. Cependant, avec [\u2026]<\/p>","protected":false},"author":1,"featured_media":0,"parent":0,"menu_order":0,"comment_status":"closed","ping_status":"closed","template":"","meta":{"footnotes":""},"class_list":["post-885","page","type-page","status-publish"],"_links":{"self":[{"href":"https:\/\/portaldiadia.com\/fr\/wp-json\/wp\/v2\/pages\/885","targetHints":{"allow":["GET"]}}],"collection":[{"href":"https:\/\/portaldiadia.com\/fr\/wp-json\/wp\/v2\/pages"}],"about":[{"href":"https:\/\/portaldiadia.com\/fr\/wp-json\/wp\/v2\/types\/page"}],"author":[{"embeddable":true,"href":"https:\/\/portaldiadia.com\/fr\/wp-json\/wp\/v2\/users\/1"}],"replies":[{"embeddable":true,"href":"https:\/\/portaldiadia.com\/fr\/wp-json\/wp\/v2\/comments?post=885"}],"version-history":[{"count":0,"href":"https:\/\/portaldiadia.com\/fr\/wp-json\/wp\/v2\/pages\/885\/revisions"}],"wp:attachment":[{"href":"https:\/\/portaldiadia.com\/fr\/wp-json\/wp\/v2\/media?parent=885"}],"curies":[{"name":"wp","href":"https:\/\/api.w.org\/{rel}","templated":true}]}}