{"id":687,"date":"2022-07-26T19:04:11","date_gmt":"2022-07-26T19:04:11","guid":{"rendered":"https:\/\/portaldiadia.com\/?page_id=687"},"modified":"2022-10-27T15:24:45","modified_gmt":"2022-10-27T15:24:45","slug":"qui-nous-sommes","status":"publish","type":"page","link":"https:\/\/portaldiadia.com\/fr\/qui-nous-sommes\/","title":{"rendered":"Qui nous sommes"},"content":{"rendered":"<p>Nous sommes Portal Dia Dia et nous nous effor\u00e7ons de vous apporter un contenu de qualit\u00e9\u00a0! Notre mission est d&#039;apporter des connaissances dans toutes les r\u00e9gions du monde en faisant bon usage de la technologie.<\/p>\n<p>Notre \u00e9quipe est compos\u00e9e de r\u00e9dacteurs qui poss\u00e8dent une connaissance approfondie des sujets et des cat\u00e9gories que nous pr\u00e9sentons sur notre site Web.<\/p>\n<p>Ainsi, en suivant notre site Internet, vous pourrez acqu\u00e9rir des connaissances sur diverses facettes, tant au niveau national que mondial.<\/p>","protected":false},"excerpt":{"rendered":"<p>Nous sommes Portal Dia Dia et nous nous engageons \u00e0 vous proposer du contenu de qualit\u00e9\u00a0! Notre mission est de diffuser la connaissance partout dans le monde gr\u00e2ce \u00e0 la technologie. Notre \u00e9quipe est compos\u00e9e de r\u00e9dacteurs poss\u00e9dant une connaissance approfondie des sujets et cat\u00e9gories pr\u00e9sent\u00e9s sur notre site web. Par cons\u00e9quent, en suivant [\u2026]<\/p>","protected":false},"author":1,"featured_media":0,"parent":0,"menu_order":0,"comment_status":"closed","ping_status":"closed","template":"","meta":{"footnotes":""},"class_list":["post-687","page","type-page","status-publish"],"_links":{"self":[{"href":"https:\/\/portaldiadia.com\/fr\/wp-json\/wp\/v2\/pages\/687","targetHints":{"allow":["GET"]}}],"collection":[{"href":"https:\/\/portaldiadia.com\/fr\/wp-json\/wp\/v2\/pages"}],"about":[{"href":"https:\/\/portaldiadia.com\/fr\/wp-json\/wp\/v2\/types\/page"}],"author":[{"embeddable":true,"href":"https:\/\/portaldiadia.com\/fr\/wp-json\/wp\/v2\/users\/1"}],"replies":[{"embeddable":true,"href":"https:\/\/portaldiadia.com\/fr\/wp-json\/wp\/v2\/comments?post=687"}],"version-history":[{"count":0,"href":"https:\/\/portaldiadia.com\/fr\/wp-json\/wp\/v2\/pages\/687\/revisions"}],"wp:attachment":[{"href":"https:\/\/portaldiadia.com\/fr\/wp-json\/wp\/v2\/media?parent=687"}],"curies":[{"name":"wp","href":"https:\/\/api.w.org\/{rel}","templated":true}]}}