{"id":684,"date":"2022-07-26T18:59:40","date_gmt":"2022-07-26T18:59:40","guid":{"rendered":"https:\/\/portaldiadia.com\/?page_id=684"},"modified":"2022-10-27T15:25:02","modified_gmt":"2022-10-27T15:25:02","slug":"conditions-dutilisation","status":"publish","type":"page","link":"https:\/\/portaldiadia.com\/fr\/conditions-dutilisation\/","title":{"rendered":"Conditions d&#039;utilisation"},"content":{"rendered":"<p>Afin que vous puissiez continuer \u00e0 profiter de notre site Internet, il est essentiel que vous lisiez et acceptiez les conditions d&#039;utilisation pr\u00e9sentes sur cette page. De cette fa\u00e7on, la relation de Portal Dia Dia avec vous sera r\u00e9gie par des r\u00e8gles claires.<\/p>\n<p>Si vous n&#039;\u00eates pas d&#039;accord avec une partie quelconque de ces termes et conditions, n&#039;utilisez pas notre site Web.<\/p>\n<p>Vous trouverez ci-dessous les conditions d\u2019utilisation du Portail Dia Dia :<\/p>\n<ul>\n<li>Le contenu de notre site Web peut \u00eatre modifi\u00e9 \u00e0 tout moment. De plus, ils ne servent qu\u2019\u00e0 titre d\u2019information g\u00e9n\u00e9rale.<\/li>\n<li>Nous n&#039;offrons aucune garantie concernant le mat\u00e9riel pr\u00e9sent sur ce site. Il peut \u00eatre sujet \u00e0 des erreurs et des fautes. Des ajustements des informations peuvent donc \u00eatre effectu\u00e9s \u00e0 tout moment.<\/li>\n<li>Votre utilisation de toute information ou mat\u00e9riel sur ce site Web est enti\u00e8rement \u00e0 vos propres risques, pour lesquels nous ne serons pas responsables.<\/li>\n<li>Il est important que vous sachiez que les liens vers d&#039;autres sites ne rel\u00e8vent pas de notre responsabilit\u00e9. Ils sont cr\u00e9\u00e9s uniquement pour que vous ayez du contenu suppl\u00e9mentaire \u00e0 parcourir et ainsi obtenir plus d&#039;informations. Nous n&#039;avons aucune responsabilit\u00e9 quant au contenu du ou des sites Web li\u00e9s.<\/li>\n<\/ul>","protected":false},"excerpt":{"rendered":"<p>Afin que vous puissiez continuer \u00e0 profiter de notre site Web, il est essentiel que vous lisiez et acceptiez les conditions d&#039;utilisation de cette page. De cette fa\u00e7on, la relation de Portal Dia Dia avec vous sera r\u00e9gie par des r\u00e8gles claires. Si vous n\u2019\u00eates pas d\u2019accord avec une partie quelconque de ces termes et conditions, veuillez ne pas utiliser notre site Web. Ci-dessous [\u2026]<\/p>","protected":false},"author":1,"featured_media":0,"parent":0,"menu_order":0,"comment_status":"closed","ping_status":"closed","template":"","meta":{"footnotes":""},"class_list":["post-684","page","type-page","status-publish"],"_links":{"self":[{"href":"https:\/\/portaldiadia.com\/fr\/wp-json\/wp\/v2\/pages\/684","targetHints":{"allow":["GET"]}}],"collection":[{"href":"https:\/\/portaldiadia.com\/fr\/wp-json\/wp\/v2\/pages"}],"about":[{"href":"https:\/\/portaldiadia.com\/fr\/wp-json\/wp\/v2\/types\/page"}],"author":[{"embeddable":true,"href":"https:\/\/portaldiadia.com\/fr\/wp-json\/wp\/v2\/users\/1"}],"replies":[{"embeddable":true,"href":"https:\/\/portaldiadia.com\/fr\/wp-json\/wp\/v2\/comments?post=684"}],"version-history":[{"count":0,"href":"https:\/\/portaldiadia.com\/fr\/wp-json\/wp\/v2\/pages\/684\/revisions"}],"wp:attachment":[{"href":"https:\/\/portaldiadia.com\/fr\/wp-json\/wp\/v2\/media?parent=684"}],"curies":[{"name":"wp","href":"https:\/\/api.w.org\/{rel}","templated":true}]}}