{"id":676,"date":"2022-07-26T18:41:20","date_gmt":"2022-07-26T18:41:20","guid":{"rendered":"https:\/\/portaldiadia.com\/?page_id=676"},"modified":"2023-06-28T02:35:58","modified_gmt":"2023-06-28T02:35:58","slug":"politique-de-confidentialite","status":"publish","type":"page","link":"https:\/\/portaldiadia.com\/fr\/politique-de-confidentialite\/","title":{"rendered":"politique de confidentialit\u00e9"},"content":{"rendered":"<p>Cette politique de confidentialit\u00e9 \u00e9tablit les conditions dans lesquelles Portal Dia Dia utilise et prot\u00e8ge les informations fournies par ses utilisateurs lors de l&#039;utilisation de son site Web.<\/p>\n<p>Cette soci\u00e9t\u00e9 s&#039;engage sur la s\u00e9curit\u00e9 des donn\u00e9es de ses utilisateurs.<\/p>\n<p>Cependant, cette politique de confidentialit\u00e9 peut changer au fil du temps ou \u00eatre mise \u00e0 jour, c&#039;est pourquoi nous vous recommandons et insistons sur la r\u00e9vision continue de cette page pour vous assurer que vous acceptez de telles modifications.<\/p>\n<h3>Publicit\u00e9 personnalis\u00e9e<\/h3>\n<p>Les utilisateurs peuvent se d\u00e9sinscrire de la publicit\u00e9 personnalis\u00e9e en visitant le <a href=\"https:\/\/adssettings.google.com\/authenticated\">Param\u00e8tres des annonces<\/a>. Alternativement, vous pouvez demander aux utilisateurs d&#039;acc\u00e9der au site <a href=\"https:\/\/optout.aboutads.info\/?c=2&amp;lang=ES\">www.aboutads.info<\/a> pour d\u00e9sactiver l&#039;utilisation de cookies publicitaires personnalis\u00e9s tiers.<\/p>\n<h3>Informations collect\u00e9es<\/h3>\n<p>Notre site Web peut collecter des informations personnelles, telles que\u00a0: nom, coordonn\u00e9es, adresse e-mail et informations d\u00e9mographiques.<\/p>\n<p>De m\u00eame, lorsque cela est n\u00e9cessaire, des informations sp\u00e9cifiques peuvent \u00eatre n\u00e9cessaires au traitement d&#039;une commande.<\/p>\n<h3>Utilisation des informations collect\u00e9es<\/h3>\n<p>Notre site Web utilise les informations pour fournir le meilleur service possible, notamment pour suivre les utilisateurs et am\u00e9liorer nos produits et services.<\/p>\n<p>Portal Dia Dia s&#039;engage fortement \u00e0 remplir son engagement \u00e0 assurer la s\u00e9curit\u00e9 de vos informations. Nous utilisons les syst\u00e8mes les plus avanc\u00e9s et les mettons constamment \u00e0 jour pour garantir qu&#039;il n&#039;y ait aucun acc\u00e8s non autoris\u00e9.<\/p>\n<h3>Cookies<\/h3>\n<p>Les cookies ont \u00e9t\u00e9 invent\u00e9s au milieu des ann\u00e9es 1990 par les Am\u00e9ricains John Giannandrea et Lou Montulli.<\/p>\n<p>Les cookies se pr\u00e9sentent sous la forme de fichiers texte qui sont automatiquement enregistr\u00e9s par le navigateur sur le disque dur lorsqu&#039;un visiteur visite un site Web.<\/p>\n<p>Les cookies sont con\u00e7us pour am\u00e9liorer l&#039;exp\u00e9rience utilisateur, pour permettre aux sites Web de se souvenir de la visite de cette personne.<\/p>\n<p>Les cookies ont donc jou\u00e9 un r\u00f4le important dans le d\u00e9veloppement d\u2019Internet tel que nous le connaissons aujourd\u2019hui.<\/p>\n<p>Les cookies ne sont pas des logiciels malveillants ou des virus. Chaque cookie a une date d&#039;expiration, qui varie en fonction du site Internet.<\/p>\n<p>Vous pouvez accepter ou refuser l&#039;utilisation de cookies, mais la plupart des navigateurs acceptent automatiquement les cookies car ils servent \u00e0 fournir un meilleur service Web.<\/p>\n<p>Vous pouvez \u00e9galement modifier les param\u00e8tres de votre ordinateur pour refuser les cookies. S&#039;ils sont refus\u00e9s, vous ne pourrez peut-\u00eatre pas utiliser certains de nos services.<\/p>\n<h3>Liens vers des tiers<\/h3>\n<p>Ce site Web peut contenir des liens vers d&#039;autres sites Web susceptibles de vous int\u00e9resser. Une fois que vous cliquez sur ces liens et quittez notre page, nous n&#039;avons plus de contr\u00f4le sur le site Web vers lequel vous \u00eates redirig\u00e9 et ne sommes donc pas responsables des conditions de confidentialit\u00e9 ou de la protection de vos donn\u00e9es sur ces autres sites Web tiers.<\/p>\n<p>Ces sites sont soumis \u00e0 leurs propres politiques de confidentialit\u00e9, il vous est donc conseill\u00e9 de les v\u00e9rifier pour confirmer que vous les acceptez.<\/p>","protected":false},"excerpt":{"rendered":"<p>Cette politique de confidentialit\u00e9 d\u00e9finit les conditions dans lesquelles Portal Dia Dia utilise et prot\u00e8ge les informations fournies par ses utilisateurs lors de l&#039;utilisation de son site web. Cette entreprise s&#039;engage \u00e0 assurer la s\u00e9curit\u00e9 des donn\u00e9es de ses utilisateurs. Cependant, cette politique de confidentialit\u00e9 est susceptible d&#039;\u00eatre modifi\u00e9e ou mise \u00e0 jour au fil du temps, notamment [\u2026]<\/p>","protected":false},"author":1,"featured_media":0,"parent":0,"menu_order":0,"comment_status":"closed","ping_status":"closed","template":"","meta":{"footnotes":""},"class_list":["post-676","page","type-page","status-publish"],"_links":{"self":[{"href":"https:\/\/portaldiadia.com\/fr\/wp-json\/wp\/v2\/pages\/676","targetHints":{"allow":["GET"]}}],"collection":[{"href":"https:\/\/portaldiadia.com\/fr\/wp-json\/wp\/v2\/pages"}],"about":[{"href":"https:\/\/portaldiadia.com\/fr\/wp-json\/wp\/v2\/types\/page"}],"author":[{"embeddable":true,"href":"https:\/\/portaldiadia.com\/fr\/wp-json\/wp\/v2\/users\/1"}],"replies":[{"embeddable":true,"href":"https:\/\/portaldiadia.com\/fr\/wp-json\/wp\/v2\/comments?post=676"}],"version-history":[{"count":0,"href":"https:\/\/portaldiadia.com\/fr\/wp-json\/wp\/v2\/pages\/676\/revisions"}],"wp:attachment":[{"href":"https:\/\/portaldiadia.com\/fr\/wp-json\/wp\/v2\/media?parent=676"}],"curies":[{"name":"wp","href":"https:\/\/api.w.org\/{rel}","templated":true}]}}