{"id":885,"date":"2022-10-27T17:50:53","date_gmt":"2022-10-27T17:50:53","guid":{"rendered":"https:\/\/portaldiadia.com\/?page_id=885"},"modified":"2022-10-27T17:50:53","modified_gmt":"2022-10-27T17:50:53","slug":"vastuuvapauslauseke","status":"publish","type":"page","link":"https:\/\/portaldiadia.com\/fi\/vastuuvapauslauseke\/","title":{"rendered":"Vastuuvapauslauseke"},"content":{"rendered":"<p><strong>Huomio:<\/strong> Portaali Dia Dia ei pyyd\u00e4 k\u00e4ytt\u00e4jilt\u00e4\u00e4n rahaa. Siksi, jos selaat sivustoa ja n\u00e4kyviin tulee ikkuna, jossa sinua pyydet\u00e4\u00e4n tekem\u00e4\u00e4n t\u00e4m\u00e4, ilmoita siit\u00e4 meille ja sulje sivusto v\u00e4litt\u00f6m\u00e4sti.<\/p>\n<p><strong>Huomautuksia:<\/strong> Portaali Dia Dia on informatiivinen verkkosivusto, joka haluaa aina tarjota laadukasta sis\u00e4lt\u00f6\u00e4 k\u00e4ytt\u00e4jilleen. Tietojen muuttumisen nopeuden vuoksi jotkut artikkelit voivat kuitenkin olla vanhentuneita.<\/p>\n<p>Vaikka pyrimme pit\u00e4m\u00e4\u00e4n verkkosivustomme ajan tasalla, emme ole vastuussa, jos jokin poikkeaa muista verkkosivustoista.<\/p>\n<p><strong>Yhteisty\u00f6kumppanit:<\/strong> Portaali Dia Dian p\u00e4\u00e4asiallinen tulonl\u00e4hde on mainonta. Mainoskumppanien kautta sivusto ansaitsee osuuden voitoista. On kuitenkin teht\u00e4v\u00e4 selv\u00e4ksi, ett\u00e4 emme ole vastuussa t\u00e4ll\u00e4 sivustolla n\u00e4ytetyist\u00e4 mainoksista.<\/p>\n<p><strong>Huomioitavaa:<\/strong> Jos tarvitset laadukasta tietoa, muista etsi\u00e4 sit\u00e4 varten Portal Dia Dia. Muista kuitenkin j\u00e4lleen, ett\u00e4 artikkeleita ei aina p\u00e4ivitet\u00e4. Siksi, jos tarvitset p\u00e4ivitetty\u00e4 sis\u00e4lt\u00f6\u00e4, etsi virallinen verkkosivusto.<\/p>","protected":false},"excerpt":{"rendered":"<p>Huomio: Portal Dia Dia ei pyyd\u00e4 k\u00e4ytt\u00e4jilt\u00e4\u00e4n rahaa. Jos siis selaat sivustoa ja sinua pyydet\u00e4\u00e4n tekem\u00e4\u00e4n niin, ilmoita siit\u00e4 meille ja sulje sivusto v\u00e4litt\u00f6m\u00e4sti. Huomautuksia: Portal Dia Dia on informatiivinen sivusto, joka haluaa aina tarjota k\u00e4ytt\u00e4jilleen laadukasta sis\u00e4lt\u00f6\u00e4. Kuitenkin [\u2026]<\/p>","protected":false},"author":1,"featured_media":0,"parent":0,"menu_order":0,"comment_status":"closed","ping_status":"closed","template":"","meta":{"footnotes":""},"class_list":["post-885","page","type-page","status-publish"],"_links":{"self":[{"href":"https:\/\/portaldiadia.com\/fi\/wp-json\/wp\/v2\/pages\/885","targetHints":{"allow":["GET"]}}],"collection":[{"href":"https:\/\/portaldiadia.com\/fi\/wp-json\/wp\/v2\/pages"}],"about":[{"href":"https:\/\/portaldiadia.com\/fi\/wp-json\/wp\/v2\/types\/page"}],"author":[{"embeddable":true,"href":"https:\/\/portaldiadia.com\/fi\/wp-json\/wp\/v2\/users\/1"}],"replies":[{"embeddable":true,"href":"https:\/\/portaldiadia.com\/fi\/wp-json\/wp\/v2\/comments?post=885"}],"version-history":[{"count":0,"href":"https:\/\/portaldiadia.com\/fi\/wp-json\/wp\/v2\/pages\/885\/revisions"}],"wp:attachment":[{"href":"https:\/\/portaldiadia.com\/fi\/wp-json\/wp\/v2\/media?parent=885"}],"curies":[{"name":"wp","href":"https:\/\/api.w.org\/{rel}","templated":true}]}}