{"id":687,"date":"2022-07-26T19:04:11","date_gmt":"2022-07-26T19:04:11","guid":{"rendered":"https:\/\/portaldiadia.com\/?page_id=687"},"modified":"2022-10-27T15:24:45","modified_gmt":"2022-10-27T15:24:45","slug":"keita-me-olemme","status":"publish","type":"page","link":"https:\/\/portaldiadia.com\/fi\/keita-me-olemme\/","title":{"rendered":"Keit\u00e4 olemme"},"content":{"rendered":"<p>Olemme Portal Dia Dia ja keskitymme tuomaan sinulle laadukasta sis\u00e4lt\u00f6\u00e4! Missiomme on tuoda tietoa kaikkialle maailmaan hy\u00f6dynt\u00e4m\u00e4ll\u00e4 teknologiaa hyvin.<\/p>\n<p>Tiimimme koostuu kirjoittajista, joilla on syv\u00e4llinen tiet\u00e4mys verkkosivustollamme olevista aiheista ja luokista.<\/p>\n<p>Siksi verkkosivujamme seuraamalla voit hankkia tietoa eri puolilta sek\u00e4 kansallisesti ett\u00e4 maailmanlaajuisesti.<\/p>","protected":false},"excerpt":{"rendered":"<p>Olemme Portal Dia Dia ja keskitymme tarjoamaan sinulle laadukasta sis\u00e4lt\u00f6\u00e4! Missiomme on tuoda tietoa kaikkialle maailmaan hy\u00f6dynt\u00e4m\u00e4ll\u00e4 teknologiaa. Tiimimme koostuu kirjoittajista, joilla on syv\u00e4llinen tiet\u00e4mys verkkosivustollamme esitellyist\u00e4 aiheista ja kategorioista. Siksi seuraamalla [\u2026]<\/p>","protected":false},"author":1,"featured_media":0,"parent":0,"menu_order":0,"comment_status":"closed","ping_status":"closed","template":"","meta":{"footnotes":""},"class_list":["post-687","page","type-page","status-publish"],"_links":{"self":[{"href":"https:\/\/portaldiadia.com\/fi\/wp-json\/wp\/v2\/pages\/687","targetHints":{"allow":["GET"]}}],"collection":[{"href":"https:\/\/portaldiadia.com\/fi\/wp-json\/wp\/v2\/pages"}],"about":[{"href":"https:\/\/portaldiadia.com\/fi\/wp-json\/wp\/v2\/types\/page"}],"author":[{"embeddable":true,"href":"https:\/\/portaldiadia.com\/fi\/wp-json\/wp\/v2\/users\/1"}],"replies":[{"embeddable":true,"href":"https:\/\/portaldiadia.com\/fi\/wp-json\/wp\/v2\/comments?post=687"}],"version-history":[{"count":0,"href":"https:\/\/portaldiadia.com\/fi\/wp-json\/wp\/v2\/pages\/687\/revisions"}],"wp:attachment":[{"href":"https:\/\/portaldiadia.com\/fi\/wp-json\/wp\/v2\/media?parent=687"}],"curies":[{"name":"wp","href":"https:\/\/api.w.org\/{rel}","templated":true}]}}