{"id":676,"date":"2022-07-26T18:41:20","date_gmt":"2022-07-26T18:41:20","guid":{"rendered":"https:\/\/portaldiadia.com\/?page_id=676"},"modified":"2023-06-28T02:35:58","modified_gmt":"2023-06-28T02:35:58","slug":"tietosuojakaytanto","status":"publish","type":"page","link":"https:\/\/portaldiadia.com\/fi\/tietosuojakaytanto\/","title":{"rendered":"Tietosuojak\u00e4yt\u00e4nt\u00f6"},"content":{"rendered":"<p>T\u00e4m\u00e4 tietosuojak\u00e4yt\u00e4nt\u00f6 m\u00e4\u00e4ritt\u00e4\u00e4 ehdot, joiden mukaisesti Portal Dia Dia k\u00e4ytt\u00e4\u00e4 ja suojaa k\u00e4ytt\u00e4jiens\u00e4 verkkosivustoaan k\u00e4ytt\u00e4ess\u00e4\u00e4n antamia tietoja.<\/p>\n<p>T\u00e4m\u00e4 yritys on sitoutunut k\u00e4ytt\u00e4jiens\u00e4 tietojen turvallisuuteen.<\/p>\n<p>T\u00e4m\u00e4 tietosuojak\u00e4yt\u00e4nt\u00f6 voi kuitenkin muuttua ajan my\u00f6t\u00e4 tai sit\u00e4 voidaan p\u00e4ivitt\u00e4\u00e4, joten suosittelemme ja painotamme t\u00e4m\u00e4n sivun jatkuvaa tarkistamista varmistaaksesi, ett\u00e4 hyv\u00e4ksyt t\u00e4llaiset muutokset.<\/p>\n<h3>Henkil\u00f6kohtainen mainonta<\/h3>\n<p>K\u00e4ytt\u00e4j\u00e4t voivat kielt\u00e4yty\u00e4 personoidusta mainonnasta k\u00e4ym\u00e4ll\u00e4 osoitteessa <a href=\"https:\/\/adssettings.google.com\/authenticated\">Mainosasetukset<\/a>. Vaihtoehtoisesti voit ohjata k\u00e4ytt\u00e4ji\u00e4 k\u00e4ytt\u00e4m\u00e4\u00e4n verkkosivustoa <a href=\"https:\/\/optout.aboutads.info\/?c=2&amp;lang=ES\">www.aboutads.info<\/a> est\u00e4\u00e4ksesi kolmannen osapuolen personoitujen mainosev\u00e4steiden k\u00e4yt\u00f6n.<\/p>\n<h3>Tiedot, jotka ker\u00e4t\u00e4\u00e4n<\/h3>\n<p>Sivustomme voi ker\u00e4t\u00e4 henkil\u00f6kohtaisia tietoja, kuten: Nimi, yhteystiedot, s\u00e4hk\u00f6postiosoite ja v\u00e4est\u00f6tiedot.<\/p>\n<p>Samoin tilauksen k\u00e4sittelyyn voidaan tarvittaessa tarvita erityisi\u00e4 tietoja.<\/p>\n<h3>Ker\u00e4tyn tiedon k\u00e4ytt\u00f6<\/h3>\n<p>Verkkosivustomme k\u00e4ytt\u00e4\u00e4 tietoja tarjotakseen parasta mahdollista palvelua, erityisesti yll\u00e4pit\u00e4\u00e4ksemme k\u00e4ytt\u00e4j\u00e4rekisteri\u00e4 ja parantaaksemme tuotteitamme ja palveluitamme.<\/p>\n<p>Portaali Dia Dia on eritt\u00e4in sitoutunut t\u00e4ytt\u00e4m\u00e4\u00e4n sitoumuksensa pit\u00e4\u00e4 tietosi turvassa. K\u00e4yt\u00e4mme edistyneimpi\u00e4 j\u00e4rjestelmi\u00e4 ja p\u00e4ivit\u00e4mme niit\u00e4 jatkuvasti varmistaaksemme, ett\u00e4 luvaton k\u00e4ytt\u00f6 ei ole mahdollista.<\/p>\n<h3>Ev\u00e4steet<\/h3>\n<p>Ev\u00e4steet keksiv\u00e4t 1990-luvun puoliv\u00e4liss\u00e4 amerikkalaiset John Giannandrea ja Lou Montulli.<\/p>\n<p>Ev\u00e4steet tulevat tekstitiedostoina, jotka selain tallentaa automaattisesti kiintolevylle, kun vierailija vierailee verkkosivustolla.<\/p>\n<p>Ev\u00e4steet on suunniteltu parantamaan k\u00e4ytt\u00f6kokemusta sallimalla verkkosivustojen muistaa henkil\u00f6n vierailun.<\/p>\n<p>Ev\u00e4steill\u00e4 oli siksi t\u00e4rke\u00e4 rooli Internetin kehityksess\u00e4 sellaisena kuin me sen nyky\u00e4\u00e4n tunnemme.<\/p>\n<p>Ev\u00e4steet eiv\u00e4t ole haittaohjelmia tai viruksia. Jokaisella ev\u00e4steell\u00e4 on viimeinen voimassaolop\u00e4iv\u00e4, joka vaihtelee verkkosivustoittain.<\/p>\n<p>Voit hyv\u00e4ksy\u00e4 tai kielt\u00e4\u00e4 ev\u00e4steiden k\u00e4yt\u00f6n, mutta useimmat selaimet hyv\u00e4ksyv\u00e4t ev\u00e4steet automaattisesti, koska ne tarjoavat paremman verkkopalvelun.<\/p>\n<p>Voit my\u00f6s muuttaa tietokoneesi asetuksia kielt\u00e4m\u00e4\u00e4n ev\u00e4steet. Jos ne hyl\u00e4t\u00e4\u00e4n, et ehk\u00e4 voi k\u00e4ytt\u00e4\u00e4 kaikkia palveluitamme.<\/p>\n<h3>Kolmannen osapuolen linkit<\/h3>\n<p>T\u00e4m\u00e4 verkkosivusto saattaa sis\u00e4lt\u00e4\u00e4 linkkej\u00e4 muille sivustoille, jotka saattavat kiinnostaa sinua. Kun napsautat n\u00e4it\u00e4 linkkej\u00e4 ja poistut verkkosivustoltamme, emme voi en\u00e4\u00e4 valvoa verkkosivustoa, jolle sinut ohjataan, ja siksi emme ole vastuussa n\u00e4iden muiden kolmansien osapuolten verkkosivustojen ehdoista tai yksityisyydest\u00e4 tai tietojesi suojasta.<\/p>\n<p>N\u00e4ihin sivustoihin sovelletaan omia tietosuojak\u00e4yt\u00e4nt\u00f6j\u00e4\u00e4n, joten on suositeltavaa tarkistaa ne vahvistaaksesi, ett\u00e4 hyv\u00e4ksyt ne.<\/p>","protected":false},"excerpt":{"rendered":"<p>T\u00e4m\u00e4 tietosuojak\u00e4yt\u00e4nt\u00f6 m\u00e4\u00e4rittelee ehdot, joiden mukaisesti Portal Dia Dia k\u00e4ytt\u00e4\u00e4 ja suojaa k\u00e4ytt\u00e4jiens\u00e4 verkkosivustoaan k\u00e4ytt\u00e4ess\u00e4\u00e4n antamia tietoja. T\u00e4m\u00e4 yritys on sitoutunut k\u00e4ytt\u00e4jiens\u00e4 tietojen turvallisuuteen. T\u00e4t\u00e4 tietosuojak\u00e4yt\u00e4nt\u00f6\u00e4 voidaan kuitenkin muuttaa tai p\u00e4ivitt\u00e4\u00e4 ajan my\u00f6t\u00e4 [\u2026]<\/p>","protected":false},"author":1,"featured_media":0,"parent":0,"menu_order":0,"comment_status":"closed","ping_status":"closed","template":"","meta":{"footnotes":""},"class_list":["post-676","page","type-page","status-publish"],"_links":{"self":[{"href":"https:\/\/portaldiadia.com\/fi\/wp-json\/wp\/v2\/pages\/676","targetHints":{"allow":["GET"]}}],"collection":[{"href":"https:\/\/portaldiadia.com\/fi\/wp-json\/wp\/v2\/pages"}],"about":[{"href":"https:\/\/portaldiadia.com\/fi\/wp-json\/wp\/v2\/types\/page"}],"author":[{"embeddable":true,"href":"https:\/\/portaldiadia.com\/fi\/wp-json\/wp\/v2\/users\/1"}],"replies":[{"embeddable":true,"href":"https:\/\/portaldiadia.com\/fi\/wp-json\/wp\/v2\/comments?post=676"}],"version-history":[{"count":0,"href":"https:\/\/portaldiadia.com\/fi\/wp-json\/wp\/v2\/pages\/676\/revisions"}],"wp:attachment":[{"href":"https:\/\/portaldiadia.com\/fi\/wp-json\/wp\/v2\/media?parent=676"}],"curies":[{"name":"wp","href":"https:\/\/api.w.org\/{rel}","templated":true}]}}