{"id":885,"date":"2022-10-27T17:50:53","date_gmt":"2022-10-27T17:50:53","guid":{"rendered":"https:\/\/portaldiadia.com\/?page_id=885"},"modified":"2022-10-27T17:50:53","modified_gmt":"2022-10-27T17:50:53","slug":"descargo-de-responsabilidad","status":"publish","type":"page","link":"https:\/\/portaldiadia.com\/es\/descargo-de-responsabilidad\/","title":{"rendered":"Descargo de responsabilidad"},"content":{"rendered":"<p><strong>Atenci\u00f3n:<\/strong> El Portal Dia Dia no solicita dinero a sus usuarios. Por lo tanto, si est\u00e1 navegando por el sitio y aparece una ventana pidi\u00e9ndole que lo haga, h\u00e1ganoslo saber y cierre el sitio inmediatamente.<\/p>\n<p><strong>Comentarios:<\/strong> Portal Dia Dia es un sitio web informativo que siempre quiere brindar contenido de calidad a sus usuarios. Sin embargo, con la velocidad a la que cambia la informaci\u00f3n, algunos art\u00edculos pueden estar desactualizados.<\/p>\n<p>Aunque nos esforzamos por mantener nuestro sitio siempre actualizado, no somos responsables si algo difiere de otros sitios.<\/p>\n<p><strong>Socios:<\/strong> La principal fuente de ingresos de Portal Dia Dia es a trav\u00e9s de la publicidad. A trav\u00e9s de socios publicitarios, el sitio obtiene una parte de las ganancias. Sin embargo, debe quedar claro que no somos responsables de los anuncios que se muestran en este sitio.<\/p>\n<p><strong>Consideraciones:<\/strong> Si necesitas informaci\u00f3n de calidad, no dejes de buscar el Portal Dia Dia para eso. Sin embargo, tenga en cuenta, nuevamente, que los art\u00edculos no siempre est\u00e1n actualizados. Por lo tanto, si necesita contenido actualizado, busque el sitio web oficial.<\/p>","protected":false},"excerpt":{"rendered":"<p>Atenci\u00f3n: Portal Dia Dia no solicita dinero a sus usuarios. Por lo tanto, si est\u00e1 navegando por el sitio y aparece una ventana solicit\u00e1ndole que lo haga, av\u00edsenos y cierre el sitio inmediatamente. Nota: Portal Dia Dia es un sitio informativo que siempre busca ofrecer contenido de calidad a sus usuarios. Sin embargo, con [\u2026]<\/p>","protected":false},"author":1,"featured_media":0,"parent":0,"menu_order":0,"comment_status":"closed","ping_status":"closed","template":"","meta":{"footnotes":""},"class_list":["post-885","page","type-page","status-publish"],"_links":{"self":[{"href":"https:\/\/portaldiadia.com\/es\/wp-json\/wp\/v2\/pages\/885","targetHints":{"allow":["GET"]}}],"collection":[{"href":"https:\/\/portaldiadia.com\/es\/wp-json\/wp\/v2\/pages"}],"about":[{"href":"https:\/\/portaldiadia.com\/es\/wp-json\/wp\/v2\/types\/page"}],"author":[{"embeddable":true,"href":"https:\/\/portaldiadia.com\/es\/wp-json\/wp\/v2\/users\/1"}],"replies":[{"embeddable":true,"href":"https:\/\/portaldiadia.com\/es\/wp-json\/wp\/v2\/comments?post=885"}],"version-history":[{"count":0,"href":"https:\/\/portaldiadia.com\/es\/wp-json\/wp\/v2\/pages\/885\/revisions"}],"wp:attachment":[{"href":"https:\/\/portaldiadia.com\/es\/wp-json\/wp\/v2\/media?parent=885"}],"curies":[{"name":"gracias","href":"https:\/\/api.w.org\/{rel}","templated":true}]}}